{"id":894,"date":"2021-01-03T12:55:49","date_gmt":"2021-01-03T11:55:49","guid":{"rendered":"https:\/\/shopium.eu\/ba\/?post_type=product&#038;p=894"},"modified":"2021-01-05T13:11:43","modified_gmt":"2021-01-05T12:11:43","slug":"conversionhead","status":"publish","type":"product","link":"https:\/\/non-stopshop.eu\/ba\/proizvod\/conversionhead\/","title":{"rendered":"Nastavak za bu\u0161ilice &#8211; ConversionHead"},"content":{"rendered":"","protected":false},"excerpt":{"rendered":"<ul>\n<li>Ovaj adapter elektri\u010dne pile zamijeni\u0107e elektri\u010dnu bu\u0161ilicu u elektri\u010dnu pilu koja \u0107e biti dealana za sje\u010du drveta i metala.<\/li>\n<li>Adapter za bu\u0161ilicu je izra\u0111en od visokokvalitetnog materijala, visoke trajnosti i visoke efikasnosti u cilju u\u0161tede vremena i truda.<\/li>\n<li>Pru\u017ei\u0107e vam sigurnost pilanja uz efikasno pobolj\u0161anje efikasnosti\u00a0 va\u0161eg rada, pogodno je i sigurno za svakodnevno kori\u0161tenje u doma\u0107instvu.<\/li>\n<\/ul>\n","protected":false},"featured_media":890,"comment_status":"closed","ping_status":"closed","template":"","meta":{"inline_featured_image":false},"product_brand":[],"product_cat":[15],"product_tag":[],"class_list":{"0":"post-894","1":"product","2":"type-product","3":"status-publish","4":"has-post-thumbnail","6":"product_cat-uncategorized","8":"first","9":"instock","10":"sale","11":"shipping-taxable","12":"purchasable","13":"product-type-simple"},"acf":[],"_links":{"self":[{"href":"https:\/\/non-stopshop.eu\/ba\/wp-json\/wp\/v2\/product\/894","targetHints":{"allow":["GET"]}}],"collection":[{"href":"https:\/\/non-stopshop.eu\/ba\/wp-json\/wp\/v2\/product"}],"about":[{"href":"https:\/\/non-stopshop.eu\/ba\/wp-json\/wp\/v2\/types\/product"}],"replies":[{"embeddable":true,"href":"https:\/\/non-stopshop.eu\/ba\/wp-json\/wp\/v2\/comments?post=894"}],"wp:featuredmedia":[{"embeddable":true,"href":"https:\/\/non-stopshop.eu\/ba\/wp-json\/wp\/v2\/media\/890"}],"wp:attachment":[{"href":"https:\/\/non-stopshop.eu\/ba\/wp-json\/wp\/v2\/media?parent=894"}],"wp:term":[{"taxonomy":"product_brand","embeddable":true,"href":"https:\/\/non-stopshop.eu\/ba\/wp-json\/wp\/v2\/product_brand?post=894"},{"taxonomy":"product_cat","embeddable":true,"href":"https:\/\/non-stopshop.eu\/ba\/wp-json\/wp\/v2\/product_cat?post=894"},{"taxonomy":"product_tag","embeddable":true,"href":"https:\/\/non-stopshop.eu\/ba\/wp-json\/wp\/v2\/product_tag?post=894"}],"curies":[{"name":"wp","href":"https:\/\/api.w.org\/{rel}","templated":true}]}}