{"id":9487,"date":"2022-10-14T08:15:41","date_gmt":"2022-10-14T06:15:41","guid":{"rendered":"https:\/\/non-stopshop.eu\/ba\/?post_type=product&#038;p=9487"},"modified":"2023-11-19T12:29:28","modified_gmt":"2023-11-19T11:29:28","slug":"4-u-1-rucni-elektricni-set-za-rezanje-povrca","status":"publish","type":"product","link":"https:\/\/non-stopshop.eu\/ba\/proizvod\/4-u-1-rucni-elektricni-set-za-rezanje-povrca\/","title":{"rendered":"4 u 1 ru\u010dni elektri\u010dni set za rezanje povr\u0107a"},"content":{"rendered":"","protected":false},"excerpt":{"rendered":"<p>Multifunkcionalni 4 u 1 set za rezanje vo\u0107a , povr\u0107a, elektri\u010dna \u010detka ili ma\u0161ina za mljevenje mesa. Sa samo jednim proizvodom mo\u017eete da radite na vi\u0161e razli\u010ditih na\u010dina.<\/p>\n","protected":false},"featured_media":9499,"comment_status":"closed","ping_status":"closed","template":"","meta":{"inline_featured_image":false},"product_brand":[],"product_cat":[15,27,36,35],"product_tag":[],"class_list":{"0":"post-9487","1":"product","2":"type-product","3":"status-publish","4":"has-post-thumbnail","6":"product_cat-uncategorized","7":"product_cat-home","8":"product_cat-seasonal-discounts","9":"product_cat-fun","11":"first","12":"instock","13":"sale","14":"shipping-taxable","15":"purchasable","16":"product-type-simple"},"acf":[],"_links":{"self":[{"href":"https:\/\/non-stopshop.eu\/ba\/wp-json\/wp\/v2\/product\/9487","targetHints":{"allow":["GET"]}}],"collection":[{"href":"https:\/\/non-stopshop.eu\/ba\/wp-json\/wp\/v2\/product"}],"about":[{"href":"https:\/\/non-stopshop.eu\/ba\/wp-json\/wp\/v2\/types\/product"}],"replies":[{"embeddable":true,"href":"https:\/\/non-stopshop.eu\/ba\/wp-json\/wp\/v2\/comments?post=9487"}],"wp:featuredmedia":[{"embeddable":true,"href":"https:\/\/non-stopshop.eu\/ba\/wp-json\/wp\/v2\/media\/9499"}],"wp:attachment":[{"href":"https:\/\/non-stopshop.eu\/ba\/wp-json\/wp\/v2\/media?parent=9487"}],"wp:term":[{"taxonomy":"product_brand","embeddable":true,"href":"https:\/\/non-stopshop.eu\/ba\/wp-json\/wp\/v2\/product_brand?post=9487"},{"taxonomy":"product_cat","embeddable":true,"href":"https:\/\/non-stopshop.eu\/ba\/wp-json\/wp\/v2\/product_cat?post=9487"},{"taxonomy":"product_tag","embeddable":true,"href":"https:\/\/non-stopshop.eu\/ba\/wp-json\/wp\/v2\/product_tag?post=9487"}],"curies":[{"name":"wp","href":"https:\/\/api.w.org\/{rel}","templated":true}]}}