{"id":952,"date":"2021-01-03T13:38:35","date_gmt":"2021-01-03T12:38:35","guid":{"rendered":"https:\/\/shopium.eu\/ba\/?post_type=product&#038;p=952"},"modified":"2021-03-08T08:59:11","modified_gmt":"2021-03-08T07:59:11","slug":"strechingbelt","status":"publish","type":"product","link":"https:\/\/non-stopshop.eu\/ba\/proizvod\/strechingbelt\/","title":{"rendered":"Pojas za istezanje &#8211; StrechingBelt"},"content":{"rendered":"","protected":false},"excerpt":{"rendered":"<ul>\n<li>Remen za istezanje pru\u017ea dodatnu stabilnost tokom nenadanih istezanja i poza, spre\u010dava povrede i olak\u0161ava postepeno i nje\u017eno istezanje koje \u0161titi va\u0161e mi\u0161i\u0107e i \u010dine vas sve fleksibilnim svakim danom.<\/li>\n<li>Jedinstvena pomo\u0107 u lije\u010denju plantarskog fasciitisa, ahilova tendinitisa, mamuza peta, teleta, bedra, kuka, niskih le\u0111a i povreda, pa \u010dak i za korisnike sa ograni\u010denim rasponom kretanja.<\/li>\n<li>Remen za istezanje je vrhunski proizvod za sve sportiste koji znaju koliko je bitan proces istezanja mi\u0161i\u0107a i zglobova i prije i poslije treninga.<\/li>\n<\/ul>\n","protected":false},"featured_media":934,"comment_status":"closed","ping_status":"closed","template":"","meta":{"inline_featured_image":false},"product_brand":[],"product_cat":[15],"product_tag":[],"class_list":{"0":"post-952","1":"product","2":"type-product","3":"status-publish","4":"has-post-thumbnail","6":"product_cat-uncategorized","8":"first","9":"instock","10":"sale","11":"shipping-taxable","12":"purchasable","13":"product-type-simple"},"acf":[],"_links":{"self":[{"href":"https:\/\/non-stopshop.eu\/ba\/wp-json\/wp\/v2\/product\/952","targetHints":{"allow":["GET"]}}],"collection":[{"href":"https:\/\/non-stopshop.eu\/ba\/wp-json\/wp\/v2\/product"}],"about":[{"href":"https:\/\/non-stopshop.eu\/ba\/wp-json\/wp\/v2\/types\/product"}],"replies":[{"embeddable":true,"href":"https:\/\/non-stopshop.eu\/ba\/wp-json\/wp\/v2\/comments?post=952"}],"wp:featuredmedia":[{"embeddable":true,"href":"https:\/\/non-stopshop.eu\/ba\/wp-json\/wp\/v2\/media\/934"}],"wp:attachment":[{"href":"https:\/\/non-stopshop.eu\/ba\/wp-json\/wp\/v2\/media?parent=952"}],"wp:term":[{"taxonomy":"product_brand","embeddable":true,"href":"https:\/\/non-stopshop.eu\/ba\/wp-json\/wp\/v2\/product_brand?post=952"},{"taxonomy":"product_cat","embeddable":true,"href":"https:\/\/non-stopshop.eu\/ba\/wp-json\/wp\/v2\/product_cat?post=952"},{"taxonomy":"product_tag","embeddable":true,"href":"https:\/\/non-stopshop.eu\/ba\/wp-json\/wp\/v2\/product_tag?post=952"}],"curies":[{"name":"wp","href":"https:\/\/api.w.org\/{rel}","templated":true}]}}