{"id":953,"date":"2021-01-03T13:50:29","date_gmt":"2021-01-03T12:50:29","guid":{"rendered":"https:\/\/shopium.eu\/ba\/?post_type=product&#038;p=953"},"modified":"2021-01-05T13:10:30","modified_gmt":"2021-01-05T12:10:30","slug":"hangingabstraps","status":"publish","type":"product","link":"https:\/\/non-stopshop.eu\/ba\/proizvod\/hangingabstraps\/","title":{"rendered":"Set za vje\u017ebanje trbu\u0161njaka &#8211; HangingAbStraps"},"content":{"rendered":"","protected":false},"excerpt":{"rendered":"<ul>\n<li>Ovaj set vam je dovoljan za potpuno treniranje trbu\u0161nih mi\u0161i\u0107a apsolutno jednostavno iz topline va\u0161eg doma i bez tro\u0161enja novca na teretane.<\/li>\n<li>Uz pomo\u0107 ovog seta, bi\u0107ete u mogu\u0107nosti da vje\u017ebate i donje i gornje trbu\u0161ne mi\u0161i\u0107e tako \u0161to \u0107ete raditi razli\u010dite vrste vje\u017ebi.<\/li>\n<li>Pri izvo\u0111enju vje\u017ebe, ova spravica je pametno osmi\u0161ljena da pru\u017ea savr\u0161enu potporu va\u0161im rukama bez dodatnog optere\u0107enja na iste, tako da\u00a0 je svo optere\u0107enje na trbu\u0161noj muskulaturi.<\/li>\n<\/ul>\n","protected":false},"featured_media":945,"comment_status":"closed","ping_status":"closed","template":"","meta":{"inline_featured_image":false},"product_brand":[],"product_cat":[15],"product_tag":[],"class_list":{"0":"post-953","1":"product","2":"type-product","3":"status-publish","4":"has-post-thumbnail","6":"product_cat-uncategorized","8":"first","9":"instock","10":"sale","11":"shipping-taxable","12":"purchasable","13":"product-type-simple"},"acf":[],"_links":{"self":[{"href":"https:\/\/non-stopshop.eu\/ba\/wp-json\/wp\/v2\/product\/953","targetHints":{"allow":["GET"]}}],"collection":[{"href":"https:\/\/non-stopshop.eu\/ba\/wp-json\/wp\/v2\/product"}],"about":[{"href":"https:\/\/non-stopshop.eu\/ba\/wp-json\/wp\/v2\/types\/product"}],"replies":[{"embeddable":true,"href":"https:\/\/non-stopshop.eu\/ba\/wp-json\/wp\/v2\/comments?post=953"}],"wp:featuredmedia":[{"embeddable":true,"href":"https:\/\/non-stopshop.eu\/ba\/wp-json\/wp\/v2\/media\/945"}],"wp:attachment":[{"href":"https:\/\/non-stopshop.eu\/ba\/wp-json\/wp\/v2\/media?parent=953"}],"wp:term":[{"taxonomy":"product_brand","embeddable":true,"href":"https:\/\/non-stopshop.eu\/ba\/wp-json\/wp\/v2\/product_brand?post=953"},{"taxonomy":"product_cat","embeddable":true,"href":"https:\/\/non-stopshop.eu\/ba\/wp-json\/wp\/v2\/product_cat?post=953"},{"taxonomy":"product_tag","embeddable":true,"href":"https:\/\/non-stopshop.eu\/ba\/wp-json\/wp\/v2\/product_tag?post=953"}],"curies":[{"name":"wp","href":"https:\/\/api.w.org\/{rel}","templated":true}]}}