{"id":954,"date":"2021-01-03T13:55:31","date_gmt":"2021-01-03T12:55:31","guid":{"rendered":"https:\/\/shopium.eu\/ba\/?post_type=product&#038;p=954"},"modified":"2021-01-05T13:10:16","modified_gmt":"2021-01-05T12:10:16","slug":"handtrainer","status":"publish","type":"product","link":"https:\/\/non-stopshop.eu\/ba\/proizvod\/handtrainer\/","title":{"rendered":"Set za vje\u017ebanje mi\u0161i\u0107a ruku &#8211; HandTrainer"},"content":{"rendered":"","protected":false},"excerpt":{"rendered":"<ul>\n<li>Set za vje\u017ebanje je idealan za sportiste i pripreme za sportove kao \u0161to je npr. penjanje, borila\u010dki sportovi,\u00a0 rukomet\u00a0 i sl. kada usljed vje\u017ebanja ja\u010date komplet mi\u0161i\u0107e ruke i prstiju i pobolj\u0161avate ja\u010dinu stiska.<\/li>\n<li>Spravica je pametno osmi\u0161ljena tako da posjeduje funkciju brojanja pokreta koju aktivirate samo pritiskom na dugme i mehani\u010dko brojanje po\u010dinje.<\/li>\n<li>Svakodnevna obuka sa ovim setom poma\u017ee u oporavku povreda ruku, reumatoidnog artritisa, artritisa, karpalnih tunela, tendinitisa, fraktura, preloma zglobova i operacije tetive.<\/li>\n<\/ul>\n","protected":false},"featured_media":922,"comment_status":"closed","ping_status":"closed","template":"","meta":{"inline_featured_image":false},"product_brand":[],"product_cat":[15],"product_tag":[],"class_list":{"0":"post-954","1":"product","2":"type-product","3":"status-publish","4":"has-post-thumbnail","6":"product_cat-uncategorized","8":"first","9":"instock","10":"sale","11":"shipping-taxable","12":"purchasable","13":"product-type-simple"},"acf":[],"_links":{"self":[{"href":"https:\/\/non-stopshop.eu\/ba\/wp-json\/wp\/v2\/product\/954","targetHints":{"allow":["GET"]}}],"collection":[{"href":"https:\/\/non-stopshop.eu\/ba\/wp-json\/wp\/v2\/product"}],"about":[{"href":"https:\/\/non-stopshop.eu\/ba\/wp-json\/wp\/v2\/types\/product"}],"replies":[{"embeddable":true,"href":"https:\/\/non-stopshop.eu\/ba\/wp-json\/wp\/v2\/comments?post=954"}],"wp:featuredmedia":[{"embeddable":true,"href":"https:\/\/non-stopshop.eu\/ba\/wp-json\/wp\/v2\/media\/922"}],"wp:attachment":[{"href":"https:\/\/non-stopshop.eu\/ba\/wp-json\/wp\/v2\/media?parent=954"}],"wp:term":[{"taxonomy":"product_brand","embeddable":true,"href":"https:\/\/non-stopshop.eu\/ba\/wp-json\/wp\/v2\/product_brand?post=954"},{"taxonomy":"product_cat","embeddable":true,"href":"https:\/\/non-stopshop.eu\/ba\/wp-json\/wp\/v2\/product_cat?post=954"},{"taxonomy":"product_tag","embeddable":true,"href":"https:\/\/non-stopshop.eu\/ba\/wp-json\/wp\/v2\/product_tag?post=954"}],"curies":[{"name":"wp","href":"https:\/\/api.w.org\/{rel}","templated":true}]}}