{"id":9540,"date":"2022-10-14T12:07:33","date_gmt":"2022-10-14T10:07:33","guid":{"rendered":"https:\/\/non-stopshop.eu\/ba\/?post_type=product&#038;p=9540"},"modified":"2024-01-11T13:07:02","modified_gmt":"2024-01-11T12:07:02","slug":"magicne-radne-sveske-za-djecu","status":"publish","type":"product","link":"https:\/\/non-stopshop.eu\/ba\/proizvod\/magicne-radne-sveske-za-djecu\/","title":{"rendered":"Magi\u010dne radne sveske za djecu"},"content":{"rendered":"","protected":false},"excerpt":{"rendered":"<p>Omogu\u0107ite va\u0161oj djeci usavr\u0161avanje pokreta i oblika, crtanja i pisanja uz ovu zabavnu radnu svesku. Pripremite dijete za \u0161kolu i olak\u0161ajte mu po\u010detak. Neka djeca razviju svoju preciznost uz ovu edukativnu radnu svesku.<\/p>\n","protected":false},"featured_media":9546,"comment_status":"closed","ping_status":"closed","template":"","meta":{"inline_featured_image":false},"product_brand":[],"product_cat":[15,36,35],"product_tag":[],"class_list":{"0":"post-9540","1":"product","2":"type-product","3":"status-publish","4":"has-post-thumbnail","6":"product_cat-uncategorized","7":"product_cat-seasonal-discounts","8":"product_cat-fun","10":"first","11":"instock","12":"sale","13":"shipping-taxable","14":"purchasable","15":"product-type-simple"},"acf":[],"_links":{"self":[{"href":"https:\/\/non-stopshop.eu\/ba\/wp-json\/wp\/v2\/product\/9540","targetHints":{"allow":["GET"]}}],"collection":[{"href":"https:\/\/non-stopshop.eu\/ba\/wp-json\/wp\/v2\/product"}],"about":[{"href":"https:\/\/non-stopshop.eu\/ba\/wp-json\/wp\/v2\/types\/product"}],"replies":[{"embeddable":true,"href":"https:\/\/non-stopshop.eu\/ba\/wp-json\/wp\/v2\/comments?post=9540"}],"wp:featuredmedia":[{"embeddable":true,"href":"https:\/\/non-stopshop.eu\/ba\/wp-json\/wp\/v2\/media\/9546"}],"wp:attachment":[{"href":"https:\/\/non-stopshop.eu\/ba\/wp-json\/wp\/v2\/media?parent=9540"}],"wp:term":[{"taxonomy":"product_brand","embeddable":true,"href":"https:\/\/non-stopshop.eu\/ba\/wp-json\/wp\/v2\/product_brand?post=9540"},{"taxonomy":"product_cat","embeddable":true,"href":"https:\/\/non-stopshop.eu\/ba\/wp-json\/wp\/v2\/product_cat?post=9540"},{"taxonomy":"product_tag","embeddable":true,"href":"https:\/\/non-stopshop.eu\/ba\/wp-json\/wp\/v2\/product_tag?post=9540"}],"curies":[{"name":"wp","href":"https:\/\/api.w.org\/{rel}","templated":true}]}}