{"id":9555,"date":"2022-10-14T12:22:50","date_gmt":"2022-10-14T10:22:50","guid":{"rendered":"https:\/\/non-stopshop.eu\/ba\/?post_type=product&#038;p=9555"},"modified":"2023-01-10T12:53:14","modified_gmt":"2023-01-10T11:53:14","slug":"set-od-3-komada-razigrani-kaskaderski-autic","status":"publish","type":"product","link":"https:\/\/non-stopshop.eu\/ba\/proizvod\/set-od-3-komada-razigrani-kaskaderski-autic\/","title":{"rendered":"Set od 3 komada &#8211; Razigrani kaskaderski auti\u0107"},"content":{"rendered":"","protected":false},"excerpt":{"rendered":"<p>Fenomenalni kaskaderski auti\u0107i odli\u010dna su zabava za djecu svih uzrasta! Interesantna igra koja pravi \u010duda, te va\u0161oj djeci elektri\u010dne ure\u0111aje \u010dini nezanimljivim.<\/p>\n","protected":false},"featured_media":9573,"comment_status":"closed","ping_status":"closed","template":"","meta":{"inline_featured_image":false},"product_brand":[],"product_cat":[15,36,35],"product_tag":[],"class_list":{"0":"post-9555","1":"product","2":"type-product","3":"status-publish","4":"has-post-thumbnail","6":"product_cat-uncategorized","7":"product_cat-seasonal-discounts","8":"product_cat-fun","10":"first","11":"instock","12":"sale","13":"shipping-taxable","14":"purchasable","15":"product-type-simple"},"acf":[],"_links":{"self":[{"href":"https:\/\/non-stopshop.eu\/ba\/wp-json\/wp\/v2\/product\/9555","targetHints":{"allow":["GET"]}}],"collection":[{"href":"https:\/\/non-stopshop.eu\/ba\/wp-json\/wp\/v2\/product"}],"about":[{"href":"https:\/\/non-stopshop.eu\/ba\/wp-json\/wp\/v2\/types\/product"}],"replies":[{"embeddable":true,"href":"https:\/\/non-stopshop.eu\/ba\/wp-json\/wp\/v2\/comments?post=9555"}],"wp:featuredmedia":[{"embeddable":true,"href":"https:\/\/non-stopshop.eu\/ba\/wp-json\/wp\/v2\/media\/9573"}],"wp:attachment":[{"href":"https:\/\/non-stopshop.eu\/ba\/wp-json\/wp\/v2\/media?parent=9555"}],"wp:term":[{"taxonomy":"product_brand","embeddable":true,"href":"https:\/\/non-stopshop.eu\/ba\/wp-json\/wp\/v2\/product_brand?post=9555"},{"taxonomy":"product_cat","embeddable":true,"href":"https:\/\/non-stopshop.eu\/ba\/wp-json\/wp\/v2\/product_cat?post=9555"},{"taxonomy":"product_tag","embeddable":true,"href":"https:\/\/non-stopshop.eu\/ba\/wp-json\/wp\/v2\/product_tag?post=9555"}],"curies":[{"name":"wp","href":"https:\/\/api.w.org\/{rel}","templated":true}]}}