{"id":956,"date":"2021-01-03T14:00:28","date_gmt":"2021-01-03T13:00:28","guid":{"rendered":"https:\/\/shopium.eu\/ba\/?post_type=product&#038;p=956"},"modified":"2021-01-05T13:07:52","modified_gmt":"2021-01-05T12:07:52","slug":"jumprope","status":"publish","type":"product","link":"https:\/\/non-stopshop.eu\/ba\/proizvod\/jumprope\/","title":{"rendered":"Vija\u010da sa broja\u010dem &#8211; JumpRope"},"content":{"rendered":"","protected":false},"excerpt":{"rendered":"<ul>\n<li>Vija\u010da ili konopac za preskakanje je odli\u010dan na\u010din da za kratko vreme potro\u0161ite mnogo kalorija, istovremeno ja\u010daju\u0107i gornji i donji deo tijela, a intenzitet sami birate.<\/li>\n<li>Ova sjajna vija\u010da je pametno osmi\u0161ljena tako da vam pri preskakanju mjeri potro\u0161nju kalorija \u0161to je odli\u010dno za sve one koji \u017eele da skinu vi\u0161ak kilograma.<\/li>\n<li>Svaki trener zna da je preskakanje vija\u010de najbolji i najja\u010di kardio trening izdr\u017eljivosti \u010diji intenzitet se postepeno nadogra\u0111uje.<\/li>\n<\/ul>\n","protected":false},"featured_media":913,"comment_status":"closed","ping_status":"closed","template":"","meta":{"inline_featured_image":false},"product_brand":[],"product_cat":[15],"product_tag":[],"class_list":{"0":"post-956","1":"product","2":"type-product","3":"status-publish","4":"has-post-thumbnail","6":"product_cat-uncategorized","8":"first","9":"instock","10":"sale","11":"shipping-taxable","12":"purchasable","13":"product-type-simple"},"acf":[],"_links":{"self":[{"href":"https:\/\/non-stopshop.eu\/ba\/wp-json\/wp\/v2\/product\/956","targetHints":{"allow":["GET"]}}],"collection":[{"href":"https:\/\/non-stopshop.eu\/ba\/wp-json\/wp\/v2\/product"}],"about":[{"href":"https:\/\/non-stopshop.eu\/ba\/wp-json\/wp\/v2\/types\/product"}],"replies":[{"embeddable":true,"href":"https:\/\/non-stopshop.eu\/ba\/wp-json\/wp\/v2\/comments?post=956"}],"wp:featuredmedia":[{"embeddable":true,"href":"https:\/\/non-stopshop.eu\/ba\/wp-json\/wp\/v2\/media\/913"}],"wp:attachment":[{"href":"https:\/\/non-stopshop.eu\/ba\/wp-json\/wp\/v2\/media?parent=956"}],"wp:term":[{"taxonomy":"product_brand","embeddable":true,"href":"https:\/\/non-stopshop.eu\/ba\/wp-json\/wp\/v2\/product_brand?post=956"},{"taxonomy":"product_cat","embeddable":true,"href":"https:\/\/non-stopshop.eu\/ba\/wp-json\/wp\/v2\/product_cat?post=956"},{"taxonomy":"product_tag","embeddable":true,"href":"https:\/\/non-stopshop.eu\/ba\/wp-json\/wp\/v2\/product_tag?post=956"}],"curies":[{"name":"wp","href":"https:\/\/api.w.org\/{rel}","templated":true}]}}