{"id":9592,"date":"2022-10-14T12:39:55","date_gmt":"2022-10-14T10:39:55","guid":{"rendered":"https:\/\/non-stopshop.eu\/ba\/?post_type=product&#038;p=9592"},"modified":"2023-11-22T09:14:16","modified_gmt":"2023-11-22T08:14:16","slug":"magicni-lcd-tablet-za-crtanje","status":"publish","type":"product","link":"https:\/\/non-stopshop.eu\/ba\/proizvod\/magicni-lcd-tablet-za-crtanje\/","title":{"rendered":"Magi\u010dni LCD tablet za crtanje"},"content":{"rendered":"","protected":false},"excerpt":{"rendered":"<p>Magi\u010dni tablet za crtanje razvi\u0107e kreativnost djece i pritom im pru\u017eiti mnogo zadovoljstva. Ovo je idealno razvojno i edukativno sredstvo za djecu svih uzrasta, u zabavnoj i kreativnoj igrici.<\/p>\n","protected":false},"featured_media":9596,"comment_status":"closed","ping_status":"closed","template":"","meta":{"inline_featured_image":false},"product_brand":[],"product_cat":[15,36,35],"product_tag":[],"class_list":{"0":"post-9592","1":"product","2":"type-product","3":"status-publish","4":"has-post-thumbnail","6":"product_cat-uncategorized","7":"product_cat-seasonal-discounts","8":"product_cat-fun","10":"first","11":"instock","12":"sale","13":"shipping-taxable","14":"purchasable","15":"product-type-simple"},"acf":[],"_links":{"self":[{"href":"https:\/\/non-stopshop.eu\/ba\/wp-json\/wp\/v2\/product\/9592","targetHints":{"allow":["GET"]}}],"collection":[{"href":"https:\/\/non-stopshop.eu\/ba\/wp-json\/wp\/v2\/product"}],"about":[{"href":"https:\/\/non-stopshop.eu\/ba\/wp-json\/wp\/v2\/types\/product"}],"replies":[{"embeddable":true,"href":"https:\/\/non-stopshop.eu\/ba\/wp-json\/wp\/v2\/comments?post=9592"}],"wp:featuredmedia":[{"embeddable":true,"href":"https:\/\/non-stopshop.eu\/ba\/wp-json\/wp\/v2\/media\/9596"}],"wp:attachment":[{"href":"https:\/\/non-stopshop.eu\/ba\/wp-json\/wp\/v2\/media?parent=9592"}],"wp:term":[{"taxonomy":"product_brand","embeddable":true,"href":"https:\/\/non-stopshop.eu\/ba\/wp-json\/wp\/v2\/product_brand?post=9592"},{"taxonomy":"product_cat","embeddable":true,"href":"https:\/\/non-stopshop.eu\/ba\/wp-json\/wp\/v2\/product_cat?post=9592"},{"taxonomy":"product_tag","embeddable":true,"href":"https:\/\/non-stopshop.eu\/ba\/wp-json\/wp\/v2\/product_tag?post=9592"}],"curies":[{"name":"wp","href":"https:\/\/api.w.org\/{rel}","templated":true}]}}