{"id":9608,"date":"2022-10-14T12:51:02","date_gmt":"2022-10-14T10:51:02","guid":{"rendered":"https:\/\/non-stopshop.eu\/ba\/?post_type=product&#038;p=9608"},"modified":"2023-11-22T09:13:59","modified_gmt":"2023-11-22T08:13:59","slug":"sat-sa-autom-na-daljinsko-upravljanje","status":"publish","type":"product","link":"https:\/\/non-stopshop.eu\/ba\/proizvod\/sat-sa-autom-na-daljinsko-upravljanje\/","title":{"rendered":"Sat sa autom na daljinsko upravljanje"},"content":{"rendered":"","protected":false},"excerpt":{"rendered":"<p>Fenomenalna i prakti\u010dna igra\u010dka, izmami\u0107e\u00a0 osmjeh\u00a0 i zabaviti svako dijete u svim situacijama. Prakti\u010dan dizajn omogu\u0107i\u0107e djetetu da uvijek ima uz sebe omiljenu igra\u010dku!<\/p>\n","protected":false},"featured_media":9614,"comment_status":"closed","ping_status":"closed","template":"","meta":{"inline_featured_image":false},"product_brand":[],"product_cat":[15,36,35],"product_tag":[],"class_list":{"0":"post-9608","1":"product","2":"type-product","3":"status-publish","4":"has-post-thumbnail","6":"product_cat-uncategorized","7":"product_cat-seasonal-discounts","8":"product_cat-fun","10":"first","11":"instock","12":"sale","13":"shipping-taxable","14":"purchasable","15":"product-type-simple"},"acf":[],"_links":{"self":[{"href":"https:\/\/non-stopshop.eu\/ba\/wp-json\/wp\/v2\/product\/9608","targetHints":{"allow":["GET"]}}],"collection":[{"href":"https:\/\/non-stopshop.eu\/ba\/wp-json\/wp\/v2\/product"}],"about":[{"href":"https:\/\/non-stopshop.eu\/ba\/wp-json\/wp\/v2\/types\/product"}],"replies":[{"embeddable":true,"href":"https:\/\/non-stopshop.eu\/ba\/wp-json\/wp\/v2\/comments?post=9608"}],"wp:featuredmedia":[{"embeddable":true,"href":"https:\/\/non-stopshop.eu\/ba\/wp-json\/wp\/v2\/media\/9614"}],"wp:attachment":[{"href":"https:\/\/non-stopshop.eu\/ba\/wp-json\/wp\/v2\/media?parent=9608"}],"wp:term":[{"taxonomy":"product_brand","embeddable":true,"href":"https:\/\/non-stopshop.eu\/ba\/wp-json\/wp\/v2\/product_brand?post=9608"},{"taxonomy":"product_cat","embeddable":true,"href":"https:\/\/non-stopshop.eu\/ba\/wp-json\/wp\/v2\/product_cat?post=9608"},{"taxonomy":"product_tag","embeddable":true,"href":"https:\/\/non-stopshop.eu\/ba\/wp-json\/wp\/v2\/product_tag?post=9608"}],"curies":[{"name":"wp","href":"https:\/\/api.w.org\/{rel}","templated":true}]}}