{"id":9610,"date":"2022-10-14T13:09:10","date_gmt":"2022-10-14T11:09:10","guid":{"rendered":"https:\/\/non-stopshop.eu\/ba\/?post_type=product&#038;p=9610"},"modified":"2024-01-11T12:43:33","modified_gmt":"2024-01-11T11:43:33","slug":"pecati-za-ucenje-zbrajanja-i-oduzimanja","status":"publish","type":"product","link":"https:\/\/non-stopshop.eu\/ba\/proizvod\/pecati-za-ucenje-zbrajanja-i-oduzimanja\/","title":{"rendered":"Pe\u010dati za u\u010denje zbrajanja i oduzimanja"},"content":{"rendered":"","protected":false},"excerpt":{"rendered":"<p>Olak\u0161ajte vje\u017ebanje matemati\u010dkih radnji va\u0161oj djeci. Pe\u010dati imaju modele sabiranja , oduzimanja , mno\u017eenja i djeljenja. Uredno i lako pripremite va\u0161u djecu za \u0161kolu.<\/p>\n","protected":false},"featured_media":9619,"comment_status":"closed","ping_status":"closed","template":"","meta":{"inline_featured_image":false},"product_brand":[],"product_cat":[15,36,35],"product_tag":[],"class_list":{"0":"post-9610","1":"product","2":"type-product","3":"status-publish","4":"has-post-thumbnail","6":"product_cat-uncategorized","7":"product_cat-seasonal-discounts","8":"product_cat-fun","10":"first","11":"instock","12":"sale","13":"shipping-taxable","14":"purchasable","15":"product-type-simple"},"acf":[],"_links":{"self":[{"href":"https:\/\/non-stopshop.eu\/ba\/wp-json\/wp\/v2\/product\/9610","targetHints":{"allow":["GET"]}}],"collection":[{"href":"https:\/\/non-stopshop.eu\/ba\/wp-json\/wp\/v2\/product"}],"about":[{"href":"https:\/\/non-stopshop.eu\/ba\/wp-json\/wp\/v2\/types\/product"}],"replies":[{"embeddable":true,"href":"https:\/\/non-stopshop.eu\/ba\/wp-json\/wp\/v2\/comments?post=9610"}],"wp:featuredmedia":[{"embeddable":true,"href":"https:\/\/non-stopshop.eu\/ba\/wp-json\/wp\/v2\/media\/9619"}],"wp:attachment":[{"href":"https:\/\/non-stopshop.eu\/ba\/wp-json\/wp\/v2\/media?parent=9610"}],"wp:term":[{"taxonomy":"product_brand","embeddable":true,"href":"https:\/\/non-stopshop.eu\/ba\/wp-json\/wp\/v2\/product_brand?post=9610"},{"taxonomy":"product_cat","embeddable":true,"href":"https:\/\/non-stopshop.eu\/ba\/wp-json\/wp\/v2\/product_cat?post=9610"},{"taxonomy":"product_tag","embeddable":true,"href":"https:\/\/non-stopshop.eu\/ba\/wp-json\/wp\/v2\/product_tag?post=9610"}],"curies":[{"name":"wp","href":"https:\/\/api.w.org\/{rel}","templated":true}]}}