{"id":9685,"date":"2022-10-14T13:52:11","date_gmt":"2022-10-14T11:52:11","guid":{"rendered":"https:\/\/non-stopshop.eu\/ba\/?post_type=product&#038;p=9685"},"modified":"2024-01-11T12:58:52","modified_gmt":"2024-01-11T11:58:52","slug":"visenamjenski-instant-ljepak","status":"publish","type":"product","link":"https:\/\/non-stopshop.eu\/ba\/proizvod\/visenamjenski-instant-ljepak\/","title":{"rendered":"Vi\u0161enamjenski instant ljepak"},"content":{"rendered":"","protected":false},"excerpt":{"rendered":"<p>Vodootporno vi\u0161enamjensko instant ljepilo koji \u0107e vam u trenutku omogu\u0107iti popravku raznih te\u0161ko prijanjaju\u0107ih povr\u0161ina. Potpuno univerzlano sa efektom stvaranja nevidljive i fleksibilne mase za razli\u010dite vrste materijala.<\/p>\n","protected":false},"featured_media":9687,"comment_status":"closed","ping_status":"closed","template":"","meta":{"inline_featured_image":false},"product_brand":[],"product_cat":[15,25,27,36],"product_tag":[],"class_list":{"0":"post-9685","1":"product","2":"type-product","3":"status-publish","4":"has-post-thumbnail","6":"product_cat-uncategorized","7":"product_cat-car","8":"product_cat-home","9":"product_cat-seasonal-discounts","11":"first","12":"instock","13":"sale","14":"shipping-taxable","15":"purchasable","16":"product-type-simple"},"acf":[],"_links":{"self":[{"href":"https:\/\/non-stopshop.eu\/ba\/wp-json\/wp\/v2\/product\/9685","targetHints":{"allow":["GET"]}}],"collection":[{"href":"https:\/\/non-stopshop.eu\/ba\/wp-json\/wp\/v2\/product"}],"about":[{"href":"https:\/\/non-stopshop.eu\/ba\/wp-json\/wp\/v2\/types\/product"}],"replies":[{"embeddable":true,"href":"https:\/\/non-stopshop.eu\/ba\/wp-json\/wp\/v2\/comments?post=9685"}],"wp:featuredmedia":[{"embeddable":true,"href":"https:\/\/non-stopshop.eu\/ba\/wp-json\/wp\/v2\/media\/9687"}],"wp:attachment":[{"href":"https:\/\/non-stopshop.eu\/ba\/wp-json\/wp\/v2\/media?parent=9685"}],"wp:term":[{"taxonomy":"product_brand","embeddable":true,"href":"https:\/\/non-stopshop.eu\/ba\/wp-json\/wp\/v2\/product_brand?post=9685"},{"taxonomy":"product_cat","embeddable":true,"href":"https:\/\/non-stopshop.eu\/ba\/wp-json\/wp\/v2\/product_cat?post=9685"},{"taxonomy":"product_tag","embeddable":true,"href":"https:\/\/non-stopshop.eu\/ba\/wp-json\/wp\/v2\/product_tag?post=9685"}],"curies":[{"name":"wp","href":"https:\/\/api.w.org\/{rel}","templated":true}]}}