{"id":9719,"date":"2022-10-14T14:20:25","date_gmt":"2022-10-14T12:20:25","guid":{"rendered":"https:\/\/non-stopshop.eu\/ba\/?post_type=product&#038;p=9719"},"modified":"2024-01-11T13:00:53","modified_gmt":"2024-01-11T12:00:53","slug":"gel-za-ciscenje-i-izbjeljivanje-obuce","status":"publish","type":"product","link":"https:\/\/non-stopshop.eu\/ba\/proizvod\/gel-za-ciscenje-i-izbjeljivanje-obuce\/","title":{"rendered":"Gel za \u010di\u0161\u0107enje i izbjeljivanje obu\u0107e"},"content":{"rendered":"","protected":false},"excerpt":{"rendered":"<p>Otklonite ne\u0107isto\u0107e i \u017eute fleke od stajanja sa ovim fenomenalnim gelom za izbjeljivanje i \u010di\u0161\u0107enje!<\/p>\n","protected":false},"featured_media":9723,"comment_status":"closed","ping_status":"closed","template":"","meta":{"inline_featured_image":false},"product_brand":[],"product_cat":[15,27,28,36],"product_tag":[],"class_list":{"0":"post-9719","1":"product","2":"type-product","3":"status-publish","4":"has-post-thumbnail","6":"product_cat-uncategorized","7":"product_cat-home","8":"product_cat-beauty","9":"product_cat-seasonal-discounts","11":"first","12":"instock","13":"sale","14":"shipping-taxable","15":"purchasable","16":"product-type-simple"},"acf":[],"_links":{"self":[{"href":"https:\/\/non-stopshop.eu\/ba\/wp-json\/wp\/v2\/product\/9719","targetHints":{"allow":["GET"]}}],"collection":[{"href":"https:\/\/non-stopshop.eu\/ba\/wp-json\/wp\/v2\/product"}],"about":[{"href":"https:\/\/non-stopshop.eu\/ba\/wp-json\/wp\/v2\/types\/product"}],"replies":[{"embeddable":true,"href":"https:\/\/non-stopshop.eu\/ba\/wp-json\/wp\/v2\/comments?post=9719"}],"wp:featuredmedia":[{"embeddable":true,"href":"https:\/\/non-stopshop.eu\/ba\/wp-json\/wp\/v2\/media\/9723"}],"wp:attachment":[{"href":"https:\/\/non-stopshop.eu\/ba\/wp-json\/wp\/v2\/media?parent=9719"}],"wp:term":[{"taxonomy":"product_brand","embeddable":true,"href":"https:\/\/non-stopshop.eu\/ba\/wp-json\/wp\/v2\/product_brand?post=9719"},{"taxonomy":"product_cat","embeddable":true,"href":"https:\/\/non-stopshop.eu\/ba\/wp-json\/wp\/v2\/product_cat?post=9719"},{"taxonomy":"product_tag","embeddable":true,"href":"https:\/\/non-stopshop.eu\/ba\/wp-json\/wp\/v2\/product_tag?post=9719"}],"curies":[{"name":"wp","href":"https:\/\/api.w.org\/{rel}","templated":true}]}}