{"id":100,"date":"2020-10-28T10:57:15","date_gmt":"2020-10-28T10:57:15","guid":{"rendered":"https:\/\/shopium.eu\/rs\/?page_id=100"},"modified":"2023-04-25T15:13:04","modified_gmt":"2023-04-25T13:13:04","slug":"uslovi-poslovanja","status":"publish","type":"page","link":"https:\/\/non-stopshop.eu\/cz\/uslovi-poslovanja\/","title":{"rendered":"Obecn\u00e9 podm\u00ednky poskytov\u00e1n\u00ed slu\u017eeb"},"content":{"rendered":"<p>V\u0161eobecn\u00e9 obchodn\u00ed podm\u00ednky<\/p>\n<p>NonStopShop.com\/ (d\u00e1le jen \u00a8my\u00a8, \u00a8n\u00e1s\u00a8, \u00a8n\u00e1\u0161\u00a8,\u00a8na\u0161e\u00a8, \u00a8na\u0161\u00ed\u00a8 atd.) je internetov\u00fd obchod ve vlastnictv\u00ed ECTCEU d.o.o. (d\u00e1le jen \u00a8my\u00a8, \u00a8n\u00e1s\u00a8, \u00a8n\u00e1\u0161\u00a8, \u00a8na\u0161e\u00a8, \u00a8na\u0161\u00ed\u00a8atd.), kter\u00fd pracuje v souladu se Z\u00e1konem o elektronick\u00e9m obchodu a v\u0161emi dal\u0161\u00edmi p\u0159\u00edslu\u0161n\u00fdmi z\u00e1kony a p\u0159edpisy v Evropsk\u00e9 unii. Nav\u0161t\u011bvov\u00e1n\u00edm nebo nakupov\u00e1n\u00edm v na\u0161em internetov\u00e9m obchod\u011b p\u0159ij\u00edm\u00e1te podm\u00ednky pou\u017eit\u00ed uveden\u00e9 n\u00ed\u017ee. P\u0159e\u010dt\u011bte si je pozorn\u011b a seznamte se s pravidly, kter\u00e1 uplat\u0148ujeme. Vyhrazujeme si pr\u00e1vo prov\u00e1d\u011bt zm\u011bny a dopln\u011bn\u00ed t\u011bchto Podm\u00ednek pou\u017e\u00edv\u00e1n\u00ed bez p\u0159edchoz\u00edho upozorn\u011bn\u00ed.<\/p>\n<p>Prohl\u00e1\u0161en\u00ed o ochran\u011b osobn\u00edch \u00fadaj\u016f<\/p>\n<p>Jm\u00e9nem na\u0161eho online obchodu se zavazujeme chr\u00e1nit soukrom\u00ed v\u0161ech na\u0161ich z\u00e1kazn\u00edk\u016f v\u00a0souladu s (GDPR) z\u00e1kony a p\u0159edpisy v\u00a0Evropsk\u00e9 unii a ustanoven\u00edmi uveden\u00fdch v\u00a0m\u00edstn\u00edm z\u00e1konu. Shroma\u017ed\u00b4ujeme pouze nezbytn\u00e9, z\u00e1kladn\u00ed \u00fadaje o z\u00e1kazn\u00edky\/ u\u017eivateli a \u00fadaje pot\u0159ebn\u00e9 pro podnik\u00e1n\u00ed a informov\u00e1n\u00ed u\u017eivatel\u016f v\u00a0souladu s\u00a0dobr\u00fdmi obchodn\u00edmi praktikami a za \u00fa\u010delem poskytov\u00e1n\u00ed kvalitn\u00edch slu\u017eeb. Z\u00e1kazn\u00edk\u016fm d\u00e1v\u00e1me na v\u00fdb\u011br, v\u010detn\u011b mo\u017enosti rozhodnout se, zda cht\u011bj\u00ed b\u00fdt nebo ne smaz\u00e1ni ze seznam\u016f adres\u00e1t\u016f pou\u017e\u00edvan\u00fdch pro marketingov\u00e9 kampan\u011b. Ve\u0161ker\u00e1 data u\u017eivatel\u016f\/z\u00e1kazn\u00edk\u016f jsou p\u0159\u00edsn\u011b uchov\u00e1v\u00e1na a jsou k\u00a0dispozici pouze zam\u011bstnanc\u016fm, kte\u0159\u00ed tato data pot\u0159ebuj\u00ed k\u00a0v\u00fdkonu sv\u00e9 pr\u00e1ce. V\u0161ichni zam\u011bstnanci v\u00a0na\u0161\u00ed spole\u010dnosti (a obchodn\u00ed partne\u0159i) jsou odpov\u011bdni za dodr\u017eov\u00e1n\u00ed z\u00e1sad ochrany soukrom\u00ed.<\/p>\n<p>Ceny<br \/>\nV\u0161echny ceny zbo\u017e\u00ed uveden\u00e9 na str\u00e1nk\u00e1ch jsou uvedeny v\u010detn\u011b DPH. Zavazujeme se p\u0159ijmout jakoukoli cenu, za kterou jste provedli objedn\u00e1vku, bez ohledu na to, zda se cena v\u00fdrobku od vytvo\u0159en\u00ed objedn\u00e1vky zm\u011bnila. M\u00e1me v\u0161ak pr\u00e1vo zru\u0161it objedn\u00e1vku zasl\u00e1n\u00edm e-mailov\u00e9ho upozorn\u011bn\u00ed spot\u0159ebiteli, pokud do\u0161lo k hrub\u00e9 chyb\u011b p\u0159i stanoven\u00ed ceny na webov\u00e9 str\u00e1nce. Fakturu obdr\u017e\u00edte p\u0159i n\u00e1kupu v elektronick\u00e9 podob\u011b na e-mailovou adresu, kterou jste p\u0159i n\u00e1kupu zanechali.<\/p>\n<p>Du\u0161evn\u00ed vlastnictv\u00ed<br \/>\nObsah zobrazen\u00fd na t\u00e9to webov\u00e9 str\u00e1nce, jako jsou str\u00e1nky, designov\u00e9 prvky (tla\u010d\u00edtka, ikony atd.), texty, fotografie, loga, zvukov\u00e9 nahr\u00e1vky a software jsou na\u0161\u00edm majetkem nebo majetkem na\u0161ich partner\u016f a nelze je pou\u017e\u00edvat bez na\u0161eho p\u0159edchoz\u00edho souhlasu. Pokud se domn\u00edv\u00e1te, \u017ee je obsah na na\u0161e webov\u00e9 str\u00e1nce v\u00e1\u0161 a byl zneu\u017eit, kontaktujte n\u00e1s, abychom zjistili du\u0161evn\u00ed vlastnictv\u00ed. Ve\u0161ker\u00e9 informace dostupn\u00e9 na webov\u00fdch str\u00e1nk\u00e1ch slou\u017e\u00ed pouze pro informa\u010dn\u00ed \u00fa\u010dely, nesm\u011bj\u00ed b\u00fdt pou\u017eit\u00e9 ke komer\u010dn\u00edm \u00fa\u010del\u016fm nebo distribuov\u00e1n\u00e9 t\u0159et\u00edm stran\u00e1m.<\/p>\n<p>Koment\u00e1\u0159e, komunikace a dal\u0161\u00ed obsah zanechan\u00fd n\u00e1v\u0161t\u011bvn\u00edky<\/p>\n<p>N\u00e1v\u0161t\u011bvn\u00edci mohou komentovat produkty a pos\u00edlat e-maily na n\u00e1\u0161 e-mail. M\u00e1me pr\u00e1vo nezve\u0159ej\u0148ovat koment\u00e1\u0159e kter\u00e9 jsou \u00famysln\u00e9, obsahuj\u00ed obsc\u00e9nn\u00ed prohl\u00e1\u0161en\u00ed, \u0161\u00ed\u0159\u00ed nen\u00e1vist a jak\u00fdmkoli zp\u016fsobem ohro\u017euj\u00ed pr\u00e1va ostatn\u00edch. Tyto koment\u00e1\u0159e budou bez upozorn\u011bn\u00ed odstran\u011bny. P\u0159edst\u00edr\u00e1n\u00ed jin\u00e9 identity a registrace pomoc\u00ed e-mailov\u00e9 adresy n\u011bkoho jin\u00e9ho nejsou povoleny. Proti takov\u00fdch aktivit\u00e1ch m\u016f\u017eeme zah\u00e1jit p\u0159\u00edslu\u0161n\u00e1 soudn\u00ed \u0159\u00edzen\u00ed.<\/p>\n<p>Popisy produkt\u016f<br \/>\nJe v\u00a0na\u0161em z\u00e1jmu popsat v\u0161echny produkty co nejp\u0159esn\u011bji. Nezaru\u010dujeme tak\u00e9, \u017ee v\u0161echny informace poskytovan\u00e9 o produktu jsou p\u0159esn\u00e9, \u00fapln\u00e9, spolehliv\u00e9 a bezchybn\u00e9. Pokud se produkt, kter\u00fd jste koupili, odchyluje od \u00fadaj\u016f uveden\u00fdch na webu, m\u016f\u017eete jej vr\u00e1tit v\u00a0nepo\u0161kozen\u00e9m stavu s\u00a0kompletn\u00edm vybaven\u00edm, kter\u00e1 p\u0159i\u0161la s\u00a0n\u00edm, a my v\u00e1m vr\u00e1t\u00edme pen\u00edze.<\/p>\n<p>Pracovn\u00ed doba<\/p>\n<p>Na\u0161e pracovn\u00ed doba je od 9-17h, 5 dn\u00ed v\u00a0t\u00fddnu (pond\u011bl\u00ed, \u00fater\u00fd, st\u0159eda, \u010dtvrtek, p\u00e1tek). V\u00a0p\u0159\u00edpad\u011b technick\u00fdch probl\u00e9m\u016f nebo p\u0159i pravideln\u00e9 \u00fadr\u017ebe, webov\u00e1 str\u00e1nka m\u016f\u017ee na kr\u00e1tkou dobu b\u00fdt nedostupn\u00e1, o \u010dem\u017e budete informov\u00e1ni.<\/p>\n<p>Zm\u011bna (aktualizace) \u00fadaj\u016f na webov\u00e9 str\u00e1nce<\/p>\n<p>Vyhrazujeme si pr\u00e1vo kdykoli bez p\u0159edchoz\u00edho upozorn\u011bn\u00ed zm\u011bnit informace zobrazen\u00e9 na jak\u00e9koli webov\u00e9 str\u00e1nky. N\u00e1v\u0161t\u011bvn\u00edci str\u00e1nky nemaj\u00ed pr\u00e1vo jednostrann\u011b m\u011bnit podm\u00ednky pou\u017e\u00edv\u00e1n\u00ed, a jak\u00e1koli p\u0159\u00edpadn\u00e1 zm\u011bna je neplatn\u00e1, pokud se ob\u011b strany p\u00edsemn\u011b nedohodnou.<\/p>\n<p>Ostatn\u00ed<\/p>\n<p>\u010c\u00e1ste\u010dn\u00e1 nebo \u00fapln\u00e1 nepou\u017eitelnost nebo nez\u00e1konnost ur\u010dit\u00e9h ustanoven\u00ed t\u011bchto Podm\u00ednek pou\u017e\u00edv\u00e1n\u00ed, nebude m\u00edt vliv na platnost ostatn\u00edch ustanoven\u00ed, kter\u00e1 z\u016fst\u00e1vaj\u00ed v platnosti jako celek. Neuplatniteln\u00e9 nebo nez\u00e1konn\u00e9 ustanoven\u00ed bude nahrazeno jin\u00fdm p\u0159\u00edslu\u0161n\u00fdm ustanoven\u00edm. Souhlas\u00edte s t\u00edm, \u017ee nesm\u00edte p\u0159ev\u00e9st sv\u00e1 pr\u00e1va a povinnosti podle t\u011bchto podm\u00ednek pou\u017e\u00edv\u00e1n\u00ed na t\u0159et\u00ed strany bez na\u0161eho v\u00fdslovn\u00e9ho p\u00edsemn\u00e9ho souhlasu.<\/p>\n<p>&nbsp;<\/p>\n<p>&nbsp;<\/p>\n","protected":false},"excerpt":{"rendered":"<p>V\u0161eobecn\u00e9 obchodn\u00ed podm\u00ednky NonStopShop.com\/ (d\u00e1le jen \u00a8my\u00a8, \u00a8n\u00e1s\u00a8, \u00a8n\u00e1\u0161\u00a8,\u00a8na\u0161e\u00a8, \u00a8na\u0161\u00ed\u00a8 atd.) je internetov\u00fd obchod ve vlastnictv\u00ed ECTCEU d.o.o. (d\u00e1le jen \u00a8my\u00a8, \u00a8n\u00e1s\u00a8, \u00a8n\u00e1\u0161\u00a8, \u00a8na\u0161e\u00a8, \u00a8na\u0161\u00ed\u00a8atd.), kter\u00fd pracuje v souladu se Z\u00e1konem o elektronick\u00e9m obchodu a v\u0161emi dal\u0161\u00edmi p\u0159\u00edslu\u0161n\u00fdmi z\u00e1kony a p\u0159edpisy v Evropsk\u00e9 unii. Nav\u0161t\u011bvov\u00e1n\u00edm nebo nakupov\u00e1n\u00edm v na\u0161em internetov\u00e9m obchod\u011b p\u0159ij\u00edm\u00e1te podm\u00ednky pou\u017eit\u00ed uveden\u00e9 &hellip; <a href=\"https:\/\/non-stopshop.eu\/cz\/uslovi-poslovanja\/\">Continued<\/a><\/p>\n","protected":false},"author":1,"featured_media":0,"parent":0,"menu_order":0,"comment_status":"closed","ping_status":"closed","template":"","meta":{"inline_featured_image":false,"footnotes":""},"class_list":["post-100","page","type-page","status-publish","hentry"],"acf":[],"_links":{"self":[{"href":"https:\/\/non-stopshop.eu\/cz\/wp-json\/wp\/v2\/pages\/100","targetHints":{"allow":["GET"]}}],"collection":[{"href":"https:\/\/non-stopshop.eu\/cz\/wp-json\/wp\/v2\/pages"}],"about":[{"href":"https:\/\/non-stopshop.eu\/cz\/wp-json\/wp\/v2\/types\/page"}],"author":[{"embeddable":true,"href":"https:\/\/non-stopshop.eu\/cz\/wp-json\/wp\/v2\/users\/1"}],"replies":[{"embeddable":true,"href":"https:\/\/non-stopshop.eu\/cz\/wp-json\/wp\/v2\/comments?post=100"}],"version-history":[{"count":8,"href":"https:\/\/non-stopshop.eu\/cz\/wp-json\/wp\/v2\/pages\/100\/revisions"}],"predecessor-version":[{"id":10852,"href":"https:\/\/non-stopshop.eu\/cz\/wp-json\/wp\/v2\/pages\/100\/revisions\/10852"}],"wp:attachment":[{"href":"https:\/\/non-stopshop.eu\/cz\/wp-json\/wp\/v2\/media?parent=100"}],"curies":[{"name":"wp","href":"https:\/\/api.w.org\/{rel}","templated":true}]}}