{"id":102,"date":"2020-10-28T10:57:38","date_gmt":"2020-10-28T10:57:38","guid":{"rendered":"https:\/\/shopium.eu\/rs\/?page_id=102"},"modified":"2022-03-29T08:57:53","modified_gmt":"2022-03-29T06:57:53","slug":"reklamace-a-nahrada-zbozi","status":"publish","type":"page","link":"https:\/\/non-stopshop.eu\/cz\/reklamace-a-nahrada-zbozi\/","title":{"rendered":"Reklamace a n\u00e1hrada zbo\u017e\u00ed"},"content":{"rendered":"<p>ST\u00cd\u017dNOSTI A N\u00c1HRADY<\/p>\n<p>St\u00ed\u017enosti<\/p>\n<p>V p\u0159\u00edpad\u011b jak\u00e9koli st\u00ed\u017enosti na v\u00fdrobek nebo na\u0161i slu\u017ebu nev\u00e1hejte n\u00e1s kontaktovat (cz@non-stopshop.eu). Bud\u00b4te si jist\u00ed, \u017ee jsme p\u0159ipraveni a jsme schopni vy\u0159e\u0161it ka\u017edou vzniklou situaci. V\u00fdrobky kter\u00e9 p\u0159ich\u00e1zej\u00ed do p\u0159\u00edm\u00e9ho styku s poko\u017ekou, zuby nebo intimn\u00edmi \u010d\u00e1stmi t\u011bla, nepodl\u00e9haj\u00ed reklamaci. Tak\u00e9 v\u00fdrobky s z\u0159ejm\u00fdmi stopami u\u017e\u00edv\u00e1n\u00ed nejsou p\u0159edm\u011btem reklamace!<\/p>\n<p>Vr\u00e1cen\u00ed pen\u011bz nebo v\u00fdm\u011bna produktu<\/p>\n<p>Do 14 dn\u016f od zakoupen\u00ed produktu m\u00e1te mo\u017enost vym\u011bnit zakoupen\u00e9 produkty. Produkt m\u016f\u017eete vym\u011bnit za jin\u00fd produkt nebo po\u017e\u00e1dat o vr\u00e1cen\u00ed pen\u011bz.<\/p>\n<p>Produkt kter\u00fd chcete vym\u011bnit, mus\u00ed b\u00fdt nepo\u0161kozen\u00fd a vr\u00e1cen v p\u016fvodn\u00edm a nepo\u0161kozen\u00e9m obalu se v\u0161emi dod\u00e1van\u00fdmi za\u0159\u00edzen\u00edmi. V opa\u010dn\u00e9m p\u0159\u00edpad\u011b va\u0161e st\u00ed\u017enost bude zam\u00edtnuta nebo \u010d\u00e1ste\u010dn\u011b vy\u0159e\u0161ena!<\/p>\n<p>Do 14 dn\u016f po obdr\u017een\u00ed bal\u00ed\u010dku m\u016f\u017eete n\u00e1s p\u00edsemn\u011b informovat e-mailem (cz@non-stopshop.eu), \u017ee odstupujete od smlouvy, a d\u00e1le napsat sv\u00e9 \u00fadaje, \u010d\u00edslo va\u0161i z\u00e1silky nebo n\u00e1m zaslat elektronickou fakturu kterou jste obdr\u017eeli v e-mailu p\u0159i n\u00e1kupu, abychom mohli va\u0161i objedn\u00e1vku identifikovat. Mezit\u00edm zde m\u016f\u017eete vyplnit formul\u00e1\u0159, kter\u00fd je t\u0159eba vyplnit, a do 14 dn\u016f vr\u00e1tit produkt na na\u0161i adresu: (uvedeme adresy)<\/p>\n<p data-pm-slice=\"1 1 []\"><strong>ECTCEU d.o.o., Kamni\u0161ka cesta 24, 1235 Radomlje, Slovenia<\/strong><\/p>\n<p>Mail, na kter\u00fd je t\u0159eba ps\u00e1t v p\u0159\u00edpad\u011b reklamace \u010di v\u00fdm\u011bny: cz@non-stopshop.eu<\/p>\n<p>Po obdr\u017een\u00ed vratn\u00e9ho bal\u00ed\u010dku v\u00e1m vrac\u00edme pen\u00edze!<\/p>\n<p>Formul\u00e1\u0159 pro v\u00fdm\u011bnu produktu: <a href=\"https:\/\/bit.ly\/V\u00fdm\u011bna_produktu\">https:\/\/bit.ly\/<\/a><\/p>\n<p>Formul\u00e1\u0159 pro vr\u00e1cen\u00ed pen\u011bz: <a href=\"https:\/\/bit.ly\/Vr\u00e1cen\u00ed_platby\">https:\/\/bit.ly\/<\/a><\/p>\n<p>Pozn\u00e1mky:<\/p>\n<p>N\u00e1klady na odesl\u00e1n\u00ed z\u00e1silky nese odes\u00edlatel. Nep\u0159ij\u00edm\u00e1me odkupn\u00ed z\u00e1silky!<\/p>\n<p>V p\u0159\u00edpad\u011b, \u017ee nevypln\u00edte formul\u00e1\u0159 pro odstoupen\u00ed od smlouvy do 14 dn\u016f od p\u0159evzet\u00ed z\u00e1silky, vr\u00e1cen\u00ed pen\u011bz nebo v\u00fdm\u011bna zbo\u017e\u00ed nen\u00ed mo\u017en\u00e1!<\/p>\n<p>Do 8 pracovn\u00edch dn\u016f od p\u0159ijet\u00ed bal\u00ed\u010dku bude produkt vym\u011bn\u011bn, nebo V\u00e1m budou vr\u00e1ceny pen\u00edze.<\/p>\n","protected":false},"excerpt":{"rendered":"<p>ST\u00cd\u017dNOSTI A N\u00c1HRADY St\u00ed\u017enosti V p\u0159\u00edpad\u011b jak\u00e9koli st\u00ed\u017enosti na v\u00fdrobek nebo na\u0161i slu\u017ebu nev\u00e1hejte n\u00e1s kontaktovat (cz@non-stopshop.eu). Bud\u00b4te si jist\u00ed, \u017ee jsme p\u0159ipraveni a jsme schopni vy\u0159e\u0161it ka\u017edou vzniklou situaci. V\u00fdrobky kter\u00e9 p\u0159ich\u00e1zej\u00ed do p\u0159\u00edm\u00e9ho styku s poko\u017ekou, zuby nebo intimn\u00edmi \u010d\u00e1stmi t\u011bla, nepodl\u00e9haj\u00ed reklamaci. Tak\u00e9 v\u00fdrobky s z\u0159ejm\u00fdmi stopami u\u017e\u00edv\u00e1n\u00ed nejsou p\u0159edm\u011btem reklamace! Vr\u00e1cen\u00ed &hellip; <a href=\"https:\/\/non-stopshop.eu\/cz\/reklamace-a-nahrada-zbozi\/\">Continued<\/a><\/p>\n","protected":false},"author":1,"featured_media":0,"parent":0,"menu_order":0,"comment_status":"closed","ping_status":"closed","template":"","meta":{"inline_featured_image":false,"footnotes":""},"class_list":["post-102","page","type-page","status-publish","hentry"],"acf":[],"_links":{"self":[{"href":"https:\/\/non-stopshop.eu\/cz\/wp-json\/wp\/v2\/pages\/102","targetHints":{"allow":["GET"]}}],"collection":[{"href":"https:\/\/non-stopshop.eu\/cz\/wp-json\/wp\/v2\/pages"}],"about":[{"href":"https:\/\/non-stopshop.eu\/cz\/wp-json\/wp\/v2\/types\/page"}],"author":[{"embeddable":true,"href":"https:\/\/non-stopshop.eu\/cz\/wp-json\/wp\/v2\/users\/1"}],"replies":[{"embeddable":true,"href":"https:\/\/non-stopshop.eu\/cz\/wp-json\/wp\/v2\/comments?post=102"}],"version-history":[{"count":10,"href":"https:\/\/non-stopshop.eu\/cz\/wp-json\/wp\/v2\/pages\/102\/revisions"}],"predecessor-version":[{"id":4251,"href":"https:\/\/non-stopshop.eu\/cz\/wp-json\/wp\/v2\/pages\/102\/revisions\/4251"}],"wp:attachment":[{"href":"https:\/\/non-stopshop.eu\/cz\/wp-json\/wp\/v2\/media?parent=102"}],"curies":[{"name":"wp","href":"https:\/\/api.w.org\/{rel}","templated":true}]}}