{"id":104,"date":"2020-10-28T10:57:46","date_gmt":"2020-10-28T10:57:46","guid":{"rendered":"https:\/\/shopium.eu\/rs\/?page_id=104"},"modified":"2021-01-08T16:52:39","modified_gmt":"2021-01-08T15:52:39","slug":"o-nas","status":"publish","type":"page","link":"https:\/\/non-stopshop.eu\/cz\/o-nas\/","title":{"rendered":"O n\u00e1s"},"content":{"rendered":"<p><strong>Na\u0161e rozmy\u0161len\u00ed skrz hranol ZNA\u010cKY &#8211; kdo jsme a pro\u010d existujeme tak dlouho?<\/strong><\/p>\n<p>V\u00a0dne\u0161n\u00edm hektick\u00e9m \u017eivotn\u00edm stylu, ka\u017ed\u00e9 podnik\u00e1n\u00ed je zalo\u017eeno na uskute\u010dn\u011bn\u00ed maxim\u00e1ln\u00edho zisku. I to se p\u0159ekon\u00e1v\u00e1 v\u00a0souladu s\u00a0ka\u017edodenn\u00edmi zm\u011bnami ve sv\u011bt\u011b, a zisk prost\u011b nesta\u010d\u00ed, aby c\u00edl dos\u00e1hla pouze jedna strana . N\u011bkdy je nejlep\u0161\u00ed d\u00edvat se na v\u011bci z\u00a0jin\u00e9ho \u00fahlu pohledu, \u010dasto realisti\u010d\u011bji, abychom zajistili, co je skute\u010dn\u011b nutn\u00e9 k\u00a0zvl\u00e1dnut\u00ed stupn\u011b v\u00fd\u0161.<br \/>\nV souladu s t\u00edm jsme v roce 2018 za\u010dali zkoumat lidi s prim\u00e1rn\u00edm c\u00edlem, abychom zjistili, co lid\u00e9 skute\u010dn\u011b pot\u0159ebuj\u00ed ve sv\u00e9m ka\u017edodenn\u00edm \u017eivot\u011b, a podle toho jsme upravili n\u00e1\u0161 obchodn\u00ed model.<\/p>\n<p><strong>N\u00e1\u0161 c\u00edl:<\/strong><br \/>\nSv\u011btov\u00fd internetov\u00fd trh je zaplaven nekone\u010dn\u00fdm mno\u017estv\u00edm produkt\u016f, kter\u00e9 se nab\u00edzej\u00ed ze v\u0161ech stran, a pr\u00e1v\u011b jejich objedn\u00e1v\u00e1n\u00ed je velk\u00fdm probl\u00e9mem a nepo\u0159\u00e1dkem, a proto lid\u00e9 maj\u00ed k t\u011bmto v\u011bcem v\u00fdhrady.<br \/>\nJe obt\u00ed\u017en\u00e9 rozli\u0161it, kter\u00fd internetov\u00fd obchod m\u00e1 dob\u0159e vyvinut\u00fd obchodn\u00ed model a organizaci na vysok\u00e9 \u00farovni, kde je prioritou z\u00e1kazn\u00edk a bezpe\u010dn\u00e9 nakupov\u00e1n\u00ed!<br \/>\nTo v\u0161e by nem\u011blo b\u00fdt d\u016fvodem, pro\u010d bychom nem\u011bli m\u00edt mo\u017enost u\u017e\u00edt si kuriozity, kter\u00e9 m\u00e1me k dispozici pouze online, proto jsme tady, proto\u017ee V\u00e1m slou\u017e\u00edme jako filtr a bezpe\u010dn\u00e1 volba pro zv\u011bdav\u00e9 lidi, jako jsme i my.<br \/>\nV souladu s glob\u00e1ln\u00edm internetov\u00fdm trhem, kter\u00fd neust\u00e1le sledujeme, chceme shrom\u00e1\u017edit v\u0161echny nejlep\u0161\u00ed a nejpot\u0159ebn\u011bj\u0161\u00ed trendov\u00e9 produkty na jednom m\u00edst\u011b, kter\u00e9 v\u00e1m ud\u011bl\u00e1 radost a usnadn\u00ed v\u00e1m ka\u017edodenn\u00ed \u017eivot.<br \/>\nJedn\u00edm z parametr\u016f, kter\u00fd se b\u011bhem na\u0161eho pr\u016fzkumu uk\u00e1zal jako prim\u00e1rn\u00ed, je rychl\u00e9 dod\u00e1n\u00ed, tak\u017ee v souladu s t\u00edm uchov\u00e1v\u00e1me v\u0161echny produkty, kter\u00e9 m\u00e1me na webov\u00fdch str\u00e1nk\u00e1ch, v re\u00e1ln\u00fdch z\u00e1sob\u00e1ch v na\u0161ich skladech v Evrop\u011b, aby byly k dispozici.<br \/>\nTed\u00b4a hned!<br \/>\nNejd\u016fle\u017eit\u011bj\u0161\u00ed \u010d\u00e1st\u00ed je jist\u011b kvalita produktu, a proto p\u0159ed uveden\u00edm na trh pe\u010dliv\u011b otestujeme a zkontrolujeme v\u0161echny funkce ka\u017ed\u00e9ho jednotliv\u00e9ho produktu, abychom se ujistili, \u017ee produkt skute\u010dn\u011b odpov\u00edd\u00e1 zobrazen\u00fdm standard\u016fm kvality.<\/p>\n<p><strong>Na\u0161e motto:<\/strong><br \/>\nProzkoum\u00e1v\u00e1me trh pro v\u00e1s kv\u016fli produkt\u016fm kter\u00e9 m\u00e1te r\u00e1di &#8211; bez va\u0161eho rizika!<\/p>\n","protected":false},"excerpt":{"rendered":"<p>Na\u0161e rozmy\u0161len\u00ed skrz hranol ZNA\u010cKY &#8211; kdo jsme a pro\u010d existujeme tak dlouho? V\u00a0dne\u0161n\u00edm hektick\u00e9m \u017eivotn\u00edm stylu, ka\u017ed\u00e9 podnik\u00e1n\u00ed je zalo\u017eeno na uskute\u010dn\u011bn\u00ed maxim\u00e1ln\u00edho zisku. I to se p\u0159ekon\u00e1v\u00e1 v\u00a0souladu s\u00a0ka\u017edodenn\u00edmi zm\u011bnami ve sv\u011bt\u011b, a zisk prost\u011b nesta\u010d\u00ed, aby c\u00edl dos\u00e1hla pouze jedna strana . N\u011bkdy je nejlep\u0161\u00ed d\u00edvat se na v\u011bci z\u00a0jin\u00e9ho \u00fahlu pohledu, &hellip; <a href=\"https:\/\/non-stopshop.eu\/cz\/o-nas\/\">Continued<\/a><\/p>\n","protected":false},"author":1,"featured_media":0,"parent":0,"menu_order":0,"comment_status":"closed","ping_status":"closed","template":"","meta":{"inline_featured_image":false,"footnotes":""},"class_list":["post-104","page","type-page","status-publish","hentry"],"acf":[],"_links":{"self":[{"href":"https:\/\/non-stopshop.eu\/cz\/wp-json\/wp\/v2\/pages\/104","targetHints":{"allow":["GET"]}}],"collection":[{"href":"https:\/\/non-stopshop.eu\/cz\/wp-json\/wp\/v2\/pages"}],"about":[{"href":"https:\/\/non-stopshop.eu\/cz\/wp-json\/wp\/v2\/types\/page"}],"author":[{"embeddable":true,"href":"https:\/\/non-stopshop.eu\/cz\/wp-json\/wp\/v2\/users\/1"}],"replies":[{"embeddable":true,"href":"https:\/\/non-stopshop.eu\/cz\/wp-json\/wp\/v2\/comments?post=104"}],"version-history":[{"count":4,"href":"https:\/\/non-stopshop.eu\/cz\/wp-json\/wp\/v2\/pages\/104\/revisions"}],"predecessor-version":[{"id":770,"href":"https:\/\/non-stopshop.eu\/cz\/wp-json\/wp\/v2\/pages\/104\/revisions\/770"}],"wp:attachment":[{"href":"https:\/\/non-stopshop.eu\/cz\/wp-json\/wp\/v2\/media?parent=104"}],"curies":[{"name":"wp","href":"https:\/\/api.w.org\/{rel}","templated":true}]}}