{"id":746,"date":"2021-01-05T14:14:53","date_gmt":"2021-01-05T13:14:53","guid":{"rendered":"https:\/\/shopium.eu\/cz\/?page_id=746"},"modified":"2021-01-05T14:14:53","modified_gmt":"2021-01-05T13:14:53","slug":"zasady-pouzivani-souboru-cookie","status":"publish","type":"page","link":"https:\/\/non-stopshop.eu\/cz\/zasady-pouzivani-souboru-cookie\/","title":{"rendered":"Z\u00e1sady pou\u017e\u00edv\u00e1n\u00ed soubor\u016f cookie"},"content":{"rendered":"<p><span style=\"font-weight: 400;\">Spole\u010dnost ECTCEU d.o.o. respektuje a chr\u00e1n\u00ed va\u0161e soukrom\u00ed. N\u00ed\u017ee uv\u00e1d\u00edme podrobn\u011bj\u0161\u00ed informace o tom, jak zach\u00e1z\u00edme s va\u0161imi osobn\u00edmi \u00fadaji.<\/span><\/p>\n<p><span style=\"font-weight: 400;\">Tyto z\u00e1sady pou\u017e\u00edv\u00e1n\u00ed soubor\u016f cookie popisuj\u00ed zpracov\u00e1n\u00ed \u00fadaj\u016f shrom\u00e1\u017ed\u011bn\u00fdch pomoc\u00ed soubor\u016f cookie a podobn\u00fdch technologi\u00ed. Tyto z\u00e1sady byly p\u0159ipraveny v souladu s obecn\u00fdm na\u0159\u00edzen\u00edm o ochran\u011b osobn\u00edch \u00fadaj\u016f Evropsk\u00e9 unie a platn\u00fdmi slovinsk\u00fdmi pr\u00e1vn\u00edmi p\u0159edpisy.<\/span><\/p>\n<p>&nbsp;<\/p>\n<p><b>1. O souborech cookie<\/b><\/p>\n<p><span style=\"font-weight: 400;\">Co jsou soubory cookie a pro\u010d jsou nezbytn\u00e9?<\/span><\/p>\n<p><span style=\"font-weight: 400;\">Soubor cookie je mal\u00e1 \u010d\u00e1st dat, kterou webov\u00e1 str\u00e1nka zas\u00edl\u00e1 prohl\u00ed\u017ee\u010di o va\u0161\u00ed n\u00e1v\u0161t\u011bv\u011b. Takto v\u00e1s web rozpozn\u00e1, zapamatuje si informace t\u00fdkaj\u00edc\u00ed se va\u0161\u00ed n\u00e1v\u0161t\u011bvy a poskytne v\u00e1m u\u017eivatelsky p\u0159\u00edv\u011btivou a jednoduchou webovou slu\u017ebu. Soubory cookie n\u00e1m pom\u00e1haj\u00ed p\u0159izp\u016fsobit obsah na\u0161ich webov\u00fdch str\u00e1nek, zapamatovat si va\u0161e preference a zaznamen\u00e1vat n\u00e1v\u0161t\u011bvy na\u0161ich webov\u00fdch str\u00e1nek. D\u00edky soubor\u016fm cookie je proch\u00e1zen\u00ed na\u0161ich webov\u00fdch str\u00e1nek p\u0159\u00edjemn\u00fdm, rychl\u00fdm, a p\u0159edev\u0161\u00edm efektivn\u011bj\u0161\u00edm z\u00e1\u017eitkem.<\/span><\/p>\n<p>&nbsp;<\/p>\n<p><strong>2.<\/strong> <b>Soubory cookie, kter\u00e9 pou\u017e\u00edv\u00e1me<\/b><\/p>\n<p><span style=\"font-weight: 400;\">Na na\u0161em webu pou\u017e\u00edv\u00e1me r\u016fzn\u00e9 kategorie soubor\u016f cookie rozd\u011blen\u00fdch do \u010dty\u0159 kategori\u00ed:<\/span><\/p>\n<ul>\n<li style=\"font-weight: 400;\"><span style=\"font-weight: 400;\">nezbytn\u00e9 soubory cookie,<\/span><\/li>\n<li style=\"font-weight: 400;\"><span style=\"font-weight: 400;\">analytick\u00e9 soubory cookie,<\/span><\/li>\n<li style=\"font-weight: 400;\"><span style=\"font-weight: 400;\">funk\u010dn\u00ed soubory cookie a<\/span><\/li>\n<li style=\"font-weight: 400;\"><span style=\"font-weight: 400;\">reklamn\u00ed (marketingov\u00e9) soubory cookie.<\/span><\/li>\n<\/ul>\n<p><b>Nezbytn\u00e9 soubory cookies<\/b><span style=\"font-weight: 400;\">\u00a0jsou takov\u00e9, bez nich\u017e by na\u0161e webov\u00e9 str\u00e1nky nemohly fungovat. Tyto soubory cookie se automaticky ukl\u00e1daj\u00ed do va\u0161eho za\u0159\u00edzen\u00ed a nelze je vypnout. Nezbytn\u00e9 soubory cookie v\u00e1s nemohou identifikovat a jsou zde pouze proto, aby bylo zaji\u0161t\u011bno spr\u00e1vn\u00e9 zobrazen\u00ed webov\u00fdch str\u00e1nek.<\/span><\/p>\n<p><b>Analytick\u00e9 soubory cookie<\/b><span style=\"font-weight: 400;\">\u00a0n\u00e1m umo\u017e\u0148uj\u00ed prov\u00e1d\u011bt r\u016fzn\u00e9 statistick\u00e9 anal\u00fdzy na\u0161ich webov\u00fdch str\u00e1nek. Tyto soubory cookie se pou\u017e\u00edvaj\u00ed v anonymizovan\u00e9 podob\u011b, co\u017e znamen\u00e1, \u017ee v\u00e1s nemohou identifikovat. Pou\u017e\u00edv\u00e1n\u00ed t\u011bchto soubor\u016f cookie m\u016f\u017eete vypnout ve sv\u00e9m webov\u00e9m prohl\u00ed\u017ee\u010di nebo pomoc\u00ed banneru \u201eNastaven\u00ed soubor\u016f cookie\u201c ve spodn\u00ed \u010d\u00e1sti na\u0161\u00ed webov\u00e9 str\u00e1nky.<\/span><\/p>\n<p><b>Funk\u010dn\u00ed soubory cookie<\/b><span style=\"font-weight: 400;\">\u00a0jsou takov\u00e9, kter\u00e9 umo\u017e\u0148uj\u00ed r\u016fzn\u00e9 funkce na\u0161ich webov\u00fdch str\u00e1nek, jako je nastaven\u00ed jazyka, uchov\u00e1n\u00ed obsahu va\u0161eho n\u00e1kupn\u00edho ko\u0161\u00edku atd. Tyto soubory cookie jsou do va\u0161eho za\u0159\u00edzen\u00ed ukl\u00e1d\u00e1ny pouze s va\u0161\u00edm p\u0159edchoz\u00edm souhlasem.<\/span><\/p>\n<p><b>Marketingov\u00e9 soubory cookie<\/b><span style=\"font-weight: 400;\">\u00a0se pou\u017e\u00edvaj\u00ed k prov\u00e1d\u011bn\u00ed personalizovan\u00fdch reklamn\u00edch slu\u017eeb. Pomoc\u00ed dat tyto soubory cookie vytv\u00e1\u0159ej\u00ed v\u00e1\u0161 profil, na z\u00e1klad\u011b kter\u00e9ho uvid\u00edte pouze reklamy, kter\u00e9 by pro v\u00e1s m\u011bly b\u00fdt zaj\u00edmav\u00e9. Tyto soubory cookie jsou do va\u0161eho za\u0159\u00edzen\u00ed ukl\u00e1d\u00e1ny pouze s va\u0161\u00edm p\u0159edchoz\u00edm souhlasem. R\u00e1di bychom v\u00e1s upozornili, \u017ee odm\u00edtnut\u00ed pou\u017e\u00edvat tyto cookies nezabr\u00e1n\u00ed tomu, aby webov\u00e9 str\u00e1nky zobrazovaly reklamy; ty se budou i nad\u00e1le zobrazovat, ji\u017e v\u0161ak nebudou p\u0159izp\u016fsobeny va\u0161im z\u00e1jm\u016fm.<\/span><\/p>\n<p><span style=\"font-weight: 400;\">Krom\u011b v\u00fd\u0161e uveden\u00fdch kategori\u00ed tak\u00e9 rozli\u0161ujeme mezi soubory cookie prvn\u00ed strany a soubory cookie t\u0159et\u00edch stran, kter\u00e9 se pou\u017e\u00edvaj\u00ed na na\u0161em webu.<\/span><\/p>\n<p><b>Soubory cookie prvn\u00ed strany<\/b><span style=\"font-weight: 400;\">\u00a0jsou soubory cookie, kter\u00e9 pat\u0159\u00ed k tomuto webu, tj. soubory cookie, kter\u00e9 byly um\u00edst\u011bny na tento web na\u0161\u00ed spole\u010dnost\u00ed nebo na\u0161imi smluvn\u00edmi zpracovateli.\u00a0<\/span><span style=\"font-weight: 400;\">Chcete-li se dozv\u011bd\u011bt v\u00edce o na\u0161ich smluvn\u00edch zpracovatel\u00edch, p\u0159e\u010dt\u011bte si\u00a0<\/span><span style=\"font-weight: 400;\">na\u0161e z\u00e1sady ochrany osobn\u00edch \u00fadaj\u016f<\/span><span style=\"font-weight: 400;\">.<\/span><\/p>\n<p><b>Soubory cookie t\u0159et\u00edch stran<\/b><span style=\"font-weight: 400;\">\u00a0jsou soubory cookie, kter\u00e9 jsou nastaveny jin\u00fdmi webov\u00fdmi str\u00e1nkami, ne\u017e na kter\u00fdch se pr\u00e1v\u011b nach\u00e1z\u00edte, co\u017e n\u00e1m umo\u017e\u0148uje pou\u017e\u00edvat personalizovan\u00e9 reklamy. Tyto soubory cookie se pou\u017e\u00edvaj\u00ed k monitorov\u00e1n\u00ed toho, jak pou\u017e\u00edv\u00e1te internet, co\u017e n\u00e1m umo\u017e\u0148uje zobrazovat v\u00e1m reklamy, kter\u00e9 jsou pro v\u00e1s relevantn\u00ed a z<\/span><span style=\"font-weight: 400;\">aj\u00edmav\u00e9.<\/span><\/p>\n<p>&nbsp;<\/p>\n<p><strong>3.<\/strong>\u00a0<strong><b>\u00dapravy p\u0159edvoleb soubor\u016f cookie<\/b><\/strong><\/p>\n<p><span style=\"font-weight: 400;\">M\u016f\u017eete se rozhodnout, zda chcete povolit ukl\u00e1d\u00e1n\u00ed soubor\u016f cookie do sv\u00e9ho za\u0159\u00edzen\u00ed.<\/span><\/p>\n<p><span style=\"font-weight: 400;\">Nastaven\u00ed soubor\u016f cookie m\u016f\u017eete kdykoli zm\u011bnit na banneru \u201eNastaven\u00ed soubor\u016f cookie\u201c ve spodn\u00ed \u010d\u00e1sti webov\u00e9 str\u00e1nky.<\/span><\/p>\n<p><span style=\"font-weight: 400;\">P\u0159i n\u00e1v\u0161t\u011bv\u011b na\u0161ich webov\u00fdch str\u00e1nek se do va\u0161eho za\u0159\u00edzen\u00ed automaticky ukl\u00e1daj\u00ed pouze nezbytn\u00e9 soubory cookie a anonymizovan\u00e9 analytick\u00e9 soubory cookie, zat\u00edmco preferen\u010dn\u00ed a marketingov\u00e9 soubory cookie se do va\u0161eho za\u0159\u00edzen\u00ed ukl\u00e1daj\u00ed pouze s va\u0161\u00edm souhlasem.<\/span><\/p>\n<p><span style=\"font-weight: 400;\">Jak mohu poskytnout sv\u016fj souhlas?<\/span><\/p>\n<p><span style=\"font-weight: 400;\">Kdy\u017e nav\u0161t\u00edv\u00edte n\u00e1\u0161 web poprv\u00e9, otev\u0159e se vyskakovac\u00ed okno a budete moci zvolit odpov\u00eddaj\u00edc\u00ed nastaven\u00ed soubor\u016f cookie. Pokud jste ji\u017e nav\u0161t\u00edvili n\u00e1\u0161 web a potvrdili jste vybran\u00e9 soubory cookie, m\u016f\u017eete toto nastaven\u00ed zm\u011bnit kliknut\u00edm na \u201eNastaven\u00ed soubor\u016f cookie\u201c v doln\u00ed \u010d\u00e1sti na\u0161eho webu. Otev\u0159e se nov\u00e9 vyskakovac\u00ed okno a budete moci vybrat nastaven\u00ed soubor\u016f cookie.<\/span><\/p>\n<p><span style=\"font-weight: 400;\">Cht\u011bli bychom v\u00e1s upozornit, \u017ee odm\u00edtnut\u00ed pou\u017e\u00edvat soubory cookie nezabr\u00e1n\u00ed tomu, aby webov\u00e9 str\u00e1nky zobrazovaly reklamy, a \u017ee po\u010det zobrazen\u00fdch reklam bude stejn\u00fd, jako kdybyste soubory cookie p\u0159ijali. Pokud odm\u00edtnete p\u0159ij\u00edmat reklamn\u00ed soubory cookie, uvid\u00edte pouze generalizovan\u00e9 reklamy a neuvid\u00edte reklamy p\u0159izp\u016fsoben\u00e9 va\u0161im p\u0159\u00e1n\u00edm a pot\u0159eb\u00e1m.<\/span><\/p>\n<p><span style=\"font-weight: 400;\">Nastaven\u00ed soubor\u016f cookie m\u016f\u017eete tak\u00e9 sledovat a m\u011bnit ve sv\u00e9m webov\u00e9m prohl\u00ed\u017ee\u010di.<\/span><\/p>\n<p><span style=\"font-weight: 400;\">Dal\u0161\u00ed informace o nastaven\u00ed soubor\u016f cookie z\u00edsk\u00e1te v\u00fdb\u011brem webov\u00e9ho prohl\u00ed\u017ee\u010de, kter\u00fd pou\u017e\u00edv\u00e1te:<\/span><\/p>\n<ul>\n<li><a href=\"https:\/\/support.google.com\/chrome\/answer\/95647?co=GENIE.Platform=Desktop&amp;hl=en\"><span style=\"font-weight: 400;\">Chrome<\/span><\/a><\/li>\n<li><a href=\"https:\/\/support.mozilla.org\/en-US\/kb\/clear-cookies-and-site-data-firefox\"><span style=\"font-weight: 400;\">Firefox<\/span><\/a><\/li>\n<li><a href=\"https:\/\/support.microsoft.com\/en-us\/help\/17442\/windows-internet-explorer-delete-manage-cookies\"><span style=\"font-weight: 400;\">Internet Explorer<\/span><\/a><\/li>\n<li><a href=\"https:\/\/support.apple.com\/sl-si\/guide\/safari\/sfri11471\/mac\"><span style=\"font-weight: 400;\">Safari<\/span><\/a><\/li>\n<li><a href=\"https:\/\/blogs.opera.com\/news\/2015\/08\/how-to-manage-cookies-in-opera\/\"><span style=\"font-weight: 400;\">Opera<\/span><\/a><\/li>\n<\/ul>\n<p><span style=\"font-weight: 400;\">Pokud zm\u011bn\u00edte nebo odstran\u00edte soubor cookies ze sv\u00e9ho prohl\u00ed\u017ee\u010de nebo zm\u011bn\u00edte\/upgradujete sv\u016fj prohl\u00ed\u017ee\u010d nebo za\u0159\u00edzen\u00ed, mo\u017en\u00e1 budete muset soubory cookie znovu deaktivovat. Proces spr\u00e1vy a maz\u00e1n\u00ed soubor\u016f cookie z\u00e1vis\u00ed na p\u0159\u00edslu\u0161n\u00e9m prohl\u00ed\u017ee\u010di. Pokud pot\u0159ebujete jakoukoli pomoc, m\u016f\u017eete si prohl\u00e9dnout \u010d\u00e1st \u201eU\u017eivatelsk\u00e1 podpora\u201c ve sv\u00e9m prohl\u00ed\u017ee\u010di.<\/span><\/p>\n<p><span style=\"font-weight: 400;\">Slu\u017ebu Google Analytics m\u016f\u017eete tak\u00e9 deaktivovat na adrese\u00a0<\/span><a href=\"https:\/\/marketingplatform.google.com\/about\/\"><span style=\"font-weight: 400;\">https:\/\/marketingplatform.google.com\/about\/<\/span><\/a><span style=\"font-weight: 400;\">.<\/span><\/p>\n<p><span style=\"font-weight: 400;\">Dal\u0161\u00ed informace o souborech cookie naleznete na adrese\u00a0<\/span><a href=\"http:\/\/youronlinechoices.com\/\"><span style=\"font-weight: 400;\">http:\/\/youronlinechoices.com\/<\/span><\/a><span style=\"font-weight: 400;\">.<\/span><\/p>\n<p>&nbsp;<\/p>\n<p><b>4. Soubory cookie pou\u017e\u00edvan\u00e9 na tomto webu<\/b><\/p>\n<p>&nbsp;<\/p>\n<table>\n<tbody>\n<tr>\n<td><span style=\"font-weight: 400;\">sb<\/span><\/td>\n<td><span style=\"font-weight: 400;\">Provoz z\u00e1suvn\u00e9ho modulu<\/span><\/td>\n<td><span style=\"font-weight: 400;\">2 roky<\/span><\/td>\n<td><span style=\"font-weight: 400;\">Facebook<\/span><\/td>\n<\/tr>\n<tr>\n<td><span style=\"font-weight: 400;\">fr<\/span><\/td>\n<td><span style=\"font-weight: 400;\">Provoz z\u00e1suvn\u00e9ho modulu<\/span><\/td>\n<td><span style=\"font-weight: 400;\">3 m\u011bs\u00edce<\/span><\/td>\n<td><span style=\"font-weight: 400;\">Facebook<\/span><\/td>\n<\/tr>\n<tr>\n<td><span style=\"font-weight: 400;\">xs<\/span><\/td>\n<td><span style=\"font-weight: 400;\">Provoz z\u00e1suvn\u00e9ho modulu<\/span><\/td>\n<td><span style=\"font-weight: 400;\">3 m\u011bs\u00edce<\/span><\/td>\n<td><span style=\"font-weight: 400;\">Facebook<\/span><\/td>\n<\/tr>\n<tr>\n<td><span style=\"font-weight: 400;\">c_user<\/span><\/td>\n<td><span style=\"font-weight: 400;\">Provoz z\u00e1suvn\u00e9ho modulu<\/span><\/td>\n<td><span style=\"font-weight: 400;\">3 m\u011bs\u00edce<\/span><\/td>\n<td><span style=\"font-weight: 400;\">Facebook<\/span><\/td>\n<\/tr>\n<tr>\n<td><span style=\"font-weight: 400;\">presence<\/span><\/td>\n<td><span style=\"font-weight: 400;\">Provoz z\u00e1suvn\u00e9ho modulu<\/span><\/td>\n<td><span style=\"font-weight: 400;\">Doba trv\u00e1n\u00ed relace<\/span><\/td>\n<td><span style=\"font-weight: 400;\">Facebook<\/span><\/td>\n<\/tr>\n<tr>\n<td><span style=\"font-weight: 400;\">pl<\/span><\/td>\n<td><span style=\"font-weight: 400;\">Provoz z\u00e1suvn\u00e9ho modulu<\/span><\/td>\n<td><span style=\"font-weight: 400;\">1 m\u011bs\u00edc<\/span><\/td>\n<td><span style=\"font-weight: 400;\">Facebook<\/span><\/td>\n<\/tr>\n<tr>\n<td><span style=\"font-weight: 400;\">wd<\/span><\/td>\n<td><span style=\"font-weight: 400;\">Provoz z\u00e1suvn\u00e9ho modulu<\/span><\/td>\n<td><span style=\"font-weight: 400;\">1 t\u00fdden<\/span><\/td>\n<td><span style=\"font-weight: 400;\">Facebook<\/span><\/td>\n<\/tr>\n<tr>\n<td><span style=\"font-weight: 400;\">datr<\/span><\/td>\n<td><span style=\"font-weight: 400;\">Provoz z\u00e1suvn\u00e9ho modulu<\/span><\/td>\n<td><span style=\"font-weight: 400;\">3 m\u011bs\u00edce<\/span><\/td>\n<td><span style=\"font-weight: 400;\">Facebook<\/span><\/td>\n<\/tr>\n<tr>\n<td><\/td>\n<td><\/td>\n<td><\/td>\n<td><\/td>\n<\/tr>\n<tr>\n<td><span style=\"font-weight: 400;\">N\u00c1ZEV SOUBORU COOKIE<\/span><\/td>\n<td><span style=\"font-weight: 400;\">\u00da\u010cEL<\/span><\/td>\n<td><span style=\"font-weight: 400;\">DOBA TRV\u00c1N\u00cd<\/span><\/td>\n<td><span style=\"font-weight: 400;\">SPOLE\u010cNOST<\/span><\/td>\n<\/tr>\n<tr>\n<td><span style=\"font-weight: 400;\">m_pixel_ratio<\/span><\/td>\n<td><span style=\"font-weight: 400;\">Provoz z\u00e1suvn\u00e9ho modulu<\/span><\/td>\n<td><span style=\"font-weight: 400;\">Doba trv\u00e1n\u00ed relace<\/span><\/td>\n<td><span style=\"font-weight: 400;\">Facebook<\/span><\/td>\n<\/tr>\n<tr>\n<td><span style=\"font-weight: 400;\">dpr<\/span><\/td>\n<td><span style=\"font-weight: 400;\">Provoz z\u00e1suvn\u00e9ho modulu<\/span><\/td>\n<td><span style=\"font-weight: 400;\">1 t\u00fdden<\/span><\/td>\n<td><span style=\"font-weight: 400;\">Facebook<\/span><\/td>\n<\/tr>\n<tr>\n<td><span style=\"font-weight: 400;\">act<\/span><\/td>\n<td><span style=\"font-weight: 400;\">Provoz z\u00e1suvn\u00e9ho modulu<\/span><\/td>\n<td><span style=\"font-weight: 400;\">Doba trv\u00e1n\u00ed relace<\/span><\/td>\n<td><span style=\"font-weight: 400;\">Facebook<\/span><\/td>\n<\/tr>\n<tr>\n<td><span style=\"font-weight: 400;\">_lo_v<\/span><\/td>\n<td><span style=\"font-weight: 400;\">Provoz z\u00e1suvn\u00e9ho modulu Ghost Monitor<\/span><\/td>\n<td><span style=\"font-weight: 400;\">3 m\u011bs\u00edce<\/span><\/td>\n<td><span style=\"font-weight: 400;\">Ghost Monitor<\/span><\/td>\n<\/tr>\n<tr>\n<td><span style=\"font-weight: 400;\">__cfduid<\/span><\/td>\n<td><span style=\"font-weight: 400;\">Provoz z\u00e1suvn\u00e9ho modulu Ghost Monitor<\/span><\/td>\n<td><span style=\"font-weight: 400;\">1 rok<\/span><\/td>\n<td><span style=\"font-weight: 400;\">Ghost Monitor<\/span><\/td>\n<\/tr>\n<tr>\n<td><span style=\"font-weight: 400;\">_lo_u<\/span><\/td>\n<td><span style=\"font-weight: 400;\">Provoz z\u00e1suvn\u00e9ho modulu Ghost Monitor<\/span><\/td>\n<td><span style=\"font-weight: 400;\">1 rok<\/span><\/td>\n<td><span style=\"font-weight: 400;\">Ghost Monitor<\/span><\/td>\n<\/tr>\n<tr>\n<td><span style=\"font-weight: 400;\">_ga<\/span><\/td>\n<td><span style=\"font-weight: 400;\">Provoz z\u00e1suvn\u00e9ho modulu Ghost Monitor<\/span><\/td>\n<td><span style=\"font-weight: 400;\">1 rok<\/span><\/td>\n<td><span style=\"font-weight: 400;\">Ghost Monitor<\/span><\/td>\n<\/tr>\n<tr>\n<td><\/td>\n<td><\/td>\n<td><\/td>\n<td><\/td>\n<\/tr>\n<tr>\n<td><span style=\"font-weight: 400;\">N\u00c1ZEV SOUBORU COOKIE<\/span><\/td>\n<td><span style=\"font-weight: 400;\">\u00da\u010cEL<\/span><\/td>\n<td><span style=\"font-weight: 400;\">DOBA TRV\u00c1N\u00cd<\/span><\/td>\n<td><span style=\"font-weight: 400;\">SPOLE\u010cNOST<\/span><\/td>\n<\/tr>\n<tr>\n<td><span style=\"font-weight: 400;\">__utma<\/span><\/td>\n<td><span style=\"font-weight: 400;\">Statistiky n\u00e1v\u0161t\u011bv u\u017eivatel\u016f<\/span><\/td>\n<td><span style=\"font-weight: 400;\">2 roky<\/span><\/td>\n<td><span style=\"font-weight: 400;\">Google Analytics<\/span><\/td>\n<\/tr>\n<tr>\n<td><span style=\"font-weight: 400;\">__utmz<\/span><\/td>\n<td><span style=\"font-weight: 400;\">Statistiky n\u00e1v\u0161t\u011bv u\u017eivatel\u016f<\/span><\/td>\n<td><span style=\"font-weight: 400;\">6 m\u011bs\u00edc\u016f<\/span><\/td>\n<td><span style=\"font-weight: 400;\">Google Analytics<\/span><\/td>\n<\/tr>\n<tr>\n<td><span style=\"font-weight: 400;\">__utmc<\/span><\/td>\n<td><span style=\"font-weight: 400;\">Statistiky n\u00e1v\u0161t\u011bv u\u017eivatel\u016f<\/span><\/td>\n<td><span style=\"font-weight: 400;\">Doba trv\u00e1n\u00ed relace<\/span><\/td>\n<td><span style=\"font-weight: 400;\">Google Analytics<\/span><\/td>\n<\/tr>\n<tr>\n<td><span style=\"font-weight: 400;\">__utmv<\/span><\/td>\n<td><span style=\"font-weight: 400;\">Statistiky n\u00e1v\u0161t\u011bv u\u017eivatel\u016f<\/span><\/td>\n<td><span style=\"font-weight: 400;\">Doba trv\u00e1n\u00ed relace<\/span><\/td>\n<td><span style=\"font-weight: 400;\">Google Analytics<\/span><\/td>\n<\/tr>\n<tr>\n<td><span style=\"font-weight: 400;\">__distillery<\/span><\/td>\n<td><span style=\"font-weight: 400;\">Provoz videop\u0159ehr\u00e1va\u010de<\/span><\/td>\n<td>shopium.eu<\/td>\n<td>shopium.eu<\/td>\n<\/tr>\n<tr>\n<td><span style=\"font-weight: 400;\">woocommerce_items_in_cart<\/span><\/td>\n<td><span style=\"font-weight: 400;\">Provoz webov\u00fdch str\u00e1nek shopium.eu<\/span><\/td>\n<td>shopium.eu<\/td>\n<td>shopium.eu<\/td>\n<\/tr>\n<tr>\n<td><span style=\"font-weight: 400;\">__kla_id<\/span><\/td>\n<td><span style=\"font-weight: 400;\">Provoz webov\u00fdch str\u00e1nek shopium.eu<\/span><\/td>\n<td>shopium.eu<\/td>\n<td>shopium.eu<\/td>\n<\/tr>\n<tr>\n<td><span style=\"font-weight: 400;\">wp_woocommerce_session_<\/span><\/td>\n<td><span style=\"font-weight: 400;\">Provoz webov\u00fdch str\u00e1nek shopium.eu<\/span><\/td>\n<td>shopium.eu<\/td>\n<td>shopium.eu<\/td>\n<\/tr>\n<\/tbody>\n<\/table>\n<p>&nbsp;<\/p>\n<p><strong>5. <b>\u00da\u010dely, ke kter\u00fdm se soubory cookie na na\u0161em webu pou\u017e\u00edvaj\u00ed<\/b><\/strong><\/p>\n<p><span style=\"font-weight: 400;\">Na na\u0161em webu se soubory cookie pou\u017e\u00edvaj\u00ed k n\u00e1sleduj\u00edc\u00edm \u00fa\u010del\u016fm:<\/span><\/p>\n<ul>\n<li style=\"font-weight: 400;\"><span style=\"font-weight: 400;\">rozpozn\u00e1n\u00ed n\u00e1v\u0161t\u011bvn\u00edka p\u0159i jeho dal\u0161\u00ed n\u00e1v\u0161t\u011bv\u011b,<\/span><\/li>\n<li style=\"font-weight: 400;\"><span style=\"font-weight: 400;\">zachov\u00e1n\u00ed v\u00e1mi poskytnut\u00e9ho hodnocen\u00ed produkt\u016f,<\/span><\/li>\n<li style=\"font-weight: 400;\"><span style=\"font-weight: 400;\">anal\u00fdza webu,<\/span><\/li>\n<li style=\"font-weight: 400;\"><span style=\"font-weight: 400;\">zaji\u0161t\u011bn\u00ed zabezpe\u010den\u00ed webov\u00fdch str\u00e1nek,<\/span><\/li>\n<li style=\"font-weight: 400;\"><span style=\"font-weight: 400;\">sledov\u00e1n\u00ed a uchov\u00e1n\u00ed obsahu va\u0161eho n\u00e1kupn\u00edho ko\u0161\u00edku (soubor cookie relace),<\/span><\/li>\n<li style=\"font-weight: 400;\"><span style=\"font-weight: 400;\">soubor cookie pro odesl\u00e1n\u00ed zpr\u00e1vy o nedokon\u010den\u00e9m n\u00e1kupu,<\/span><\/li>\n<li style=\"font-weight: 400;\"><span style=\"font-weight: 400;\">provozov\u00e1n\u00ed video obsahu,<\/span><\/li>\n<li style=\"font-weight: 400;\"><span style=\"font-weight: 400;\">provoz funkce chatu na webu a<\/span><\/li>\n<li style=\"font-weight: 400;\"><span style=\"font-weight: 400;\">reklama.<\/span><\/li>\n<\/ul>\n<p>&nbsp;<\/p>\n<p><strong>6. <\/strong><b>Va\u0161e pr\u00e1va souvisej\u00edc\u00ed se zpracov\u00e1n\u00edm osobn\u00edch \u00fadaj\u016f prost\u0159ednictv\u00edm soubor\u016f cookie<\/b><\/p>\n<p><span style=\"font-weight: 400;\">Krom\u011b \u00fapravy p\u0159edvoleb soubor\u016f cookie, jak je podrobn\u011b uvedeno v\u00fd\u0161e, m\u00e1te tak\u00e9 mo\u017enost vym\u00e1hat sv\u00e1 pr\u00e1va souvisej\u00edc\u00ed se zpracov\u00e1n\u00edm osobn\u00edch \u00fadaj\u016f. Tato pr\u00e1va jsou podrobn\u011b uvedena v na\u0161ich z\u00e1sad\u00e1ch ochrany osobn\u00edch \u00fadaj\u016f.<\/span><\/p>\n<p><strong>7. <b>Zm\u011bny a kontakt<\/b><\/strong><\/p>\n<p><span style=\"font-weight: 400;\">Tyto z\u00e1sady pou\u017e\u00edv\u00e1n\u00ed soubor\u016f cookie se mohou kdykoli zm\u011bnit. Aktualizovan\u00e1 verze bude zve\u0159ejn\u011bna na:\u00a0<\/span><span style=\"font-weight: 400;\">www.shopium.eu\/cz<\/span><\/p>\n<p><span style=\"font-weight: 400;\">Pokud m\u00e1te jak\u00e9koli dotazy nebo pot\u0159ebujete dal\u0161\u00ed informace o souborech cookie nebo zpracov\u00e1n\u00ed osobn\u00edch \u00fadaj\u016f, kontaktujte n\u00e1s na adrese <\/span><span style=\"font-weight: 400;\">cz.office@ecommer.info<\/span><span style=\"font-weight: 400;\">.<\/span><\/p>\n<p><b>ECTCEU d.o.o.\u00a0 \u00a0 Gmajnica 73b \/ SI-1218 Komenda <\/b><span style=\"font-weight: 400;\">\/\u00a0<\/span><span style=\"font-weight: 400;\">Slovinsko\u00a0<\/span><span style=\"font-weight: 400;\">\/\u00a0<\/span><span style=\"font-weight: 400;\">cz.office@ecommer.info<\/span><\/p>\n<p><span style=\"font-weight: 400;\">Registra\u010dn\u00ed org\u00e1n: Lubla\u0148sk\u00fd okresn\u00ed soud\u00a0<\/span><span style=\"font-weight: 400;\">\/\u00a0<\/span><span style=\"font-weight: 400;\">Z\u00e1kladn\u00ed kapit\u00e1l: 7 500 EUR\u00a0<\/span><span style=\"font-weight: 400;\">\/<\/span><span style=\"font-weight: 400;\">\u00a0IBAN SI56 1010 0005 7929 365\u00a0 <\/span><span style=\"font-weight: 400;\">\/<\/span><span style=\"font-weight: 400;\">\u00a0I\u010c pro DPH: 37400223\u00a0<\/span><span style=\"font-weight: 400;\">\/<\/span><span style=\"font-weight: 400;\">\u00a0Registra\u010dn\u00ed \u010d\u00edslo spole\u010dnosti: 8477493000<\/span><\/p>\n","protected":false},"excerpt":{"rendered":"<p>Spole\u010dnost ECTCEU d.o.o. respektuje a chr\u00e1n\u00ed va\u0161e soukrom\u00ed. N\u00ed\u017ee uv\u00e1d\u00edme podrobn\u011bj\u0161\u00ed informace o tom, jak zach\u00e1z\u00edme s va\u0161imi osobn\u00edmi \u00fadaji. Tyto z\u00e1sady pou\u017e\u00edv\u00e1n\u00ed soubor\u016f cookie popisuj\u00ed zpracov\u00e1n\u00ed \u00fadaj\u016f shrom\u00e1\u017ed\u011bn\u00fdch pomoc\u00ed soubor\u016f cookie a podobn\u00fdch technologi\u00ed. Tyto z\u00e1sady byly p\u0159ipraveny v souladu s obecn\u00fdm na\u0159\u00edzen\u00edm o ochran\u011b osobn\u00edch \u00fadaj\u016f Evropsk\u00e9 unie a platn\u00fdmi slovinsk\u00fdmi pr\u00e1vn\u00edmi p\u0159edpisy. &hellip; <a href=\"https:\/\/non-stopshop.eu\/cz\/zasady-pouzivani-souboru-cookie\/\">Continued<\/a><\/p>\n","protected":false},"author":4,"featured_media":0,"parent":0,"menu_order":0,"comment_status":"closed","ping_status":"closed","template":"","meta":{"inline_featured_image":false,"footnotes":""},"class_list":["post-746","page","type-page","status-publish","hentry"],"acf":[],"_links":{"self":[{"href":"https:\/\/non-stopshop.eu\/cz\/wp-json\/wp\/v2\/pages\/746","targetHints":{"allow":["GET"]}}],"collection":[{"href":"https:\/\/non-stopshop.eu\/cz\/wp-json\/wp\/v2\/pages"}],"about":[{"href":"https:\/\/non-stopshop.eu\/cz\/wp-json\/wp\/v2\/types\/page"}],"author":[{"embeddable":true,"href":"https:\/\/non-stopshop.eu\/cz\/wp-json\/wp\/v2\/users\/4"}],"replies":[{"embeddable":true,"href":"https:\/\/non-stopshop.eu\/cz\/wp-json\/wp\/v2\/comments?post=746"}],"version-history":[{"count":1,"href":"https:\/\/non-stopshop.eu\/cz\/wp-json\/wp\/v2\/pages\/746\/revisions"}],"predecessor-version":[{"id":747,"href":"https:\/\/non-stopshop.eu\/cz\/wp-json\/wp\/v2\/pages\/746\/revisions\/747"}],"wp:attachment":[{"href":"https:\/\/non-stopshop.eu\/cz\/wp-json\/wp\/v2\/media?parent=746"}],"curies":[{"name":"wp","href":"https:\/\/api.w.org\/{rel}","templated":true}]}}