{"id":10129,"date":"2023-01-19T11:40:09","date_gmt":"2023-01-19T10:40:09","guid":{"rendered":"https:\/\/non-stopshop.eu\/cz\/?post_type=product&#038;p=10129"},"modified":"2023-01-19T11:51:29","modified_gmt":"2023-01-19T10:51:29","slug":"akumulatorovy-rucni-vysavac","status":"publish","type":"product","link":"https:\/\/non-stopshop.eu\/cz\/produkt\/akumulatorovy-rucni-vysavac\/","title":{"rendered":"Akumul\u00e1torov\u00fd  ru\u010dn\u00ed vysava\u010d"},"content":{"rendered":"","protected":false},"excerpt":{"rendered":"<p>Lehk\u00fd ru\u010dn\u00ed vysava\u010d se siln\u00fdm sac\u00edm v\u00fdkonem je ide\u00e1ln\u00edm pomocn\u00edkem v ka\u017ed\u00e9 dom\u00e1cnosti, na pracovi\u0161ti nebo v aut\u011b. Zbavte se \u0161p\u00edny v n\u011bkolika kroc\u00edch s t\u00edmto vynikaj\u00edc\u00edm vysava\u010dem.<\/p>\n","protected":false},"featured_media":10135,"comment_status":"closed","ping_status":"closed","template":"","meta":{"inline_featured_image":false},"product_brand":[],"product_cat":[15,25,27],"product_tag":[],"class_list":{"0":"post-10129","1":"product","2":"type-product","3":"status-publish","4":"has-post-thumbnail","6":"product_cat-uncategorized","7":"product_cat-car","8":"product_cat-home","10":"first","11":"instock","12":"sale","13":"taxable","14":"shipping-taxable","15":"purchasable","16":"product-type-simple"},"acf":[],"_links":{"self":[{"href":"https:\/\/non-stopshop.eu\/cz\/wp-json\/wp\/v2\/product\/10129","targetHints":{"allow":["GET"]}}],"collection":[{"href":"https:\/\/non-stopshop.eu\/cz\/wp-json\/wp\/v2\/product"}],"about":[{"href":"https:\/\/non-stopshop.eu\/cz\/wp-json\/wp\/v2\/types\/product"}],"replies":[{"embeddable":true,"href":"https:\/\/non-stopshop.eu\/cz\/wp-json\/wp\/v2\/comments?post=10129"}],"wp:featuredmedia":[{"embeddable":true,"href":"https:\/\/non-stopshop.eu\/cz\/wp-json\/wp\/v2\/media\/10135"}],"wp:attachment":[{"href":"https:\/\/non-stopshop.eu\/cz\/wp-json\/wp\/v2\/media?parent=10129"}],"wp:term":[{"taxonomy":"product_brand","embeddable":true,"href":"https:\/\/non-stopshop.eu\/cz\/wp-json\/wp\/v2\/product_brand?post=10129"},{"taxonomy":"product_cat","embeddable":true,"href":"https:\/\/non-stopshop.eu\/cz\/wp-json\/wp\/v2\/product_cat?post=10129"},{"taxonomy":"product_tag","embeddable":true,"href":"https:\/\/non-stopshop.eu\/cz\/wp-json\/wp\/v2\/product_tag?post=10129"}],"curies":[{"name":"wp","href":"https:\/\/api.w.org\/{rel}","templated":true}]}}