{"id":10512,"date":"2023-02-27T10:42:55","date_gmt":"2023-02-27T09:42:55","guid":{"rendered":"https:\/\/non-stopshop.eu\/cz\/?post_type=product&#038;p=10512"},"modified":"2023-11-28T12:11:59","modified_gmt":"2023-11-28T11:11:59","slug":"tepla-obuv-pro-miminka-a-deti","status":"publish","type":"product","link":"https:\/\/non-stopshop.eu\/cz\/produkt\/tepla-obuv-pro-miminka-a-deti\/","title":{"rendered":"Tepl\u00e1 obuv pro miminka a d\u011bti"},"content":{"rendered":"","protected":false},"excerpt":{"rendered":"<p>Pohodln\u00e9 a m\u011bkk\u00e9 boti\u010dky pro miminka a d\u011bti poskytnou mal\u00fdm no\u017ei\u010dk\u00e1m maxim\u00e1ln\u00ed pohodl\u00ed a teplo. \u0160pi\u010dkov\u00e9 materi\u00e1ly a kr\u00e1sn\u00fd vzhled dopln\u00ed ka\u017edou kombinaci.<\/p>\n","protected":false},"featured_media":10515,"comment_status":"closed","ping_status":"closed","template":"","meta":{"inline_featured_image":false},"product_brand":[],"product_cat":[15,28,26],"product_tag":[],"class_list":{"0":"post-10512","1":"product","2":"type-product","3":"status-publish","4":"has-post-thumbnail","6":"product_cat-uncategorized","7":"product_cat-beauty","8":"product_cat-health","10":"first","11":"instock","12":"sale","13":"taxable","14":"shipping-taxable","15":"purchasable","16":"product-type-simple"},"acf":[],"_links":{"self":[{"href":"https:\/\/non-stopshop.eu\/cz\/wp-json\/wp\/v2\/product\/10512","targetHints":{"allow":["GET"]}}],"collection":[{"href":"https:\/\/non-stopshop.eu\/cz\/wp-json\/wp\/v2\/product"}],"about":[{"href":"https:\/\/non-stopshop.eu\/cz\/wp-json\/wp\/v2\/types\/product"}],"replies":[{"embeddable":true,"href":"https:\/\/non-stopshop.eu\/cz\/wp-json\/wp\/v2\/comments?post=10512"}],"wp:featuredmedia":[{"embeddable":true,"href":"https:\/\/non-stopshop.eu\/cz\/wp-json\/wp\/v2\/media\/10515"}],"wp:attachment":[{"href":"https:\/\/non-stopshop.eu\/cz\/wp-json\/wp\/v2\/media?parent=10512"}],"wp:term":[{"taxonomy":"product_brand","embeddable":true,"href":"https:\/\/non-stopshop.eu\/cz\/wp-json\/wp\/v2\/product_brand?post=10512"},{"taxonomy":"product_cat","embeddable":true,"href":"https:\/\/non-stopshop.eu\/cz\/wp-json\/wp\/v2\/product_cat?post=10512"},{"taxonomy":"product_tag","embeddable":true,"href":"https:\/\/non-stopshop.eu\/cz\/wp-json\/wp\/v2\/product_tag?post=10512"}],"curies":[{"name":"wp","href":"https:\/\/api.w.org\/{rel}","templated":true}]}}