{"id":10890,"date":"2023-04-27T12:07:55","date_gmt":"2023-04-27T10:07:55","guid":{"rendered":"https:\/\/non-stopshop.eu\/cz\/?post_type=product&#038;p=10890"},"modified":"2023-05-05T11:23:42","modified_gmt":"2023-05-05T09:23:42","slug":"zestihlujici-stahovaci-pradlo","status":"publish","type":"product","link":"https:\/\/non-stopshop.eu\/cz\/produkt\/zestihlujici-stahovaci-pradlo\/","title":{"rendered":"Ze\u0161t\u00edhluj\u00edc\u00ed stahovac\u00ed pr\u00e1dlo"},"content":{"rendered":"","protected":false},"excerpt":{"rendered":"<p>Dos\u00e1hn\u011bte \u00fa\u017easn\u00e9ho vzhledu s t\u011bmito pun\u010dochov\u00fdmi kalhotami, kter\u00e9 tvaruj\u00ed pas a stehna pro celodenn\u00ed ka\u017edodenn\u00ed pohodl\u00ed.<\/p>\n","protected":false},"featured_media":10909,"comment_status":"closed","ping_status":"closed","template":"","meta":{"inline_featured_image":false},"product_brand":[],"product_cat":[15,28,26],"product_tag":[],"class_list":{"0":"post-10890","1":"product","2":"type-product","3":"status-publish","4":"has-post-thumbnail","6":"product_cat-uncategorized","7":"product_cat-beauty","8":"product_cat-health","10":"first","11":"instock","12":"sale","13":"taxable","14":"shipping-taxable","15":"purchasable","16":"product-type-variable"},"acf":[],"_links":{"self":[{"href":"https:\/\/non-stopshop.eu\/cz\/wp-json\/wp\/v2\/product\/10890","targetHints":{"allow":["GET"]}}],"collection":[{"href":"https:\/\/non-stopshop.eu\/cz\/wp-json\/wp\/v2\/product"}],"about":[{"href":"https:\/\/non-stopshop.eu\/cz\/wp-json\/wp\/v2\/types\/product"}],"replies":[{"embeddable":true,"href":"https:\/\/non-stopshop.eu\/cz\/wp-json\/wp\/v2\/comments?post=10890"}],"wp:featuredmedia":[{"embeddable":true,"href":"https:\/\/non-stopshop.eu\/cz\/wp-json\/wp\/v2\/media\/10909"}],"wp:attachment":[{"href":"https:\/\/non-stopshop.eu\/cz\/wp-json\/wp\/v2\/media?parent=10890"}],"wp:term":[{"taxonomy":"product_brand","embeddable":true,"href":"https:\/\/non-stopshop.eu\/cz\/wp-json\/wp\/v2\/product_brand?post=10890"},{"taxonomy":"product_cat","embeddable":true,"href":"https:\/\/non-stopshop.eu\/cz\/wp-json\/wp\/v2\/product_cat?post=10890"},{"taxonomy":"product_tag","embeddable":true,"href":"https:\/\/non-stopshop.eu\/cz\/wp-json\/wp\/v2\/product_tag?post=10890"}],"curies":[{"name":"wp","href":"https:\/\/api.w.org\/{rel}","templated":true}]}}