{"id":11113,"date":"2023-06-29T10:22:01","date_gmt":"2023-06-29T08:22:01","guid":{"rendered":"https:\/\/non-stopshop.eu\/cz\/?post_type=product&#038;p=11113"},"modified":"2023-07-19T09:51:59","modified_gmt":"2023-07-19T07:51:59","slug":"mydlo-pro-ztmaveni-sedych-vlasu","status":"publish","type":"product","link":"https:\/\/non-stopshop.eu\/cz\/produkt\/mydlo-pro-ztmaveni-sedych-vlasu\/","title":{"rendered":"M\u00fddlo pro ztmaven\u00ed \u0161ed\u00fdch vlas\u016f"},"content":{"rendered":"","protected":false},"excerpt":{"rendered":"<p>Postupn\u011b se zbavte \u0161ediv\u00fdch vlas\u016f s t\u00edmto \u00fa\u010dinn\u00fdm m\u00fddlem. Jednoduch\u00e9 a snadn\u00e9 &#8211; jako \u0161amponov\u00e1n\u00ed!<\/p>\n<p>&nbsp;<\/p>\n<p>&nbsp;<\/p>\n","protected":false},"featured_media":11118,"comment_status":"closed","ping_status":"closed","template":"","meta":{"inline_featured_image":false},"product_brand":[],"product_cat":[15,28],"product_tag":[],"class_list":{"0":"post-11113","1":"product","2":"type-product","3":"status-publish","4":"has-post-thumbnail","6":"product_cat-uncategorized","7":"product_cat-beauty","9":"first","10":"instock","11":"sale","12":"taxable","13":"shipping-taxable","14":"purchasable","15":"product-type-simple"},"acf":[],"_links":{"self":[{"href":"https:\/\/non-stopshop.eu\/cz\/wp-json\/wp\/v2\/product\/11113","targetHints":{"allow":["GET"]}}],"collection":[{"href":"https:\/\/non-stopshop.eu\/cz\/wp-json\/wp\/v2\/product"}],"about":[{"href":"https:\/\/non-stopshop.eu\/cz\/wp-json\/wp\/v2\/types\/product"}],"replies":[{"embeddable":true,"href":"https:\/\/non-stopshop.eu\/cz\/wp-json\/wp\/v2\/comments?post=11113"}],"wp:featuredmedia":[{"embeddable":true,"href":"https:\/\/non-stopshop.eu\/cz\/wp-json\/wp\/v2\/media\/11118"}],"wp:attachment":[{"href":"https:\/\/non-stopshop.eu\/cz\/wp-json\/wp\/v2\/media?parent=11113"}],"wp:term":[{"taxonomy":"product_brand","embeddable":true,"href":"https:\/\/non-stopshop.eu\/cz\/wp-json\/wp\/v2\/product_brand?post=11113"},{"taxonomy":"product_cat","embeddable":true,"href":"https:\/\/non-stopshop.eu\/cz\/wp-json\/wp\/v2\/product_cat?post=11113"},{"taxonomy":"product_tag","embeddable":true,"href":"https:\/\/non-stopshop.eu\/cz\/wp-json\/wp\/v2\/product_tag?post=11113"}],"curies":[{"name":"wp","href":"https:\/\/api.w.org\/{rel}","templated":true}]}}