{"id":11314,"date":"2023-08-11T14:01:14","date_gmt":"2023-08-11T12:01:14","guid":{"rendered":"https:\/\/non-stopshop.eu\/cz\/?post_type=product&#038;p=11314"},"modified":"2023-11-10T10:24:07","modified_gmt":"2023-11-10T09:24:07","slug":"trenazer-do-pasu","status":"publish","type":"product","link":"https:\/\/non-stopshop.eu\/cz\/produkt\/trenazer-do-pasu\/","title":{"rendered":"Trena\u017e\u00e9r do pasu"},"content":{"rendered":"","protected":false},"excerpt":{"rendered":"<p>Pohodln\u00fd a prody\u0161n\u00fd elastick\u00fd p\u00e1s na boky a z\u00e1da v\u00e1m d\u00e1v\u00e1 pocit bezpe\u010d\u00ed a snadn\u00e9ho pohybu. Sni\u017euje bolesti zad a rychleji spaluje kalorie a celulitida miz\u00ed s touto p\u00e1skou dokonce 2-3x rychleji.<\/p>\n","protected":false},"featured_media":11322,"comment_status":"closed","ping_status":"closed","template":"","meta":{"inline_featured_image":false},"product_brand":[],"product_cat":[15,28,26],"product_tag":[],"class_list":{"0":"post-11314","1":"product","2":"type-product","3":"status-publish","4":"has-post-thumbnail","6":"product_cat-uncategorized","7":"product_cat-beauty","8":"product_cat-health","10":"first","11":"instock","12":"sale","13":"taxable","14":"shipping-taxable","15":"purchasable","16":"product-type-simple"},"acf":[],"_links":{"self":[{"href":"https:\/\/non-stopshop.eu\/cz\/wp-json\/wp\/v2\/product\/11314","targetHints":{"allow":["GET"]}}],"collection":[{"href":"https:\/\/non-stopshop.eu\/cz\/wp-json\/wp\/v2\/product"}],"about":[{"href":"https:\/\/non-stopshop.eu\/cz\/wp-json\/wp\/v2\/types\/product"}],"replies":[{"embeddable":true,"href":"https:\/\/non-stopshop.eu\/cz\/wp-json\/wp\/v2\/comments?post=11314"}],"wp:featuredmedia":[{"embeddable":true,"href":"https:\/\/non-stopshop.eu\/cz\/wp-json\/wp\/v2\/media\/11322"}],"wp:attachment":[{"href":"https:\/\/non-stopshop.eu\/cz\/wp-json\/wp\/v2\/media?parent=11314"}],"wp:term":[{"taxonomy":"product_brand","embeddable":true,"href":"https:\/\/non-stopshop.eu\/cz\/wp-json\/wp\/v2\/product_brand?post=11314"},{"taxonomy":"product_cat","embeddable":true,"href":"https:\/\/non-stopshop.eu\/cz\/wp-json\/wp\/v2\/product_cat?post=11314"},{"taxonomy":"product_tag","embeddable":true,"href":"https:\/\/non-stopshop.eu\/cz\/wp-json\/wp\/v2\/product_tag?post=11314"}],"curies":[{"name":"wp","href":"https:\/\/api.w.org\/{rel}","templated":true}]}}