{"id":11442,"date":"2023-09-19T13:30:51","date_gmt":"2023-09-19T11:30:51","guid":{"rendered":"https:\/\/non-stopshop.eu\/cz\/?post_type=product&#038;p=11442"},"modified":"2023-09-19T13:40:15","modified_gmt":"2023-09-19T11:40:15","slug":"diy-sada-na-vyrobu-naramku","status":"publish","type":"product","link":"https:\/\/non-stopshop.eu\/cz\/produkt\/diy-sada-na-vyrobu-naramku\/","title":{"rendered":"DIY sada na v\u00fdrobu n\u00e1ramk\u016f"},"content":{"rendered":"","protected":false},"excerpt":{"rendered":"<p>Vyj\u00e1d\u0159ete svou kreativitu a vyrobte si jedine\u010dn\u00e9 n\u00e1ramky. V t\u00e9to sad\u011b z\u00edsk\u00e1te v\u0161e, co pot\u0159ebujete k v\u00fdrob\u011b kr\u00e1sn\u00fdch \u0161perk\u016f.<\/p>\n","protected":false},"featured_media":11447,"comment_status":"closed","ping_status":"closed","template":"","meta":{"inline_featured_image":false},"product_brand":[],"product_cat":[15,28,35],"product_tag":[],"class_list":{"0":"post-11442","1":"product","2":"type-product","3":"status-publish","4":"has-post-thumbnail","6":"product_cat-uncategorized","7":"product_cat-beauty","8":"product_cat-fun","10":"first","11":"instock","12":"sale","13":"taxable","14":"shipping-taxable","15":"purchasable","16":"product-type-simple"},"acf":[],"_links":{"self":[{"href":"https:\/\/non-stopshop.eu\/cz\/wp-json\/wp\/v2\/product\/11442","targetHints":{"allow":["GET"]}}],"collection":[{"href":"https:\/\/non-stopshop.eu\/cz\/wp-json\/wp\/v2\/product"}],"about":[{"href":"https:\/\/non-stopshop.eu\/cz\/wp-json\/wp\/v2\/types\/product"}],"replies":[{"embeddable":true,"href":"https:\/\/non-stopshop.eu\/cz\/wp-json\/wp\/v2\/comments?post=11442"}],"wp:featuredmedia":[{"embeddable":true,"href":"https:\/\/non-stopshop.eu\/cz\/wp-json\/wp\/v2\/media\/11447"}],"wp:attachment":[{"href":"https:\/\/non-stopshop.eu\/cz\/wp-json\/wp\/v2\/media?parent=11442"}],"wp:term":[{"taxonomy":"product_brand","embeddable":true,"href":"https:\/\/non-stopshop.eu\/cz\/wp-json\/wp\/v2\/product_brand?post=11442"},{"taxonomy":"product_cat","embeddable":true,"href":"https:\/\/non-stopshop.eu\/cz\/wp-json\/wp\/v2\/product_cat?post=11442"},{"taxonomy":"product_tag","embeddable":true,"href":"https:\/\/non-stopshop.eu\/cz\/wp-json\/wp\/v2\/product_tag?post=11442"}],"curies":[{"name":"wp","href":"https:\/\/api.w.org\/{rel}","templated":true}]}}