{"id":12284,"date":"2023-11-06T13:44:40","date_gmt":"2023-11-06T12:44:40","guid":{"rendered":"https:\/\/non-stopshop.eu\/cz\/?post_type=product&#038;p=12284"},"modified":"2023-11-10T09:41:11","modified_gmt":"2023-11-10T08:41:11","slug":"vakuovy-cistic-a-sterilizator","status":"publish","type":"product","link":"https:\/\/non-stopshop.eu\/cz\/produkt\/vakuovy-cistic-a-sterilizator\/","title":{"rendered":"Vakuov\u00fd \u010disti\u010d a steriliz\u00e1tor"},"content":{"rendered":"","protected":false},"excerpt":{"rendered":"<p>UV steriliz\u00e1tor a \u010disti\u010d prachu a rozto\u010d\u016f v\u00e1m zaru\u010d\u00ed \u010derstv\u00e9 a bezpe\u010dn\u00e9 prost\u0159ed\u00ed. Dop\u0159ejte si optim\u00e1ln\u011b \u010dist\u00fd domov!<\/p>\n","protected":false},"featured_media":12296,"comment_status":"closed","ping_status":"closed","template":"","meta":{"inline_featured_image":false},"product_brand":[],"product_cat":[15,27],"product_tag":[],"class_list":{"0":"post-12284","1":"product","2":"type-product","3":"status-publish","4":"has-post-thumbnail","6":"product_cat-uncategorized","7":"product_cat-home","9":"first","10":"instock","11":"sale","12":"taxable","13":"shipping-taxable","14":"purchasable","15":"product-type-simple"},"acf":[],"_links":{"self":[{"href":"https:\/\/non-stopshop.eu\/cz\/wp-json\/wp\/v2\/product\/12284","targetHints":{"allow":["GET"]}}],"collection":[{"href":"https:\/\/non-stopshop.eu\/cz\/wp-json\/wp\/v2\/product"}],"about":[{"href":"https:\/\/non-stopshop.eu\/cz\/wp-json\/wp\/v2\/types\/product"}],"replies":[{"embeddable":true,"href":"https:\/\/non-stopshop.eu\/cz\/wp-json\/wp\/v2\/comments?post=12284"}],"wp:featuredmedia":[{"embeddable":true,"href":"https:\/\/non-stopshop.eu\/cz\/wp-json\/wp\/v2\/media\/12296"}],"wp:attachment":[{"href":"https:\/\/non-stopshop.eu\/cz\/wp-json\/wp\/v2\/media?parent=12284"}],"wp:term":[{"taxonomy":"product_brand","embeddable":true,"href":"https:\/\/non-stopshop.eu\/cz\/wp-json\/wp\/v2\/product_brand?post=12284"},{"taxonomy":"product_cat","embeddable":true,"href":"https:\/\/non-stopshop.eu\/cz\/wp-json\/wp\/v2\/product_cat?post=12284"},{"taxonomy":"product_tag","embeddable":true,"href":"https:\/\/non-stopshop.eu\/cz\/wp-json\/wp\/v2\/product_tag?post=12284"}],"curies":[{"name":"wp","href":"https:\/\/api.w.org\/{rel}","templated":true}]}}