{"id":12323,"date":"2023-11-06T14:02:05","date_gmt":"2023-11-06T13:02:05","guid":{"rendered":"https:\/\/non-stopshop.eu\/cz\/?post_type=product&#038;p=12323"},"modified":"2023-11-29T09:11:56","modified_gmt":"2023-11-29T08:11:56","slug":"vysoce-kvalitni-past-na-zvirata","status":"publish","type":"product","link":"https:\/\/non-stopshop.eu\/cz\/produkt\/vysoce-kvalitni-past-na-zvirata\/","title":{"rendered":"Vysoce kvalitn\u00ed past na zv\u00ed\u0159ata"},"content":{"rendered":"","protected":false},"excerpt":{"rendered":"<p>Hum\u00e1nn\u00ed past na zv\u00ed\u0159ata speci\u00e1ln\u011b navr\u017een\u00e1 k bezbolestn\u00e9mu a snadn\u00e9mu odchytu ko\u0159isti.<\/p>\n","protected":false},"featured_media":12328,"comment_status":"closed","ping_status":"closed","template":"","meta":{"inline_featured_image":false},"product_brand":[],"product_cat":[15,27],"product_tag":[],"class_list":{"0":"post-12323","1":"product","2":"type-product","3":"status-publish","4":"has-post-thumbnail","6":"product_cat-uncategorized","7":"product_cat-home","9":"first","10":"instock","11":"sale","12":"taxable","13":"shipping-taxable","14":"purchasable","15":"product-type-simple"},"acf":[],"_links":{"self":[{"href":"https:\/\/non-stopshop.eu\/cz\/wp-json\/wp\/v2\/product\/12323","targetHints":{"allow":["GET"]}}],"collection":[{"href":"https:\/\/non-stopshop.eu\/cz\/wp-json\/wp\/v2\/product"}],"about":[{"href":"https:\/\/non-stopshop.eu\/cz\/wp-json\/wp\/v2\/types\/product"}],"replies":[{"embeddable":true,"href":"https:\/\/non-stopshop.eu\/cz\/wp-json\/wp\/v2\/comments?post=12323"}],"wp:featuredmedia":[{"embeddable":true,"href":"https:\/\/non-stopshop.eu\/cz\/wp-json\/wp\/v2\/media\/12328"}],"wp:attachment":[{"href":"https:\/\/non-stopshop.eu\/cz\/wp-json\/wp\/v2\/media?parent=12323"}],"wp:term":[{"taxonomy":"product_brand","embeddable":true,"href":"https:\/\/non-stopshop.eu\/cz\/wp-json\/wp\/v2\/product_brand?post=12323"},{"taxonomy":"product_cat","embeddable":true,"href":"https:\/\/non-stopshop.eu\/cz\/wp-json\/wp\/v2\/product_cat?post=12323"},{"taxonomy":"product_tag","embeddable":true,"href":"https:\/\/non-stopshop.eu\/cz\/wp-json\/wp\/v2\/product_tag?post=12323"}],"curies":[{"name":"wp","href":"https:\/\/api.w.org\/{rel}","templated":true}]}}