{"id":12576,"date":"2023-12-07T12:57:01","date_gmt":"2023-12-07T11:57:01","guid":{"rendered":"https:\/\/non-stopshop.eu\/cz\/?post_type=product&#038;p=12576"},"modified":"2023-12-07T14:27:15","modified_gmt":"2023-12-07T13:27:15","slug":"nano-sprej-proti-poskrabani-nanocoatingagent","status":"publish","type":"product","link":"https:\/\/non-stopshop.eu\/cz\/produkt\/nano-sprej-proti-poskrabani-nanocoatingagent\/","title":{"rendered":"Nano sprej proti po\u0161kr\u00e1b\u00e1n\u00ed \u2013 NanoCoatingAgent"},"content":{"rendered":"","protected":false},"excerpt":{"rendered":"<p>Univerz\u00e1ln\u00ed a efektivn\u00ed hydrofobn\u00ed povrchov\u00e1 n\u00e1t\u011br pro odstran\u011bn\u00ed \u0161kr\u00e1banc\u016f na va\u0161em aut\u011b v\u00e1m umo\u017en\u00ed absolutn\u011b praktick\u00e9 a snadn\u00e9 odstran\u011bn\u00ed, ani\u017e byste museli chodit do autolakovny nebo karos\u00e1rny, s maxim\u00e1ln\u00edm efektem lesku a trvanlivosti.<\/p>\n","protected":false},"featured_media":12584,"comment_status":"closed","ping_status":"closed","template":"","meta":{"inline_featured_image":false},"product_brand":[],"product_cat":[15,25],"product_tag":[],"class_list":{"0":"post-12576","1":"product","2":"type-product","3":"status-publish","4":"has-post-thumbnail","6":"product_cat-uncategorized","7":"product_cat-car","9":"first","10":"instock","11":"sale","12":"taxable","13":"shipping-taxable","14":"purchasable","15":"product-type-simple"},"acf":[],"_links":{"self":[{"href":"https:\/\/non-stopshop.eu\/cz\/wp-json\/wp\/v2\/product\/12576","targetHints":{"allow":["GET"]}}],"collection":[{"href":"https:\/\/non-stopshop.eu\/cz\/wp-json\/wp\/v2\/product"}],"about":[{"href":"https:\/\/non-stopshop.eu\/cz\/wp-json\/wp\/v2\/types\/product"}],"replies":[{"embeddable":true,"href":"https:\/\/non-stopshop.eu\/cz\/wp-json\/wp\/v2\/comments?post=12576"}],"wp:featuredmedia":[{"embeddable":true,"href":"https:\/\/non-stopshop.eu\/cz\/wp-json\/wp\/v2\/media\/12584"}],"wp:attachment":[{"href":"https:\/\/non-stopshop.eu\/cz\/wp-json\/wp\/v2\/media?parent=12576"}],"wp:term":[{"taxonomy":"product_brand","embeddable":true,"href":"https:\/\/non-stopshop.eu\/cz\/wp-json\/wp\/v2\/product_brand?post=12576"},{"taxonomy":"product_cat","embeddable":true,"href":"https:\/\/non-stopshop.eu\/cz\/wp-json\/wp\/v2\/product_cat?post=12576"},{"taxonomy":"product_tag","embeddable":true,"href":"https:\/\/non-stopshop.eu\/cz\/wp-json\/wp\/v2\/product_tag?post=12576"}],"curies":[{"name":"wp","href":"https:\/\/api.w.org\/{rel}","templated":true}]}}