{"id":2385,"date":"2021-04-13T09:39:40","date_gmt":"2021-04-13T07:39:40","guid":{"rendered":"https:\/\/shopium.eu\/cz\/?post_type=product&#038;p=2385"},"modified":"2021-04-15T15:44:39","modified_gmt":"2021-04-15T13:44:39","slug":"anticelulitidni-leginy-celufit","status":"publish","type":"product","link":"https:\/\/non-stopshop.eu\/cz\/produkt\/anticelulitidni-leginy-celufit\/","title":{"rendered":"Anticelulitidn\u00ed leg\u00edny &#8211; Celufit"},"content":{"rendered":"","protected":false},"excerpt":{"rendered":"<p>Vyrobene z m\u011bkk\u00e9ho materi\u00e1lu p\u0159\u00edjemn\u00e9ho na poko\u017eku, s revolu\u010dn\u00edm push up efektem a s\u00ed\u0165ovinou na skryt\u00ed celulitidy, tyto leg\u00edny se stanou spojencem v\u0161ech \u017een.<\/p>\n","protected":false},"featured_media":2393,"comment_status":"closed","ping_status":"closed","template":"","meta":{"inline_featured_image":false},"product_brand":[],"product_cat":[15],"product_tag":[],"class_list":{"0":"post-2385","1":"product","2":"type-product","3":"status-publish","4":"has-post-thumbnail","6":"product_cat-uncategorized","8":"first","9":"instock","10":"sale","11":"taxable","12":"shipping-taxable","13":"purchasable","14":"product-type-simple"},"acf":[],"_links":{"self":[{"href":"https:\/\/non-stopshop.eu\/cz\/wp-json\/wp\/v2\/product\/2385","targetHints":{"allow":["GET"]}}],"collection":[{"href":"https:\/\/non-stopshop.eu\/cz\/wp-json\/wp\/v2\/product"}],"about":[{"href":"https:\/\/non-stopshop.eu\/cz\/wp-json\/wp\/v2\/types\/product"}],"replies":[{"embeddable":true,"href":"https:\/\/non-stopshop.eu\/cz\/wp-json\/wp\/v2\/comments?post=2385"}],"wp:featuredmedia":[{"embeddable":true,"href":"https:\/\/non-stopshop.eu\/cz\/wp-json\/wp\/v2\/media\/2393"}],"wp:attachment":[{"href":"https:\/\/non-stopshop.eu\/cz\/wp-json\/wp\/v2\/media?parent=2385"}],"wp:term":[{"taxonomy":"product_brand","embeddable":true,"href":"https:\/\/non-stopshop.eu\/cz\/wp-json\/wp\/v2\/product_brand?post=2385"},{"taxonomy":"product_cat","embeddable":true,"href":"https:\/\/non-stopshop.eu\/cz\/wp-json\/wp\/v2\/product_cat?post=2385"},{"taxonomy":"product_tag","embeddable":true,"href":"https:\/\/non-stopshop.eu\/cz\/wp-json\/wp\/v2\/product_tag?post=2385"}],"curies":[{"name":"wp","href":"https:\/\/api.w.org\/{rel}","templated":true}]}}