{"id":3272,"date":"2021-04-22T20:59:57","date_gmt":"2021-04-22T18:59:57","guid":{"rendered":"https:\/\/shopium.eu\/cz\/?post_type=product&#038;p=3272"},"modified":"2021-04-22T21:02:38","modified_gmt":"2021-04-22T19:02:38","slug":"modifikovana-motorova-pila-nastavec-swap","status":"publish","type":"product","link":"https:\/\/non-stopshop.eu\/cz\/produkt\/modifikovana-motorova-pila-nastavec-swap\/","title":{"rendered":"Modifikovan\u00e1 motorov\u00e1 pila (n\u00e1stavec) &#8211; Swap"},"content":{"rendered":"","protected":false},"excerpt":{"rendered":"<p>P\u0159edstavujeme v\u00e1m tento skv\u011bl\u00fd produkt, kter\u00fdm velmi lehce budete \u0159ezat d\u0159evo nebo kov, a nebudete pot\u0159ebovat \u017e\u00e1dn\u00e9 kabely ani baterie, proto\u017ee se jednodu\u0161e p\u0159ipevn\u00ed k vrta\u010dce.<\/p>\n","protected":false},"featured_media":3273,"comment_status":"closed","ping_status":"closed","template":"","meta":{"inline_featured_image":false},"product_brand":[],"product_cat":[15],"product_tag":[],"class_list":{"0":"post-3272","1":"product","2":"type-product","3":"status-publish","4":"has-post-thumbnail","6":"product_cat-uncategorized","8":"first","9":"instock","10":"sale","11":"taxable","12":"shipping-taxable","13":"purchasable","14":"product-type-simple"},"acf":[],"_links":{"self":[{"href":"https:\/\/non-stopshop.eu\/cz\/wp-json\/wp\/v2\/product\/3272","targetHints":{"allow":["GET"]}}],"collection":[{"href":"https:\/\/non-stopshop.eu\/cz\/wp-json\/wp\/v2\/product"}],"about":[{"href":"https:\/\/non-stopshop.eu\/cz\/wp-json\/wp\/v2\/types\/product"}],"replies":[{"embeddable":true,"href":"https:\/\/non-stopshop.eu\/cz\/wp-json\/wp\/v2\/comments?post=3272"}],"wp:featuredmedia":[{"embeddable":true,"href":"https:\/\/non-stopshop.eu\/cz\/wp-json\/wp\/v2\/media\/3273"}],"wp:attachment":[{"href":"https:\/\/non-stopshop.eu\/cz\/wp-json\/wp\/v2\/media?parent=3272"}],"wp:term":[{"taxonomy":"product_brand","embeddable":true,"href":"https:\/\/non-stopshop.eu\/cz\/wp-json\/wp\/v2\/product_brand?post=3272"},{"taxonomy":"product_cat","embeddable":true,"href":"https:\/\/non-stopshop.eu\/cz\/wp-json\/wp\/v2\/product_cat?post=3272"},{"taxonomy":"product_tag","embeddable":true,"href":"https:\/\/non-stopshop.eu\/cz\/wp-json\/wp\/v2\/product_tag?post=3272"}],"curies":[{"name":"wp","href":"https:\/\/api.w.org\/{rel}","templated":true}]}}