{"id":3289,"date":"2021-04-22T21:07:27","date_gmt":"2021-04-22T19:07:27","guid":{"rendered":"https:\/\/shopium.eu\/cz\/?post_type=product&#038;p=3289"},"modified":"2021-04-23T09:20:08","modified_gmt":"2021-04-23T07:20:08","slug":"mini-motorova-pila-minichain","status":"publish","type":"product","link":"https:\/\/non-stopshop.eu\/cz\/produkt\/mini-motorova-pila-minichain\/","title":{"rendered":"Mini motorov\u00e1 pila &#8211; MiniChain"},"content":{"rendered":"","protected":false},"excerpt":{"rendered":"<p>Super mini p\u0159enosn\u00e1 motorov\u00e1 pila m\u00e1 LED sv\u011btla pro lep\u0161\u00ed viditelnost, bezpe\u010dnostn\u00ed z\u00e1v\u011brku a velkou baterii, tak\u017ee nepot\u0159ebujete \u017e\u00e1dn\u00e9 kabely.<\/p>\n","protected":false},"featured_media":3290,"comment_status":"closed","ping_status":"closed","template":"","meta":{"inline_featured_image":false},"product_brand":[],"product_cat":[15],"product_tag":[],"class_list":{"0":"post-3289","1":"product","2":"type-product","3":"status-publish","4":"has-post-thumbnail","6":"product_cat-uncategorized","8":"first","9":"instock","10":"sale","11":"taxable","12":"shipping-taxable","13":"purchasable","14":"product-type-simple"},"acf":[],"_links":{"self":[{"href":"https:\/\/non-stopshop.eu\/cz\/wp-json\/wp\/v2\/product\/3289","targetHints":{"allow":["GET"]}}],"collection":[{"href":"https:\/\/non-stopshop.eu\/cz\/wp-json\/wp\/v2\/product"}],"about":[{"href":"https:\/\/non-stopshop.eu\/cz\/wp-json\/wp\/v2\/types\/product"}],"replies":[{"embeddable":true,"href":"https:\/\/non-stopshop.eu\/cz\/wp-json\/wp\/v2\/comments?post=3289"}],"wp:featuredmedia":[{"embeddable":true,"href":"https:\/\/non-stopshop.eu\/cz\/wp-json\/wp\/v2\/media\/3290"}],"wp:attachment":[{"href":"https:\/\/non-stopshop.eu\/cz\/wp-json\/wp\/v2\/media?parent=3289"}],"wp:term":[{"taxonomy":"product_brand","embeddable":true,"href":"https:\/\/non-stopshop.eu\/cz\/wp-json\/wp\/v2\/product_brand?post=3289"},{"taxonomy":"product_cat","embeddable":true,"href":"https:\/\/non-stopshop.eu\/cz\/wp-json\/wp\/v2\/product_cat?post=3289"},{"taxonomy":"product_tag","embeddable":true,"href":"https:\/\/non-stopshop.eu\/cz\/wp-json\/wp\/v2\/product_tag?post=3289"}],"curies":[{"name":"wp","href":"https:\/\/api.w.org\/{rel}","templated":true}]}}