{"id":3515,"date":"2021-10-15T13:01:12","date_gmt":"2021-10-15T11:01:12","guid":{"rendered":"https:\/\/cartium.eu\/cz\/?post_type=product&#038;p=3515"},"modified":"2021-11-08T09:22:55","modified_gmt":"2021-11-08T08:22:55","slug":"11-bezplatne-silikonovy-toaletni-kartac-scrubbrush","status":"publish","type":"product","link":"https:\/\/non-stopshop.eu\/cz\/produkt\/11-bezplatne-silikonovy-toaletni-kartac-scrubbrush\/","title":{"rendered":"1+1 BEZPLATN\u011a Silikonov\u00fd toaletn\u00ed kart\u00e1\u010d \u2013 ScrubBrush"},"content":{"rendered":"","protected":false},"excerpt":{"rendered":"<p>\u00da\u010dinn\u011b a rychl\u00e9 \u010di\u0161t\u011bn\u00ed va\u0161\u00ed z\u00e1chodov\u00e9 m\u00edsy pomoc\u00ed inovativn\u00edho silikonov\u00e9ho kart\u00e1\u010de, se kter\u00fdm zapomenete na star\u00e9 a nevzhledn\u00e9 kart\u00e1\u010de a zajist\u00edte \u010distotu na z\u00e1vid\u011bn\u00edhodn\u00e9 \u00farovni.<\/p>\n","protected":false},"featured_media":3539,"comment_status":"closed","ping_status":"closed","template":"","meta":{"inline_featured_image":false},"product_brand":[],"product_cat":[15,27],"product_tag":[],"class_list":{"0":"post-3515","1":"product","2":"type-product","3":"status-publish","4":"has-post-thumbnail","6":"product_cat-uncategorized","7":"product_cat-home","9":"first","10":"instock","11":"sale","12":"taxable","13":"shipping-taxable","14":"purchasable","15":"product-type-simple"},"acf":[],"_links":{"self":[{"href":"https:\/\/non-stopshop.eu\/cz\/wp-json\/wp\/v2\/product\/3515","targetHints":{"allow":["GET"]}}],"collection":[{"href":"https:\/\/non-stopshop.eu\/cz\/wp-json\/wp\/v2\/product"}],"about":[{"href":"https:\/\/non-stopshop.eu\/cz\/wp-json\/wp\/v2\/types\/product"}],"replies":[{"embeddable":true,"href":"https:\/\/non-stopshop.eu\/cz\/wp-json\/wp\/v2\/comments?post=3515"}],"wp:featuredmedia":[{"embeddable":true,"href":"https:\/\/non-stopshop.eu\/cz\/wp-json\/wp\/v2\/media\/3539"}],"wp:attachment":[{"href":"https:\/\/non-stopshop.eu\/cz\/wp-json\/wp\/v2\/media?parent=3515"}],"wp:term":[{"taxonomy":"product_brand","embeddable":true,"href":"https:\/\/non-stopshop.eu\/cz\/wp-json\/wp\/v2\/product_brand?post=3515"},{"taxonomy":"product_cat","embeddable":true,"href":"https:\/\/non-stopshop.eu\/cz\/wp-json\/wp\/v2\/product_cat?post=3515"},{"taxonomy":"product_tag","embeddable":true,"href":"https:\/\/non-stopshop.eu\/cz\/wp-json\/wp\/v2\/product_tag?post=3515"}],"curies":[{"name":"wp","href":"https:\/\/api.w.org\/{rel}","templated":true}]}}