{"id":3540,"date":"2021-10-15T13:09:14","date_gmt":"2021-10-15T11:09:14","guid":{"rendered":"https:\/\/cartium.eu\/cz\/?post_type=product&#038;p=3540"},"modified":"2021-11-08T09:22:01","modified_gmt":"2021-11-08T08:22:01","slug":"katapultni-letadlo-glideplane","status":"publish","type":"product","link":"https:\/\/non-stopshop.eu\/cz\/produkt\/katapultni-letadlo-glideplane\/","title":{"rendered":"Katapultn\u00ed letadlo \u2013 GlidePlane"},"content":{"rendered":"","protected":false},"excerpt":{"rendered":"<p>Super zaj\u00edmav\u00e1 a bezpe\u010dn\u00e1 hra\u010dka pro v\u0161echny v\u011bkov\u00e9 kategorie d\u011bt\u00ed, kter\u00e1 dopln\u00ed z\u00e1bavu a rozz\u00e1\u0159\u00ed sout\u011b\u017en\u00ed ducha va\u0161ich d\u011bt\u00ed v palb\u011b p\u011bnov\u00fdch letadel z t\u00e9to katapultn\u00ed pistole. Glidery je nejlep\u0161\u00ed formou z\u00e1bavy.<\/p>\n","protected":false},"featured_media":3522,"comment_status":"closed","ping_status":"closed","template":"","meta":{"inline_featured_image":false},"product_brand":[],"product_cat":[15,35],"product_tag":[],"class_list":{"0":"post-3540","1":"product","2":"type-product","3":"status-publish","4":"has-post-thumbnail","6":"product_cat-uncategorized","7":"product_cat-fun","9":"first","10":"instock","11":"sale","12":"taxable","13":"shipping-taxable","14":"purchasable","15":"product-type-simple"},"acf":[],"_links":{"self":[{"href":"https:\/\/non-stopshop.eu\/cz\/wp-json\/wp\/v2\/product\/3540","targetHints":{"allow":["GET"]}}],"collection":[{"href":"https:\/\/non-stopshop.eu\/cz\/wp-json\/wp\/v2\/product"}],"about":[{"href":"https:\/\/non-stopshop.eu\/cz\/wp-json\/wp\/v2\/types\/product"}],"replies":[{"embeddable":true,"href":"https:\/\/non-stopshop.eu\/cz\/wp-json\/wp\/v2\/comments?post=3540"}],"wp:featuredmedia":[{"embeddable":true,"href":"https:\/\/non-stopshop.eu\/cz\/wp-json\/wp\/v2\/media\/3522"}],"wp:attachment":[{"href":"https:\/\/non-stopshop.eu\/cz\/wp-json\/wp\/v2\/media?parent=3540"}],"wp:term":[{"taxonomy":"product_brand","embeddable":true,"href":"https:\/\/non-stopshop.eu\/cz\/wp-json\/wp\/v2\/product_brand?post=3540"},{"taxonomy":"product_cat","embeddable":true,"href":"https:\/\/non-stopshop.eu\/cz\/wp-json\/wp\/v2\/product_cat?post=3540"},{"taxonomy":"product_tag","embeddable":true,"href":"https:\/\/non-stopshop.eu\/cz\/wp-json\/wp\/v2\/product_tag?post=3540"}],"curies":[{"name":"wp","href":"https:\/\/api.w.org\/{rel}","templated":true}]}}