{"id":3570,"date":"2019-10-15T15:38:13","date_gmt":"2019-10-15T13:38:13","guid":{"rendered":"https:\/\/cartium.eu\/cz\/?post_type=product&#038;p=3570"},"modified":"2023-01-04T10:29:44","modified_gmt":"2023-01-04T09:29:44","slug":"11-zdarma-keratinova-vlasova-maska-hairsilky","status":"publish","type":"product","link":"https:\/\/non-stopshop.eu\/cz\/produkt\/11-zdarma-keratinova-vlasova-maska-hairsilky\/","title":{"rendered":"1+1 ZDARMA Keratinov\u00e1 vlasov\u00e1 maska &#8211; HairSilky"},"content":{"rendered":"<p>Regenerujte sv\u00e9 vlasy p\u0159\u00edrodn\u00ed a vysoce kvalitn\u00ed keratinovou maskou b\u011bhem n\u011bkolika dn\u00ed s t\u00edmto revolu\u010dn\u00edm produktem a sta\u0148te se jedn\u00edm z mnoha spokojen\u00fdch z\u00e1kazn\u00edk\u016f!<\/p>\n","protected":false},"excerpt":{"rendered":"<p>Regenerujte sv\u00e9 vlasy p\u0159\u00edrodn\u00ed a vysoce kvalitn\u00ed keratinovou maskou b\u011bhem n\u011bkolika dn\u00ed s t\u00edmto revolu\u010dn\u00edm produktem a sta\u0148te se jedn\u00edm z mnoha spokojen\u00fdch z\u00e1kazn\u00edk\u016f!<\/p>\n","protected":false},"featured_media":822,"comment_status":"closed","ping_status":"closed","template":"","meta":{"inline_featured_image":false},"product_brand":[],"product_cat":[15,28],"product_tag":[],"class_list":{"0":"post-3570","1":"product","2":"type-product","3":"status-publish","4":"has-post-thumbnail","6":"product_cat-uncategorized","7":"product_cat-beauty","9":"first","10":"instock","11":"sale","12":"taxable","13":"shipping-taxable","14":"purchasable","15":"product-type-simple"},"acf":[],"_links":{"self":[{"href":"https:\/\/non-stopshop.eu\/cz\/wp-json\/wp\/v2\/product\/3570","targetHints":{"allow":["GET"]}}],"collection":[{"href":"https:\/\/non-stopshop.eu\/cz\/wp-json\/wp\/v2\/product"}],"about":[{"href":"https:\/\/non-stopshop.eu\/cz\/wp-json\/wp\/v2\/types\/product"}],"replies":[{"embeddable":true,"href":"https:\/\/non-stopshop.eu\/cz\/wp-json\/wp\/v2\/comments?post=3570"}],"wp:featuredmedia":[{"embeddable":true,"href":"https:\/\/non-stopshop.eu\/cz\/wp-json\/wp\/v2\/media\/822"}],"wp:attachment":[{"href":"https:\/\/non-stopshop.eu\/cz\/wp-json\/wp\/v2\/media?parent=3570"}],"wp:term":[{"taxonomy":"product_brand","embeddable":true,"href":"https:\/\/non-stopshop.eu\/cz\/wp-json\/wp\/v2\/product_brand?post=3570"},{"taxonomy":"product_cat","embeddable":true,"href":"https:\/\/non-stopshop.eu\/cz\/wp-json\/wp\/v2\/product_cat?post=3570"},{"taxonomy":"product_tag","embeddable":true,"href":"https:\/\/non-stopshop.eu\/cz\/wp-json\/wp\/v2\/product_tag?post=3570"}],"curies":[{"name":"wp","href":"https:\/\/api.w.org\/{rel}","templated":true}]}}