{"id":3576,"date":"2019-10-18T13:29:55","date_gmt":"2019-10-18T11:29:55","guid":{"rendered":"https:\/\/cartium.eu\/cz\/?post_type=product&#038;p=3576"},"modified":"2023-01-10T12:35:59","modified_gmt":"2023-01-10T11:35:59","slug":"11-zdarma-adapter-na-vrtacky-pro-rezani-kovu-metalcutter","status":"publish","type":"product","link":"https:\/\/non-stopshop.eu\/cz\/produkt\/11-zdarma-adapter-na-vrtacky-pro-rezani-kovu-metalcutter\/","title":{"rendered":"1+1 ZDARMA Adapt\u00e9r na vrta\u010dky (pro \u0159ez\u00e1n\u00ed kovu) &#8211; MetalCutter"},"content":{"rendered":"","protected":false},"excerpt":{"rendered":"<p>Nej\u00fa\u010dinn\u011bj\u0161\u00ed univerz\u00e1ln\u00ed n\u00e1stavec na vrta\u010dky, kter\u00fd v\u00e1m usnadn\u00ed \u0159ez\u00e1n\u00ed kovov\u00fdch materi\u00e1l\u016f.<\/p>\n","protected":false},"featured_media":3496,"comment_status":"closed","ping_status":"closed","template":"","meta":{"inline_featured_image":false},"product_brand":[],"product_cat":[15,27,24],"product_tag":[],"class_list":{"0":"post-3576","1":"product","2":"type-product","3":"status-publish","4":"has-post-thumbnail","6":"product_cat-uncategorized","7":"product_cat-home","8":"product_cat-sale","10":"first","11":"instock","12":"sale","13":"taxable","14":"shipping-taxable","15":"purchasable","16":"product-type-simple"},"acf":[],"_links":{"self":[{"href":"https:\/\/non-stopshop.eu\/cz\/wp-json\/wp\/v2\/product\/3576","targetHints":{"allow":["GET"]}}],"collection":[{"href":"https:\/\/non-stopshop.eu\/cz\/wp-json\/wp\/v2\/product"}],"about":[{"href":"https:\/\/non-stopshop.eu\/cz\/wp-json\/wp\/v2\/types\/product"}],"replies":[{"embeddable":true,"href":"https:\/\/non-stopshop.eu\/cz\/wp-json\/wp\/v2\/comments?post=3576"}],"wp:featuredmedia":[{"embeddable":true,"href":"https:\/\/non-stopshop.eu\/cz\/wp-json\/wp\/v2\/media\/3496"}],"wp:attachment":[{"href":"https:\/\/non-stopshop.eu\/cz\/wp-json\/wp\/v2\/media?parent=3576"}],"wp:term":[{"taxonomy":"product_brand","embeddable":true,"href":"https:\/\/non-stopshop.eu\/cz\/wp-json\/wp\/v2\/product_brand?post=3576"},{"taxonomy":"product_cat","embeddable":true,"href":"https:\/\/non-stopshop.eu\/cz\/wp-json\/wp\/v2\/product_cat?post=3576"},{"taxonomy":"product_tag","embeddable":true,"href":"https:\/\/non-stopshop.eu\/cz\/wp-json\/wp\/v2\/product_tag?post=3576"}],"curies":[{"name":"wp","href":"https:\/\/api.w.org\/{rel}","templated":true}]}}