{"id":3597,"date":"2021-10-21T13:05:24","date_gmt":"2021-10-21T11:05:24","guid":{"rendered":"https:\/\/cartium.eu\/cz\/?post_type=product&#038;p=3597"},"modified":"2021-11-09T08:26:49","modified_gmt":"2021-11-09T07:26:49","slug":"realisticka-elektricka-hracka-ryba-fishat","status":"publish","type":"product","link":"https:\/\/non-stopshop.eu\/cz\/produkt\/realisticka-elektricka-hracka-ryba-fishat\/","title":{"rendered":"Realistick\u00e1 elektrick\u00e1 hra\u010dka ryba &#8211; Fishat"},"content":{"rendered":"","protected":false},"excerpt":{"rendered":"<p>Neobvykl\u00e1 hra\u010dka, kter\u00e1 se vizu\u00e1ln\u011b v\u016fbec neli\u0161\u00ed od skute\u010dn\u00e9 ryby, proto\u017ee se bude pohybovat a sledovat pohyby va\u0161eho mazl\u00ed\u010dka.<\/p>\n","protected":false},"featured_media":3615,"comment_status":"closed","ping_status":"closed","template":"","meta":{"inline_featured_image":false},"product_brand":[],"product_cat":[15,27,35],"product_tag":[],"class_list":{"0":"post-3597","1":"product","2":"type-product","3":"status-publish","4":"has-post-thumbnail","6":"product_cat-uncategorized","7":"product_cat-home","8":"product_cat-fun","10":"first","11":"instock","12":"sale","13":"taxable","14":"shipping-taxable","15":"purchasable","16":"product-type-simple"},"acf":[],"_links":{"self":[{"href":"https:\/\/non-stopshop.eu\/cz\/wp-json\/wp\/v2\/product\/3597","targetHints":{"allow":["GET"]}}],"collection":[{"href":"https:\/\/non-stopshop.eu\/cz\/wp-json\/wp\/v2\/product"}],"about":[{"href":"https:\/\/non-stopshop.eu\/cz\/wp-json\/wp\/v2\/types\/product"}],"replies":[{"embeddable":true,"href":"https:\/\/non-stopshop.eu\/cz\/wp-json\/wp\/v2\/comments?post=3597"}],"wp:featuredmedia":[{"embeddable":true,"href":"https:\/\/non-stopshop.eu\/cz\/wp-json\/wp\/v2\/media\/3615"}],"wp:attachment":[{"href":"https:\/\/non-stopshop.eu\/cz\/wp-json\/wp\/v2\/media?parent=3597"}],"wp:term":[{"taxonomy":"product_brand","embeddable":true,"href":"https:\/\/non-stopshop.eu\/cz\/wp-json\/wp\/v2\/product_brand?post=3597"},{"taxonomy":"product_cat","embeddable":true,"href":"https:\/\/non-stopshop.eu\/cz\/wp-json\/wp\/v2\/product_cat?post=3597"},{"taxonomy":"product_tag","embeddable":true,"href":"https:\/\/non-stopshop.eu\/cz\/wp-json\/wp\/v2\/product_tag?post=3597"}],"curies":[{"name":"wp","href":"https:\/\/api.w.org\/{rel}","templated":true}]}}