{"id":3636,"date":"2021-11-16T16:23:16","date_gmt":"2021-11-16T15:23:16","guid":{"rendered":"https:\/\/non-stopshop.eu\/cz\/?post_type=product&#038;p=3636"},"modified":"2021-11-16T16:23:50","modified_gmt":"2021-11-16T15:23:50","slug":"11-zdarma-odstranovac-barvy-paintstripper","status":"publish","type":"product","link":"https:\/\/non-stopshop.eu\/cz\/produkt\/11-zdarma-odstranovac-barvy-paintstripper\/","title":{"rendered":"1+1 ZDARMA Odstra\u0148ova\u010d barvy \u2013 PaintStripper"},"content":{"rendered":"","protected":false},"excerpt":{"rendered":"<p>Vysoce \u00fa\u010dinn\u00fd odstra\u0148ova\u010d barvy, kter\u00fd pracuje na r\u016fzn\u00fdch povr\u0161\u00edch, v\u00e1s pot\u011b\u0161\u00ed rychlost\u00ed rozpou\u0161t\u011bn\u00ed barvy za pouh\u00fdch 10 minut a \u0161irokou \u0161k\u00e1lou aplikac\u00ed. Mno\u017estv\u00ed v l\u00e1hvi sta\u010d\u00ed na 3 m2 povrchu.<\/p>\n","protected":false},"featured_media":1159,"comment_status":"closed","ping_status":"closed","template":"","meta":{"inline_featured_image":false},"product_brand":[],"product_cat":[15],"product_tag":[],"class_list":{"0":"post-3636","1":"product","2":"type-product","3":"status-publish","4":"has-post-thumbnail","6":"product_cat-uncategorized","8":"first","9":"instock","10":"sale","11":"taxable","12":"shipping-taxable","13":"purchasable","14":"product-type-simple"},"acf":[],"_links":{"self":[{"href":"https:\/\/non-stopshop.eu\/cz\/wp-json\/wp\/v2\/product\/3636","targetHints":{"allow":["GET"]}}],"collection":[{"href":"https:\/\/non-stopshop.eu\/cz\/wp-json\/wp\/v2\/product"}],"about":[{"href":"https:\/\/non-stopshop.eu\/cz\/wp-json\/wp\/v2\/types\/product"}],"replies":[{"embeddable":true,"href":"https:\/\/non-stopshop.eu\/cz\/wp-json\/wp\/v2\/comments?post=3636"}],"wp:featuredmedia":[{"embeddable":true,"href":"https:\/\/non-stopshop.eu\/cz\/wp-json\/wp\/v2\/media\/1159"}],"wp:attachment":[{"href":"https:\/\/non-stopshop.eu\/cz\/wp-json\/wp\/v2\/media?parent=3636"}],"wp:term":[{"taxonomy":"product_brand","embeddable":true,"href":"https:\/\/non-stopshop.eu\/cz\/wp-json\/wp\/v2\/product_brand?post=3636"},{"taxonomy":"product_cat","embeddable":true,"href":"https:\/\/non-stopshop.eu\/cz\/wp-json\/wp\/v2\/product_cat?post=3636"},{"taxonomy":"product_tag","embeddable":true,"href":"https:\/\/non-stopshop.eu\/cz\/wp-json\/wp\/v2\/product_tag?post=3636"}],"curies":[{"name":"wp","href":"https:\/\/api.w.org\/{rel}","templated":true}]}}