{"id":3724,"date":"2021-12-10T23:07:18","date_gmt":"2021-12-10T22:07:18","guid":{"rendered":"https:\/\/non-stopshop.eu\/cz\/?post_type=product&#038;p=3724"},"modified":"2023-05-11T11:18:14","modified_gmt":"2023-05-11T09:18:14","slug":"led-svetelna-dekorace-na-dalkove-ovladani-ledlight","status":"publish","type":"product","link":"https:\/\/non-stopshop.eu\/cz\/produkt\/led-svetelna-dekorace-na-dalkove-ovladani-ledlight\/","title":{"rendered":"LED sv\u011bteln\u00e1 dekorace na d\u00e1lkov\u00e9 ovl\u00e1d\u00e1n\u00ed &#8211; Ledlight"},"content":{"rendered":"","protected":false},"excerpt":{"rendered":"<p id=\"tw-target-text\" class=\"tw-data-text tw-text-large tw-ta\" dir=\"ltr\" data-placeholder=\"Prijevod\">Dokonal\u00e1 dekorativn\u00ed LED sv\u011btla na d\u00e1lkov\u00e9 ovl\u00e1d\u00e1n\u00ed p\u0159es chytr\u00e9 telefony vytvo\u0159\u00ed dokonalou atmosf\u00e9ru b\u011bhem sv\u00e1tk\u016f, Nov\u00e9ho roku a V\u00e1noc, kvalitn\u00ed s efektem barevn\u00fdch variac\u00ed vytvo\u0159\u00ed nev\u0161edn\u00ed atmosf\u00e9ru a pohodl\u00ed.<\/p>\n","protected":false},"featured_media":10942,"comment_status":"closed","ping_status":"closed","template":"","meta":{"inline_featured_image":false},"product_brand":[],"product_cat":[15,27,36],"product_tag":[],"class_list":{"0":"post-3724","1":"product","2":"type-product","3":"status-publish","4":"has-post-thumbnail","6":"product_cat-uncategorized","7":"product_cat-home","8":"product_cat-seasonal-discounts","10":"first","11":"instock","12":"sale","13":"taxable","14":"shipping-taxable","15":"purchasable","16":"product-type-simple"},"acf":[],"_links":{"self":[{"href":"https:\/\/non-stopshop.eu\/cz\/wp-json\/wp\/v2\/product\/3724","targetHints":{"allow":["GET"]}}],"collection":[{"href":"https:\/\/non-stopshop.eu\/cz\/wp-json\/wp\/v2\/product"}],"about":[{"href":"https:\/\/non-stopshop.eu\/cz\/wp-json\/wp\/v2\/types\/product"}],"replies":[{"embeddable":true,"href":"https:\/\/non-stopshop.eu\/cz\/wp-json\/wp\/v2\/comments?post=3724"}],"wp:featuredmedia":[{"embeddable":true,"href":"https:\/\/non-stopshop.eu\/cz\/wp-json\/wp\/v2\/media\/10942"}],"wp:attachment":[{"href":"https:\/\/non-stopshop.eu\/cz\/wp-json\/wp\/v2\/media?parent=3724"}],"wp:term":[{"taxonomy":"product_brand","embeddable":true,"href":"https:\/\/non-stopshop.eu\/cz\/wp-json\/wp\/v2\/product_brand?post=3724"},{"taxonomy":"product_cat","embeddable":true,"href":"https:\/\/non-stopshop.eu\/cz\/wp-json\/wp\/v2\/product_cat?post=3724"},{"taxonomy":"product_tag","embeddable":true,"href":"https:\/\/non-stopshop.eu\/cz\/wp-json\/wp\/v2\/product_tag?post=3724"}],"curies":[{"name":"wp","href":"https:\/\/api.w.org\/{rel}","templated":true}]}}