{"id":3853,"date":"2022-01-22T15:49:24","date_gmt":"2022-01-22T14:49:24","guid":{"rendered":"https:\/\/non-stopshop.eu\/cz\/?post_type=product&#038;p=3853"},"modified":"2022-01-22T15:54:08","modified_gmt":"2022-01-22T14:54:08","slug":"multifunkcni-nastroj-na-rezani-sadrokartonu-cutex","status":"publish","type":"product","link":"https:\/\/non-stopshop.eu\/cz\/produkt\/multifunkcni-nastroj-na-rezani-sadrokartonu-cutex\/","title":{"rendered":"Multifunk\u010dn\u00ed n\u00e1stroj na \u0159ez\u00e1n\u00ed s\u00e1drokartonu &#8211; Cutex"},"content":{"rendered":"","protected":false},"excerpt":{"rendered":"<p>Pomoc\u00ed p\u0159ilo\u017een\u00e9 tesa\u0159sk\u00e9 tu\u017eky, kter\u00e1 se vejde do praktick\u00e9ho dr\u017e\u00e1ku, si m\u016f\u017eete ozna\u010dit rozm\u011bry a \u0159ezy po cel\u00e9 d\u00e9lce, tak\u017ee z\u016fstane p\u0159esn\u011b tam, kde ji pot\u0159ebujete.<\/p>\n","protected":false},"featured_media":3854,"comment_status":"closed","ping_status":"closed","template":"","meta":{"inline_featured_image":false},"product_brand":[],"product_cat":[15],"product_tag":[],"class_list":{"0":"post-3853","1":"product","2":"type-product","3":"status-publish","4":"has-post-thumbnail","6":"product_cat-uncategorized","8":"first","9":"instock","10":"sale","11":"taxable","12":"shipping-taxable","13":"purchasable","14":"product-type-simple"},"acf":[],"_links":{"self":[{"href":"https:\/\/non-stopshop.eu\/cz\/wp-json\/wp\/v2\/product\/3853","targetHints":{"allow":["GET"]}}],"collection":[{"href":"https:\/\/non-stopshop.eu\/cz\/wp-json\/wp\/v2\/product"}],"about":[{"href":"https:\/\/non-stopshop.eu\/cz\/wp-json\/wp\/v2\/types\/product"}],"replies":[{"embeddable":true,"href":"https:\/\/non-stopshop.eu\/cz\/wp-json\/wp\/v2\/comments?post=3853"}],"wp:featuredmedia":[{"embeddable":true,"href":"https:\/\/non-stopshop.eu\/cz\/wp-json\/wp\/v2\/media\/3854"}],"wp:attachment":[{"href":"https:\/\/non-stopshop.eu\/cz\/wp-json\/wp\/v2\/media?parent=3853"}],"wp:term":[{"taxonomy":"product_brand","embeddable":true,"href":"https:\/\/non-stopshop.eu\/cz\/wp-json\/wp\/v2\/product_brand?post=3853"},{"taxonomy":"product_cat","embeddable":true,"href":"https:\/\/non-stopshop.eu\/cz\/wp-json\/wp\/v2\/product_cat?post=3853"},{"taxonomy":"product_tag","embeddable":true,"href":"https:\/\/non-stopshop.eu\/cz\/wp-json\/wp\/v2\/product_tag?post=3853"}],"curies":[{"name":"wp","href":"https:\/\/api.w.org\/{rel}","templated":true}]}}