{"id":3923,"date":"2022-02-09T13:09:02","date_gmt":"2022-02-09T12:09:02","guid":{"rendered":"https:\/\/non-stopshop.eu\/cz\/?post_type=product&#038;p=3923"},"modified":"2022-02-11T12:33:18","modified_gmt":"2022-02-11T11:33:18","slug":"samolepici-rasy-pro-vicenasobne-pouziti-reuselash","status":"publish","type":"product","link":"https:\/\/non-stopshop.eu\/cz\/produkt\/samolepici-rasy-pro-vicenasobne-pouziti-reuselash\/","title":{"rendered":"Samolep\u00edc\u00ed \u0159asy pro v\u00edcen\u00e1sobn\u00e9 pou\u017eit\u00ed &#8211; Reuselash"},"content":{"rendered":"","protected":false},"excerpt":{"rendered":"<p>Vyzkou\u0161ejte na\u0161e samolep\u00edc\u00ed \u0159asy pro v\u00edcen\u00e1sobn\u00e9 pou\u017eit\u00ed, kter\u00e9 se snadno a rychle aplikuj\u00ed, v\u00fdrazn\u011b zjednodu\u0161uj\u00ed proces l\u00ed\u010den\u00ed. Jsou p\u0159irozen\u00e9, jako va\u0161e vlastn\u00ed \u0159asy a lze jej znovu pou\u017e\u00edt.<\/p>\n","protected":false},"featured_media":3922,"comment_status":"open","ping_status":"closed","template":"","meta":{"inline_featured_image":false},"product_brand":[],"product_cat":[15],"product_tag":[],"class_list":{"0":"post-3923","1":"product","2":"type-product","3":"status-publish","4":"has-post-thumbnail","6":"product_cat-uncategorized","8":"first","9":"instock","10":"sale","11":"taxable","12":"shipping-taxable","13":"purchasable","14":"product-type-simple"},"acf":[],"_links":{"self":[{"href":"https:\/\/non-stopshop.eu\/cz\/wp-json\/wp\/v2\/product\/3923","targetHints":{"allow":["GET"]}}],"collection":[{"href":"https:\/\/non-stopshop.eu\/cz\/wp-json\/wp\/v2\/product"}],"about":[{"href":"https:\/\/non-stopshop.eu\/cz\/wp-json\/wp\/v2\/types\/product"}],"replies":[{"embeddable":true,"href":"https:\/\/non-stopshop.eu\/cz\/wp-json\/wp\/v2\/comments?post=3923"}],"wp:featuredmedia":[{"embeddable":true,"href":"https:\/\/non-stopshop.eu\/cz\/wp-json\/wp\/v2\/media\/3922"}],"wp:attachment":[{"href":"https:\/\/non-stopshop.eu\/cz\/wp-json\/wp\/v2\/media?parent=3923"}],"wp:term":[{"taxonomy":"product_brand","embeddable":true,"href":"https:\/\/non-stopshop.eu\/cz\/wp-json\/wp\/v2\/product_brand?post=3923"},{"taxonomy":"product_cat","embeddable":true,"href":"https:\/\/non-stopshop.eu\/cz\/wp-json\/wp\/v2\/product_cat?post=3923"},{"taxonomy":"product_tag","embeddable":true,"href":"https:\/\/non-stopshop.eu\/cz\/wp-json\/wp\/v2\/product_tag?post=3923"}],"curies":[{"name":"wp","href":"https:\/\/api.w.org\/{rel}","templated":true}]}}