{"id":3937,"date":"2022-02-14T17:45:22","date_gmt":"2022-02-14T16:45:22","guid":{"rendered":"https:\/\/non-stopshop.eu\/cz\/?post_type=product&#038;p=3937"},"modified":"2022-02-14T17:49:28","modified_gmt":"2022-02-14T16:49:28","slug":"ionizacni-kartac-na-vlasy","status":"publish","type":"product","link":"https:\/\/non-stopshop.eu\/cz\/produkt\/ionizacni-kartac-na-vlasy\/","title":{"rendered":"IONIZA\u010cN\u00cd KART\u00c1\u010c NA VLASY"},"content":{"rendered":"","protected":false},"excerpt":{"rendered":"<p>Ioniza\u010dn\u00ed kart\u00e1\u010d vykouzl\u00ed z ka\u017ed\u00e9ho typu vlas\u016f dokonale hladk\u00e9 a rovn\u00e9 vlasy.<\/p>\n<p>Doch\u00e1z\u00ed k\u00a0vln\u011bn\u00ed nebo jsou vlasy elektricky nabit\u00e9, navzdory hodin\u00e1m stylingu a rozs\u00e1hl\u00e9 p\u00e9\u010di o vlasy? Pro V\u00e1s je tento kart\u00e1\u010d ide\u00e1ln\u00edm \u0159e\u0161en\u00edm!<\/p>\n<p>&nbsp;<\/p>\n<p>Ioniza\u010dn\u00ed h\u0159eben zast\u00e1v\u00e1 dv\u011b funkce v jednom \u2013 vlasy roz\u010de\u0161e a z\u00e1rove\u0148 uhlad\u00ed, proto je jeho pou\u017eit\u00ed rychlej\u0161\u00ed ne\u017e \u010des\u00e1n\u00ed se b\u011b\u017en\u00fdm h\u0159ebenem a n\u00e1sledn\u00e9 vyhlazen\u00ed vlas\u016f \u017eehli\u010dkou.<\/p>\n","protected":false},"featured_media":3943,"comment_status":"open","ping_status":"closed","template":"","meta":{"inline_featured_image":false},"product_brand":[],"product_cat":[15],"product_tag":[],"class_list":{"0":"post-3937","1":"product","2":"type-product","3":"status-publish","4":"has-post-thumbnail","6":"product_cat-uncategorized","8":"first","9":"instock","10":"sale","11":"taxable","12":"shipping-taxable","13":"purchasable","14":"product-type-simple"},"acf":[],"_links":{"self":[{"href":"https:\/\/non-stopshop.eu\/cz\/wp-json\/wp\/v2\/product\/3937","targetHints":{"allow":["GET"]}}],"collection":[{"href":"https:\/\/non-stopshop.eu\/cz\/wp-json\/wp\/v2\/product"}],"about":[{"href":"https:\/\/non-stopshop.eu\/cz\/wp-json\/wp\/v2\/types\/product"}],"replies":[{"embeddable":true,"href":"https:\/\/non-stopshop.eu\/cz\/wp-json\/wp\/v2\/comments?post=3937"}],"wp:featuredmedia":[{"embeddable":true,"href":"https:\/\/non-stopshop.eu\/cz\/wp-json\/wp\/v2\/media\/3943"}],"wp:attachment":[{"href":"https:\/\/non-stopshop.eu\/cz\/wp-json\/wp\/v2\/media?parent=3937"}],"wp:term":[{"taxonomy":"product_brand","embeddable":true,"href":"https:\/\/non-stopshop.eu\/cz\/wp-json\/wp\/v2\/product_brand?post=3937"},{"taxonomy":"product_cat","embeddable":true,"href":"https:\/\/non-stopshop.eu\/cz\/wp-json\/wp\/v2\/product_cat?post=3937"},{"taxonomy":"product_tag","embeddable":true,"href":"https:\/\/non-stopshop.eu\/cz\/wp-json\/wp\/v2\/product_tag?post=3937"}],"curies":[{"name":"wp","href":"https:\/\/api.w.org\/{rel}","templated":true}]}}