{"id":3967,"date":"2022-02-21T14:01:35","date_gmt":"2022-02-21T13:01:35","guid":{"rendered":"https:\/\/non-stopshop.eu\/cz\/?post_type=product&#038;p=3967"},"modified":"2022-02-21T14:03:42","modified_gmt":"2022-02-21T13:03:42","slug":"polstar-pro-prijemny-spanek","status":"publish","type":"product","link":"https:\/\/non-stopshop.eu\/cz\/produkt\/polstar-pro-prijemny-spanek\/","title":{"rendered":"Pol\u0161t\u00e1\u0159 pro p\u0159\u00edjemn\u00fd sp\u00e1nek"},"content":{"rendered":"","protected":false},"excerpt":{"rendered":"<p><strong>\u00a0<\/strong>Vysoce kvalitn\u00ed ergonomick\u00fd pol\u0161t\u00e1\u0159 v\u00fdjime\u010dn\u00e9 m\u011bkkosti vyroben\u00fd z\u00a0prody\u0161n\u00fdch materi\u00e1l\u016f a z\u00e1rove\u0148 zaru\u010duj\u00edc\u00ed neuv\u011b\u0159iteln\u00e9 pohodl\u00ed!<\/p>\n","protected":false},"featured_media":3966,"comment_status":"open","ping_status":"closed","template":"","meta":{"inline_featured_image":false},"product_brand":[],"product_cat":[15],"product_tag":[],"class_list":{"0":"post-3967","1":"product","2":"type-product","3":"status-publish","4":"has-post-thumbnail","6":"product_cat-uncategorized","8":"first","9":"instock","10":"sale","11":"taxable","12":"shipping-taxable","13":"purchasable","14":"product-type-simple"},"acf":[],"_links":{"self":[{"href":"https:\/\/non-stopshop.eu\/cz\/wp-json\/wp\/v2\/product\/3967","targetHints":{"allow":["GET"]}}],"collection":[{"href":"https:\/\/non-stopshop.eu\/cz\/wp-json\/wp\/v2\/product"}],"about":[{"href":"https:\/\/non-stopshop.eu\/cz\/wp-json\/wp\/v2\/types\/product"}],"replies":[{"embeddable":true,"href":"https:\/\/non-stopshop.eu\/cz\/wp-json\/wp\/v2\/comments?post=3967"}],"wp:featuredmedia":[{"embeddable":true,"href":"https:\/\/non-stopshop.eu\/cz\/wp-json\/wp\/v2\/media\/3966"}],"wp:attachment":[{"href":"https:\/\/non-stopshop.eu\/cz\/wp-json\/wp\/v2\/media?parent=3967"}],"wp:term":[{"taxonomy":"product_brand","embeddable":true,"href":"https:\/\/non-stopshop.eu\/cz\/wp-json\/wp\/v2\/product_brand?post=3967"},{"taxonomy":"product_cat","embeddable":true,"href":"https:\/\/non-stopshop.eu\/cz\/wp-json\/wp\/v2\/product_cat?post=3967"},{"taxonomy":"product_tag","embeddable":true,"href":"https:\/\/non-stopshop.eu\/cz\/wp-json\/wp\/v2\/product_tag?post=3967"}],"curies":[{"name":"wp","href":"https:\/\/api.w.org\/{rel}","templated":true}]}}