{"id":3973,"date":"2022-02-21T14:14:09","date_gmt":"2022-02-21T13:14:09","guid":{"rendered":"https:\/\/non-stopshop.eu\/cz\/?post_type=product&#038;p=3973"},"modified":"2022-02-25T15:11:01","modified_gmt":"2022-02-25T14:11:01","slug":"protiskluzova-multifunkcni-podlozka-telefonu","status":"publish","type":"product","link":"https:\/\/non-stopshop.eu\/cz\/produkt\/protiskluzova-multifunkcni-podlozka-telefonu\/","title":{"rendered":"Protiskluzov\u00e1 multifunk\u010dn\u00ed podlo\u017eka telefonu"},"content":{"rendered":"","protected":false},"excerpt":{"rendered":"<p>Multifunk\u010dn\u00ed protiskluzov\u00e1 podlo\u017eka, kter\u00e1 se umist\u00b4uje na palubn\u00ed desku v\u00a0aut\u011b, s\u00a0vestav\u011bn\u00fdm dr\u017e\u00e1kem telefonu a aromaterapi\u00ed, pro ka\u017ed\u00fd typ vozidla.<\/p>\n","protected":false},"featured_media":3972,"comment_status":"open","ping_status":"closed","template":"","meta":{"inline_featured_image":false},"product_brand":[],"product_cat":[15],"product_tag":[],"class_list":{"0":"post-3973","1":"product","2":"type-product","3":"status-publish","4":"has-post-thumbnail","6":"product_cat-uncategorized","8":"first","9":"instock","10":"sale","11":"taxable","12":"shipping-taxable","13":"purchasable","14":"product-type-simple"},"acf":[],"_links":{"self":[{"href":"https:\/\/non-stopshop.eu\/cz\/wp-json\/wp\/v2\/product\/3973","targetHints":{"allow":["GET"]}}],"collection":[{"href":"https:\/\/non-stopshop.eu\/cz\/wp-json\/wp\/v2\/product"}],"about":[{"href":"https:\/\/non-stopshop.eu\/cz\/wp-json\/wp\/v2\/types\/product"}],"replies":[{"embeddable":true,"href":"https:\/\/non-stopshop.eu\/cz\/wp-json\/wp\/v2\/comments?post=3973"}],"wp:featuredmedia":[{"embeddable":true,"href":"https:\/\/non-stopshop.eu\/cz\/wp-json\/wp\/v2\/media\/3972"}],"wp:attachment":[{"href":"https:\/\/non-stopshop.eu\/cz\/wp-json\/wp\/v2\/media?parent=3973"}],"wp:term":[{"taxonomy":"product_brand","embeddable":true,"href":"https:\/\/non-stopshop.eu\/cz\/wp-json\/wp\/v2\/product_brand?post=3973"},{"taxonomy":"product_cat","embeddable":true,"href":"https:\/\/non-stopshop.eu\/cz\/wp-json\/wp\/v2\/product_cat?post=3973"},{"taxonomy":"product_tag","embeddable":true,"href":"https:\/\/non-stopshop.eu\/cz\/wp-json\/wp\/v2\/product_tag?post=3973"}],"curies":[{"name":"wp","href":"https:\/\/api.w.org\/{rel}","templated":true}]}}