{"id":4275,"date":"2022-03-30T14:51:36","date_gmt":"2022-03-30T12:51:36","guid":{"rendered":"https:\/\/non-stopshop.eu\/cz\/?post_type=product&#038;p=4275"},"modified":"2022-03-31T15:10:42","modified_gmt":"2022-03-31T13:10:42","slug":"profesionalni-elektricke-naradi-pro-gravirovani-vrtani-a-lesteni","status":"publish","type":"product","link":"https:\/\/non-stopshop.eu\/cz\/produkt\/profesionalni-elektricke-naradi-pro-gravirovani-vrtani-a-lesteni\/","title":{"rendered":"Profesion\u00e1ln\u00ed elektrick\u00e9 n\u00e1\u0159ad\u00ed pro grav\u00edrov\u00e1n\u00ed, vrt\u00e1n\u00ed a le\u0161t\u011bn\u00ed"},"content":{"rendered":"","protected":false},"excerpt":{"rendered":"<p style=\"text-align: left;\" align=\"center\"><span style=\"font-family: Times New Roman, serif;\"><span style=\"font-size: large;\"><span lang=\"cs-CZ\">S\u00a0t\u00edmto praktick\u00fdm a multifunk\u010dn\u00edm elektrick\u00fdm za\u0159\u00edzen\u00edm m\u016f\u017eete vrtat, vy\u0159ez\u00e1vat, le\u0161tit nebo grav\u00edrovat.<\/span><\/span><\/span><\/p>\n","protected":false},"featured_media":4282,"comment_status":"open","ping_status":"closed","template":"","meta":{"inline_featured_image":false},"product_brand":[],"product_cat":[15],"product_tag":[],"class_list":{"0":"post-4275","1":"product","2":"type-product","3":"status-publish","4":"has-post-thumbnail","6":"product_cat-uncategorized","8":"first","9":"instock","10":"sale","11":"taxable","12":"shipping-taxable","13":"purchasable","14":"product-type-simple"},"acf":[],"_links":{"self":[{"href":"https:\/\/non-stopshop.eu\/cz\/wp-json\/wp\/v2\/product\/4275","targetHints":{"allow":["GET"]}}],"collection":[{"href":"https:\/\/non-stopshop.eu\/cz\/wp-json\/wp\/v2\/product"}],"about":[{"href":"https:\/\/non-stopshop.eu\/cz\/wp-json\/wp\/v2\/types\/product"}],"replies":[{"embeddable":true,"href":"https:\/\/non-stopshop.eu\/cz\/wp-json\/wp\/v2\/comments?post=4275"}],"wp:featuredmedia":[{"embeddable":true,"href":"https:\/\/non-stopshop.eu\/cz\/wp-json\/wp\/v2\/media\/4282"}],"wp:attachment":[{"href":"https:\/\/non-stopshop.eu\/cz\/wp-json\/wp\/v2\/media?parent=4275"}],"wp:term":[{"taxonomy":"product_brand","embeddable":true,"href":"https:\/\/non-stopshop.eu\/cz\/wp-json\/wp\/v2\/product_brand?post=4275"},{"taxonomy":"product_cat","embeddable":true,"href":"https:\/\/non-stopshop.eu\/cz\/wp-json\/wp\/v2\/product_cat?post=4275"},{"taxonomy":"product_tag","embeddable":true,"href":"https:\/\/non-stopshop.eu\/cz\/wp-json\/wp\/v2\/product_tag?post=4275"}],"curies":[{"name":"wp","href":"https:\/\/api.w.org\/{rel}","templated":true}]}}