{"id":4312,"date":"2022-04-01T14:31:08","date_gmt":"2022-04-01T12:31:08","guid":{"rendered":"https:\/\/non-stopshop.eu\/cz\/?post_type=product&#038;p=4312"},"modified":"2023-01-10T12:39:03","modified_gmt":"2023-01-10T11:39:03","slug":"22-zdarma-mazaci-jehla-spoint","status":"publish","type":"product","link":"https:\/\/non-stopshop.eu\/cz\/produkt\/22-zdarma-mazaci-jehla-spoint\/","title":{"rendered":"2+2 ZDARMA Mazac\u00ed jehla -Spoint"},"content":{"rendered":"","protected":false},"excerpt":{"rendered":"<p>\u0160pi\u010dka t\u00e9to jehly umo\u017e\u0148uje vst\u0159ikovat tuk do t\u011bsn\u00fdch prostor. Ud\u011blejte svou pr\u00e1ci efektivn\u011bj\u0161\u00ed a spolehliv\u011bj\u0161\u00ed!<\/p>\n","protected":false},"featured_media":4319,"comment_status":"closed","ping_status":"closed","template":"","meta":{"inline_featured_image":false},"product_brand":[],"product_cat":[15,27,24],"product_tag":[],"class_list":{"0":"post-4312","1":"product","2":"type-product","3":"status-publish","4":"has-post-thumbnail","6":"product_cat-uncategorized","7":"product_cat-home","8":"product_cat-sale","10":"first","11":"instock","12":"sale","13":"taxable","14":"shipping-taxable","15":"purchasable","16":"product-type-simple"},"acf":[],"_links":{"self":[{"href":"https:\/\/non-stopshop.eu\/cz\/wp-json\/wp\/v2\/product\/4312","targetHints":{"allow":["GET"]}}],"collection":[{"href":"https:\/\/non-stopshop.eu\/cz\/wp-json\/wp\/v2\/product"}],"about":[{"href":"https:\/\/non-stopshop.eu\/cz\/wp-json\/wp\/v2\/types\/product"}],"replies":[{"embeddable":true,"href":"https:\/\/non-stopshop.eu\/cz\/wp-json\/wp\/v2\/comments?post=4312"}],"wp:featuredmedia":[{"embeddable":true,"href":"https:\/\/non-stopshop.eu\/cz\/wp-json\/wp\/v2\/media\/4319"}],"wp:attachment":[{"href":"https:\/\/non-stopshop.eu\/cz\/wp-json\/wp\/v2\/media?parent=4312"}],"wp:term":[{"taxonomy":"product_brand","embeddable":true,"href":"https:\/\/non-stopshop.eu\/cz\/wp-json\/wp\/v2\/product_brand?post=4312"},{"taxonomy":"product_cat","embeddable":true,"href":"https:\/\/non-stopshop.eu\/cz\/wp-json\/wp\/v2\/product_cat?post=4312"},{"taxonomy":"product_tag","embeddable":true,"href":"https:\/\/non-stopshop.eu\/cz\/wp-json\/wp\/v2\/product_tag?post=4312"}],"curies":[{"name":"wp","href":"https:\/\/api.w.org\/{rel}","templated":true}]}}