{"id":4348,"date":"2022-04-07T08:58:53","date_gmt":"2022-04-07T06:58:53","guid":{"rendered":"https:\/\/non-stopshop.eu\/cz\/?post_type=product&#038;p=4348"},"modified":"2023-01-10T12:02:52","modified_gmt":"2023-01-10T11:02:52","slug":"11-zdarma-samolepici-rasy-pro-vicenasobne-pouziti-reuselash","status":"publish","type":"product","link":"https:\/\/non-stopshop.eu\/cz\/produkt\/11-zdarma-samolepici-rasy-pro-vicenasobne-pouziti-reuselash\/","title":{"rendered":"1+1 ZDARMA Samolep\u00edc\u00ed \u0159asy pro v\u00edcen\u00e1sobn\u00e9 pou\u017eit\u00ed &#8211; Reuselash"},"content":{"rendered":"","protected":false},"excerpt":{"rendered":"<p>Vyzkou\u0161ejte na\u0161e samolep\u00edc\u00ed \u0159asy pro v\u00edcen\u00e1sobn\u00e9 pou\u017eit\u00ed, kter\u00e9 se snadno a rychle aplikuj\u00ed, v\u00fdrazn\u011b zjednodu\u0161uj\u00ed proces l\u00ed\u010den\u00ed. Jsou p\u0159irozen\u00e9, jako va\u0161e vlastn\u00ed \u0159asy a lze jej znovu pou\u017e\u00edvat.<\/p>\n","protected":false},"featured_media":4021,"comment_status":"closed","ping_status":"closed","template":"","meta":{"inline_featured_image":false},"product_brand":[],"product_cat":[15,28,24],"product_tag":[],"class_list":{"0":"post-4348","1":"product","2":"type-product","3":"status-publish","4":"has-post-thumbnail","6":"product_cat-uncategorized","7":"product_cat-beauty","8":"product_cat-sale","10":"first","11":"instock","12":"sale","13":"taxable","14":"shipping-taxable","15":"purchasable","16":"product-type-simple"},"acf":[],"_links":{"self":[{"href":"https:\/\/non-stopshop.eu\/cz\/wp-json\/wp\/v2\/product\/4348","targetHints":{"allow":["GET"]}}],"collection":[{"href":"https:\/\/non-stopshop.eu\/cz\/wp-json\/wp\/v2\/product"}],"about":[{"href":"https:\/\/non-stopshop.eu\/cz\/wp-json\/wp\/v2\/types\/product"}],"replies":[{"embeddable":true,"href":"https:\/\/non-stopshop.eu\/cz\/wp-json\/wp\/v2\/comments?post=4348"}],"wp:featuredmedia":[{"embeddable":true,"href":"https:\/\/non-stopshop.eu\/cz\/wp-json\/wp\/v2\/media\/4021"}],"wp:attachment":[{"href":"https:\/\/non-stopshop.eu\/cz\/wp-json\/wp\/v2\/media?parent=4348"}],"wp:term":[{"taxonomy":"product_brand","embeddable":true,"href":"https:\/\/non-stopshop.eu\/cz\/wp-json\/wp\/v2\/product_brand?post=4348"},{"taxonomy":"product_cat","embeddable":true,"href":"https:\/\/non-stopshop.eu\/cz\/wp-json\/wp\/v2\/product_cat?post=4348"},{"taxonomy":"product_tag","embeddable":true,"href":"https:\/\/non-stopshop.eu\/cz\/wp-json\/wp\/v2\/product_tag?post=4348"}],"curies":[{"name":"wp","href":"https:\/\/api.w.org\/{rel}","templated":true}]}}