{"id":4410,"date":"2022-04-12T16:35:12","date_gmt":"2022-04-12T14:35:12","guid":{"rendered":"https:\/\/non-stopshop.eu\/cz\/?post_type=product&#038;p=4410"},"modified":"2023-12-18T09:07:33","modified_gmt":"2023-12-18T08:07:33","slug":"montessori-ticha-knizka-pro-deti-2","status":"publish","type":"product","link":"https:\/\/non-stopshop.eu\/cz\/produkt\/montessori-ticha-knizka-pro-deti-2\/","title":{"rendered":"Montessori tich\u00e1 kn\u00ed\u017eka pro d\u011bti"},"content":{"rendered":"<p>Knihy podle Montessori principu pro rozvoj d\u011bt\u00ed, jejich dovednost\u00ed, smysl\u016f a p\u0159edstavivosti pot\u011b\u0161\u00ed ka\u017ed\u00e9 d\u00edt\u011b a usnadn\u00ed mu u\u010den\u00ed hrou.<\/p>\n","protected":false},"excerpt":{"rendered":"<p>Knihy podle Montessori principu pro rozvoj d\u011bt\u00ed, jejich dovednost\u00ed, smysl\u016f a p\u0159edstavivosti pot\u011b\u0161\u00ed ka\u017ed\u00e9 d\u00edt\u011b a usnadn\u00ed mu u\u010den\u00ed hrou.<\/p>\n","protected":false},"featured_media":4422,"comment_status":"closed","ping_status":"closed","template":"","meta":{"inline_featured_image":false},"product_brand":[],"product_cat":[15,36,35],"product_tag":[],"class_list":{"0":"post-4410","1":"product","2":"type-product","3":"status-publish","4":"has-post-thumbnail","6":"product_cat-uncategorized","7":"product_cat-seasonal-discounts","8":"product_cat-fun","10":"first","11":"instock","12":"sale","13":"taxable","14":"shipping-taxable","15":"purchasable","16":"product-type-variable"},"acf":[],"_links":{"self":[{"href":"https:\/\/non-stopshop.eu\/cz\/wp-json\/wp\/v2\/product\/4410","targetHints":{"allow":["GET"]}}],"collection":[{"href":"https:\/\/non-stopshop.eu\/cz\/wp-json\/wp\/v2\/product"}],"about":[{"href":"https:\/\/non-stopshop.eu\/cz\/wp-json\/wp\/v2\/types\/product"}],"replies":[{"embeddable":true,"href":"https:\/\/non-stopshop.eu\/cz\/wp-json\/wp\/v2\/comments?post=4410"}],"wp:featuredmedia":[{"embeddable":true,"href":"https:\/\/non-stopshop.eu\/cz\/wp-json\/wp\/v2\/media\/4422"}],"wp:attachment":[{"href":"https:\/\/non-stopshop.eu\/cz\/wp-json\/wp\/v2\/media?parent=4410"}],"wp:term":[{"taxonomy":"product_brand","embeddable":true,"href":"https:\/\/non-stopshop.eu\/cz\/wp-json\/wp\/v2\/product_brand?post=4410"},{"taxonomy":"product_cat","embeddable":true,"href":"https:\/\/non-stopshop.eu\/cz\/wp-json\/wp\/v2\/product_cat?post=4410"},{"taxonomy":"product_tag","embeddable":true,"href":"https:\/\/non-stopshop.eu\/cz\/wp-json\/wp\/v2\/product_tag?post=4410"}],"curies":[{"name":"wp","href":"https:\/\/api.w.org\/{rel}","templated":true}]}}