{"id":4618,"date":"2022-04-29T17:14:38","date_gmt":"2022-04-29T15:14:38","guid":{"rendered":"https:\/\/non-stopshop.eu\/cz\/?post_type=product&#038;p=4618"},"modified":"2023-04-28T13:52:46","modified_gmt":"2023-04-28T11:52:46","slug":"sada-na-rucni-opravu-nabytku-2","status":"publish","type":"product","link":"https:\/\/non-stopshop.eu\/cz\/produkt\/sada-na-rucni-opravu-nabytku-2\/","title":{"rendered":"Sada na ru\u010dn\u00ed opravu n\u00e1bytku"},"content":{"rendered":"","protected":false},"excerpt":{"rendered":"<p>Opravte drobn\u00e9 \u0161kr\u00e1bance na v\u0161ech typech podlah nebo jin\u00e9ho n\u00e1bytku a d\u0159ev\u011bn\u00fdch povrch\u016f. Ide\u00e1ln\u00ed na parkety, lamin\u00e1ty, pracovn\u00ed desky nebo n\u00e1bytek a d\u0159evo.<\/p>\n","protected":false},"featured_media":4619,"comment_status":"closed","ping_status":"closed","template":"","meta":{"inline_featured_image":false},"product_brand":[],"product_cat":[15,27,36],"product_tag":[],"class_list":{"0":"post-4618","1":"product","2":"type-product","3":"status-publish","4":"has-post-thumbnail","6":"product_cat-uncategorized","7":"product_cat-home","8":"product_cat-seasonal-discounts","10":"first","11":"instock","12":"sale","13":"taxable","14":"shipping-taxable","15":"purchasable","16":"product-type-simple"},"acf":[],"_links":{"self":[{"href":"https:\/\/non-stopshop.eu\/cz\/wp-json\/wp\/v2\/product\/4618","targetHints":{"allow":["GET"]}}],"collection":[{"href":"https:\/\/non-stopshop.eu\/cz\/wp-json\/wp\/v2\/product"}],"about":[{"href":"https:\/\/non-stopshop.eu\/cz\/wp-json\/wp\/v2\/types\/product"}],"replies":[{"embeddable":true,"href":"https:\/\/non-stopshop.eu\/cz\/wp-json\/wp\/v2\/comments?post=4618"}],"wp:featuredmedia":[{"embeddable":true,"href":"https:\/\/non-stopshop.eu\/cz\/wp-json\/wp\/v2\/media\/4619"}],"wp:attachment":[{"href":"https:\/\/non-stopshop.eu\/cz\/wp-json\/wp\/v2\/media?parent=4618"}],"wp:term":[{"taxonomy":"product_brand","embeddable":true,"href":"https:\/\/non-stopshop.eu\/cz\/wp-json\/wp\/v2\/product_brand?post=4618"},{"taxonomy":"product_cat","embeddable":true,"href":"https:\/\/non-stopshop.eu\/cz\/wp-json\/wp\/v2\/product_cat?post=4618"},{"taxonomy":"product_tag","embeddable":true,"href":"https:\/\/non-stopshop.eu\/cz\/wp-json\/wp\/v2\/product_tag?post=4618"}],"curies":[{"name":"wp","href":"https:\/\/api.w.org\/{rel}","templated":true}]}}