{"id":4759,"date":"2022-05-09T12:32:58","date_gmt":"2022-05-09T10:32:58","guid":{"rendered":"https:\/\/non-stopshop.eu\/cz\/?post_type=product&#038;p=4759"},"modified":"2022-05-20T15:02:25","modified_gmt":"2022-05-20T13:02:25","slug":"vykonna-rucni-svitilna","status":"publish","type":"product","link":"https:\/\/non-stopshop.eu\/cz\/produkt\/vykonna-rucni-svitilna\/","title":{"rendered":"V\u00fdkonn\u00e1 ru\u010dn\u00ed sv\u00edtilna"},"content":{"rendered":"","protected":false},"excerpt":{"rendered":"<p style=\"text-align: left;\" align=\"center\">Ru\u010dn\u00ed multifunk\u010dn\u00ed sv\u00edtilna v\u00fdjime\u010dn\u00e9ho v\u00fdkonu, vybaven\u00e1 funkc\u00ed blesku je velmi \u00fa\u010dinn\u00e1 a odoln\u00e1.<\/p>\n","protected":false},"featured_media":4764,"comment_status":"open","ping_status":"closed","template":"","meta":{"inline_featured_image":false},"product_brand":[],"product_cat":[15],"product_tag":[],"class_list":{"0":"post-4759","1":"product","2":"type-product","3":"status-publish","4":"has-post-thumbnail","6":"product_cat-uncategorized","8":"first","9":"instock","10":"sale","11":"taxable","12":"shipping-taxable","13":"purchasable","14":"product-type-simple"},"acf":[],"_links":{"self":[{"href":"https:\/\/non-stopshop.eu\/cz\/wp-json\/wp\/v2\/product\/4759","targetHints":{"allow":["GET"]}}],"collection":[{"href":"https:\/\/non-stopshop.eu\/cz\/wp-json\/wp\/v2\/product"}],"about":[{"href":"https:\/\/non-stopshop.eu\/cz\/wp-json\/wp\/v2\/types\/product"}],"replies":[{"embeddable":true,"href":"https:\/\/non-stopshop.eu\/cz\/wp-json\/wp\/v2\/comments?post=4759"}],"wp:featuredmedia":[{"embeddable":true,"href":"https:\/\/non-stopshop.eu\/cz\/wp-json\/wp\/v2\/media\/4764"}],"wp:attachment":[{"href":"https:\/\/non-stopshop.eu\/cz\/wp-json\/wp\/v2\/media?parent=4759"}],"wp:term":[{"taxonomy":"product_brand","embeddable":true,"href":"https:\/\/non-stopshop.eu\/cz\/wp-json\/wp\/v2\/product_brand?post=4759"},{"taxonomy":"product_cat","embeddable":true,"href":"https:\/\/non-stopshop.eu\/cz\/wp-json\/wp\/v2\/product_cat?post=4759"},{"taxonomy":"product_tag","embeddable":true,"href":"https:\/\/non-stopshop.eu\/cz\/wp-json\/wp\/v2\/product_tag?post=4759"}],"curies":[{"name":"wp","href":"https:\/\/api.w.org\/{rel}","templated":true}]}}