{"id":5191,"date":"2021-05-31T14:34:22","date_gmt":"2021-05-31T12:34:22","guid":{"rendered":"https:\/\/non-stopshop.eu\/cz\/?post_type=product&#038;p=5191"},"modified":"2022-06-07T13:35:12","modified_gmt":"2022-06-07T11:35:12","slug":"gel-na-cisteni-a-beleni-obuvi","status":"publish","type":"product","link":"https:\/\/non-stopshop.eu\/cz\/produkt\/gel-na-cisteni-a-beleni-obuvi\/","title":{"rendered":"Gel na \u010di\u0161t\u011bn\u00ed a b\u011blen\u00ed obuvi"},"content":{"rendered":"","protected":false},"excerpt":{"rendered":"<p>Odstra\u0148te \u0161p\u00ednu a \u017elut\u00e9 skvrny z\u00a0st\u00e1n\u00ed s\u00a0t\u00edmto fenomen\u00e1ln\u00edm b\u011bl\u00edc\u00edm a \u010distic\u00edm gelem!<\/p>\n<p>&nbsp;<\/p>\n","protected":false},"featured_media":5195,"comment_status":"open","ping_status":"closed","template":"","meta":{"inline_featured_image":false},"product_brand":[],"product_cat":[15],"product_tag":[],"class_list":{"0":"post-5191","1":"product","2":"type-product","3":"status-publish","4":"has-post-thumbnail","6":"product_cat-uncategorized","8":"first","9":"instock","10":"sale","11":"taxable","12":"shipping-taxable","13":"purchasable","14":"product-type-simple"},"acf":[],"_links":{"self":[{"href":"https:\/\/non-stopshop.eu\/cz\/wp-json\/wp\/v2\/product\/5191","targetHints":{"allow":["GET"]}}],"collection":[{"href":"https:\/\/non-stopshop.eu\/cz\/wp-json\/wp\/v2\/product"}],"about":[{"href":"https:\/\/non-stopshop.eu\/cz\/wp-json\/wp\/v2\/types\/product"}],"replies":[{"embeddable":true,"href":"https:\/\/non-stopshop.eu\/cz\/wp-json\/wp\/v2\/comments?post=5191"}],"wp:featuredmedia":[{"embeddable":true,"href":"https:\/\/non-stopshop.eu\/cz\/wp-json\/wp\/v2\/media\/5195"}],"wp:attachment":[{"href":"https:\/\/non-stopshop.eu\/cz\/wp-json\/wp\/v2\/media?parent=5191"}],"wp:term":[{"taxonomy":"product_brand","embeddable":true,"href":"https:\/\/non-stopshop.eu\/cz\/wp-json\/wp\/v2\/product_brand?post=5191"},{"taxonomy":"product_cat","embeddable":true,"href":"https:\/\/non-stopshop.eu\/cz\/wp-json\/wp\/v2\/product_cat?post=5191"},{"taxonomy":"product_tag","embeddable":true,"href":"https:\/\/non-stopshop.eu\/cz\/wp-json\/wp\/v2\/product_tag?post=5191"}],"curies":[{"name":"wp","href":"https:\/\/api.w.org\/{rel}","templated":true}]}}