{"id":5198,"date":"2021-05-31T15:19:51","date_gmt":"2021-05-31T13:19:51","guid":{"rendered":"https:\/\/non-stopshop.eu\/cz\/?post_type=product&#038;p=5198"},"modified":"2022-06-07T13:36:48","modified_gmt":"2022-06-07T11:36:48","slug":"nastroj-na-cisteni-skla","status":"publish","type":"product","link":"https:\/\/non-stopshop.eu\/cz\/produkt\/nastroj-na-cisteni-skla\/","title":{"rendered":"N\u00e1stroj na \u010di\u0161t\u011bn\u00ed skla"},"content":{"rendered":"","protected":false},"excerpt":{"rendered":"<p>D\u016fkladn\u011b opl\u00e1chn\u011bte v\u0161echny zbytky b\u011bhem jedn\u00e9 vte\u0159iny!<\/p>\n<p>&nbsp;<\/p>\n","protected":false},"featured_media":5205,"comment_status":"open","ping_status":"closed","template":"","meta":{"inline_featured_image":false},"product_brand":[],"product_cat":[15],"product_tag":[],"class_list":{"0":"post-5198","1":"product","2":"type-product","3":"status-publish","4":"has-post-thumbnail","6":"product_cat-uncategorized","8":"first","9":"instock","10":"sale","11":"taxable","12":"shipping-taxable","13":"purchasable","14":"product-type-simple"},"acf":[],"_links":{"self":[{"href":"https:\/\/non-stopshop.eu\/cz\/wp-json\/wp\/v2\/product\/5198","targetHints":{"allow":["GET"]}}],"collection":[{"href":"https:\/\/non-stopshop.eu\/cz\/wp-json\/wp\/v2\/product"}],"about":[{"href":"https:\/\/non-stopshop.eu\/cz\/wp-json\/wp\/v2\/types\/product"}],"replies":[{"embeddable":true,"href":"https:\/\/non-stopshop.eu\/cz\/wp-json\/wp\/v2\/comments?post=5198"}],"wp:featuredmedia":[{"embeddable":true,"href":"https:\/\/non-stopshop.eu\/cz\/wp-json\/wp\/v2\/media\/5205"}],"wp:attachment":[{"href":"https:\/\/non-stopshop.eu\/cz\/wp-json\/wp\/v2\/media?parent=5198"}],"wp:term":[{"taxonomy":"product_brand","embeddable":true,"href":"https:\/\/non-stopshop.eu\/cz\/wp-json\/wp\/v2\/product_brand?post=5198"},{"taxonomy":"product_cat","embeddable":true,"href":"https:\/\/non-stopshop.eu\/cz\/wp-json\/wp\/v2\/product_cat?post=5198"},{"taxonomy":"product_tag","embeddable":true,"href":"https:\/\/non-stopshop.eu\/cz\/wp-json\/wp\/v2\/product_tag?post=5198"}],"curies":[{"name":"wp","href":"https:\/\/api.w.org\/{rel}","templated":true}]}}