{"id":5334,"date":"2022-06-06T09:57:51","date_gmt":"2022-06-06T07:57:51","guid":{"rendered":"https:\/\/non-stopshop.eu\/cz\/?post_type=product&#038;p=5334"},"modified":"2022-06-07T17:42:24","modified_gmt":"2022-06-07T15:42:24","slug":"montessori-taska-pro-rozvoj-motoriky","status":"publish","type":"product","link":"https:\/\/non-stopshop.eu\/cz\/produkt\/montessori-taska-pro-rozvoj-motoriky\/","title":{"rendered":"Montessori ta\u0161ka pro rozvoj motoriky"},"content":{"rendered":"","protected":false},"excerpt":{"rendered":"<p>Montessori ta\u0161ka je ide\u00e1ln\u00ed pro rozvoj va\u0161ich nejmen\u0161\u00edch a zdokonalov\u00e1n\u00ed jejich dovednost\u00ed. Z\u00e1bavn\u00e1 a nau\u010dn\u00e1 ta\u0161ka pot\u011b\u0161\u00ed ka\u017ed\u00e9 d\u00edt\u011b a z\u00e1rove\u0148 polo\u017e\u00ed skv\u011bl\u00fd z\u00e1klad pro \u0159e\u0161en\u00ed \u00fakol\u016f!<\/p>\n<p>&nbsp;<\/p>\n","protected":false},"featured_media":5336,"comment_status":"open","ping_status":"closed","template":"","meta":{"inline_featured_image":false},"product_brand":[],"product_cat":[15],"product_tag":[],"class_list":{"0":"post-5334","1":"product","2":"type-product","3":"status-publish","4":"has-post-thumbnail","6":"product_cat-uncategorized","8":"first","9":"instock","10":"sale","11":"taxable","12":"shipping-taxable","13":"purchasable","14":"product-type-simple"},"acf":[],"_links":{"self":[{"href":"https:\/\/non-stopshop.eu\/cz\/wp-json\/wp\/v2\/product\/5334","targetHints":{"allow":["GET"]}}],"collection":[{"href":"https:\/\/non-stopshop.eu\/cz\/wp-json\/wp\/v2\/product"}],"about":[{"href":"https:\/\/non-stopshop.eu\/cz\/wp-json\/wp\/v2\/types\/product"}],"replies":[{"embeddable":true,"href":"https:\/\/non-stopshop.eu\/cz\/wp-json\/wp\/v2\/comments?post=5334"}],"wp:featuredmedia":[{"embeddable":true,"href":"https:\/\/non-stopshop.eu\/cz\/wp-json\/wp\/v2\/media\/5336"}],"wp:attachment":[{"href":"https:\/\/non-stopshop.eu\/cz\/wp-json\/wp\/v2\/media?parent=5334"}],"wp:term":[{"taxonomy":"product_brand","embeddable":true,"href":"https:\/\/non-stopshop.eu\/cz\/wp-json\/wp\/v2\/product_brand?post=5334"},{"taxonomy":"product_cat","embeddable":true,"href":"https:\/\/non-stopshop.eu\/cz\/wp-json\/wp\/v2\/product_cat?post=5334"},{"taxonomy":"product_tag","embeddable":true,"href":"https:\/\/non-stopshop.eu\/cz\/wp-json\/wp\/v2\/product_tag?post=5334"}],"curies":[{"name":"wp","href":"https:\/\/api.w.org\/{rel}","templated":true}]}}